{"id":1407,"date":"2020-12-23T09:56:18","date_gmt":"2020-12-23T07:56:18","guid":{"rendered":"http:\/\/dezinfa.lv\/?page_id=1407"},"modified":"2021-02-05T16:02:24","modified_gmt":"2021-02-05T14:02:24","slug":"edezinfa","status":"publish","type":"page","link":"https:\/\/dezinfa.lv\/ru\/edezinfa\/","title":{"rendered":"\u0423\u0421\u041b\u0423\u0413\u0418"},"content":{"rendered":"<h2>\u0422\u0435\u0445\u043d\u0438\u0447\u0435\u0441\u043a\u0430\u044f \u043f\u043e\u0434\u0434\u0435\u0440\u0436\u043a\u0430<\/h2>\n<p>\u0417\u0430 \u0434\u043e\u043b\u0433\u0438\u0435 \u0433\u043e\u0434\u044b \u0441\u0432\u043e\u0435\u0439 \u0434\u0435\u044f\u0442\u0435\u043b\u044c\u043d\u043e\u0441\u0442\u0438 \u0444\u0438\u0440\u043c\u0430 Dezinfa \u043f\u0440\u0438\u043e\u0431\u0440\u0435\u043b\u0430 \u0448\u0438\u0440\u043e\u043a\u0438\u0439 \u0441\u043f\u0435\u043a\u0442\u0440 \u0437\u043d\u0430\u043d\u0438\u0439 \u043e\u0431 \u043e\u0431\u0440\u0430\u0437\u0435 \u0436\u0438\u0437\u043d\u0438, \u043f\u0440\u0438\u0432\u044b\u0447\u043a\u0430\u0445, \u043f\u043e\u0432\u0430\u0434\u043a\u0430\u0445, \u0441\u043b\u0430\u0431\u044b\u0445 \u043c\u0435\u0441\u0442\u0430\u0445 \u043a\u0430\u0436\u0434\u043e\u0433\u043e \u0432\u0438\u0434\u0430 \u0432\u0440\u0435\u0434\u0438\u0442\u0435\u043b\u0435\u0439, \u043a\u043e\u0442\u043e\u0440\u044b\u0435 \u043c\u043e\u0433\u0443\u0442 \u043f\u043e\u0432\u043b\u0438\u044f\u0442\u044c \u043d\u0430 \u0432\u0430\u0448 \u0431\u0438\u0437\u043d\u0435\u0441. \u041d\u0430\u0448\u0430 \u043a\u043e\u043c\u0430\u043d\u0434\u0430 \u043f\u0440\u043e\u0444\u0435\u0441\u0441\u0438\u043e\u043d\u0430\u043b\u043e\u0432 \u2013 \u044d\u0442\u043e \u043b\u0443\u0447\u0448\u0438\u0439 \u0432\u0430\u0440\u0438\u0430\u043d\u0442 \u0440\u0435\u0448\u0435\u043d\u0438\u044f \u0432\u0441\u0435\u0445 \u043f\u0440\u043e\u0431\u043b\u0435\u043c. \u041c\u044b \u043f\u0440\u0435\u0434\u043b\u0430\u0433\u0430\u0435\u043c \u0432\u044b\u0441\u043e\u043a\u043e\u043a\u0432\u0430\u043b\u0438\u0444\u0438\u0446\u0438\u0440\u043e\u0432\u0430\u043d\u043d\u044b\u0435 \u0443\u0441\u043b\u0443\u0433\u0438, \u0438\u043d\u0444\u043e\u0440\u043c\u0430\u0446\u0438\u043e\u043d\u043d\u0443\u044e \u043f\u043e\u0434\u0434\u0435\u0440\u0436\u043a\u0443, \u0440\u0435\u0437\u0443\u043b\u044c\u0442\u0430\u0442\u0438\u0432\u043d\u044b\u0435 \u0441\u0440\u0435\u0434\u0441\u0442\u0432\u0430, \u044d\u0444\u0444\u0435\u043a\u0442\u0438\u0432\u043d\u044b\u0435 \u043c\u0435\u0442\u043e\u0434\u044b \u0443\u043d\u0438\u0447\u0442\u043e\u0436\u0435\u043d\u0438\u044f \u0432\u0440\u0435\u0434\u0438\u0442\u0435\u043b\u0435\u0439, \u043a\u043e\u0442\u043e\u0440\u044b\u0435 \u043e\u0441\u0432\u043e\u0431\u043e\u0434\u044f\u0442 \u0432\u0430\u0441 \u043e\u0442 \u043f\u0440\u043e\u0431\u043b\u0435\u043c, \u0441\u0432\u044f\u0437\u0430\u043d\u043d\u044b\u0445 \u0441 \u043d\u0438\u043c\u0438.<\/p>\n<p>&nbsp;<\/p>\n","protected":false},"excerpt":{"rendered":"<p>\u0422\u0435\u0445\u043d\u0438\u0447\u0435\u0441\u043a\u0430\u044f \u043f\u043e\u0434\u0434\u0435\u0440\u0436\u043a\u0430 \u0417\u0430 \u0434\u043e\u043b\u0433\u0438\u0435 \u0433\u043e\u0434\u044b \u0441\u0432\u043e\u0435\u0439 \u0434\u0435\u044f\u0442\u0435\u043b\u044c\u043d\u043e\u0441\u0442\u0438 \u0444\u0438\u0440\u043c\u0430 Dezinfa \u043f\u0440\u0438\u043e\u0431\u0440\u0435\u043b\u0430 \u0448\u0438\u0440\u043e\u043a\u0438\u0439 \u0441\u043f\u0435\u043a\u0442\u0440 \u0437\u043d\u0430\u043d\u0438\u0439 \u043e\u0431 \u043e\u0431\u0440\u0430\u0437\u0435 \u0436\u0438\u0437\u043d\u0438, \u043f\u0440\u0438\u0432\u044b\u0447\u043a\u0430\u0445, \u043f\u043e\u0432\u0430\u0434\u043a\u0430\u0445, \u0441\u043b\u0430\u0431\u044b\u0445 \u043c\u0435\u0441\u0442\u0430\u0445 \u043a\u0430\u0436\u0434\u043e\u0433\u043e \u0432\u0438\u0434\u0430 \u0432\u0440\u0435\u0434\u0438\u0442\u0435\u043b\u0435\u0439, \u043a\u043e\u0442\u043e\u0440\u044b\u0435 \u043c\u043e\u0433\u0443\u0442 \u043f\u043e\u0432\u043b\u0438\u044f\u0442\u044c \u043d\u0430 \u0432\u0430\u0448 \u0431\u0438\u0437\u043d\u0435\u0441. \u041d\u0430\u0448\u0430 \u043a\u043e\u043c\u0430\u043d\u0434\u0430 \u043f\u0440\u043e\u0444\u0435\u0441\u0441\u0438\u043e\u043d\u0430\u043b\u043e\u0432 \u2013 \u044d\u0442\u043e \u043b\u0443\u0447\u0448\u0438\u0439 \u0432\u0430\u0440\u0438\u0430\u043d\u0442 \u0440\u0435\u0448\u0435\u043d\u0438\u044f \u0432\u0441\u0435\u0445 \u043f\u0440\u043e\u0431\u043b\u0435\u043c. \u041c\u044b \u043f\u0440\u0435\u0434\u043b\u0430\u0433\u0430\u0435\u043c \u0432\u044b\u0441\u043e\u043a\u043e\u043a\u0432\u0430\u043b\u0438\u0444\u0438\u0446\u0438\u0440\u043e\u0432\u0430\u043d\u043d\u044b\u0435 \u0443\u0441\u043b\u0443\u0433\u0438, \u0438\u043d\u0444\u043e\u0440\u043c\u0430\u0446\u0438\u043e\u043d\u043d\u0443\u044e \u043f\u043e\u0434\u0434\u0435\u0440\u0436\u043a\u0443, \u0440\u0435\u0437\u0443\u043b\u044c\u0442\u0430\u0442\u0438\u0432\u043d\u044b\u0435 \u0441\u0440\u0435\u0434\u0441\u0442\u0432\u0430, \u044d\u0444\u0444\u0435\u043a\u0442\u0438\u0432\u043d\u044b\u0435 \u043c\u0435\u0442\u043e\u0434\u044b \u0443\u043d\u0438\u0447\u0442\u043e\u0436\u0435\u043d\u0438\u044f \u0432\u0440\u0435\u0434\u0438\u0442\u0435\u043b\u0435\u0439, \u043a\u043e\u0442\u043e\u0440\u044b\u0435 \u043e\u0441\u0432\u043e\u0431\u043e\u0434\u044f\u0442 \u0432\u0430\u0441 \u043e\u0442 [&hellip;]<\/p>\n","protected":false},"author":5,"featured_media":698,"parent":0,"menu_order":0,"comment_status":"closed","ping_status":"closed","template":"template-edezinfa.php","meta":{"_acf_changed":false,"footnotes":""},"acf":[],"yoast_head":"<!-- This site is optimized with the Yoast SEO plugin v23.1 - https:\/\/yoast.com\/wordpress\/plugins\/seo\/ -->\n<title>\u0423\u0421\u041b\u0423\u0413\u0418 &#8211; Dezinfa<\/title>\n<meta name=\"robots\" content=\"index, follow, max-snippet:-1, max-image-preview:large, max-video-preview:-1\" \/>\n<link rel=\"canonical\" href=\"https:\/\/dezinfa.lv\/ru\/edezinfa\/\" \/>\n<meta property=\"og:locale\" content=\"ru_RU\" \/>\n<meta property=\"og:type\" content=\"article\" \/>\n<meta property=\"og:title\" content=\"\u0423\u0421\u041b\u0423\u0413\u0418 &#8211; Dezinfa\" \/>\n<meta property=\"og:description\" content=\"\u0422\u0435\u0445\u043d\u0438\u0447\u0435\u0441\u043a\u0430\u044f \u043f\u043e\u0434\u0434\u0435\u0440\u0436\u043a\u0430 \u0417\u0430 \u0434\u043e\u043b\u0433\u0438\u0435 \u0433\u043e\u0434\u044b \u0441\u0432\u043e\u0435\u0439 \u0434\u0435\u044f\u0442\u0435\u043b\u044c\u043d\u043e\u0441\u0442\u0438 \u0444\u0438\u0440\u043c\u0430 Dezinfa \u043f\u0440\u0438\u043e\u0431\u0440\u0435\u043b\u0430 \u0448\u0438\u0440\u043e\u043a\u0438\u0439 \u0441\u043f\u0435\u043a\u0442\u0440 \u0437\u043d\u0430\u043d\u0438\u0439 \u043e\u0431 \u043e\u0431\u0440\u0430\u0437\u0435 \u0436\u0438\u0437\u043d\u0438, \u043f\u0440\u0438\u0432\u044b\u0447\u043a\u0430\u0445, \u043f\u043e\u0432\u0430\u0434\u043a\u0430\u0445, \u0441\u043b\u0430\u0431\u044b\u0445 \u043c\u0435\u0441\u0442\u0430\u0445 \u043a\u0430\u0436\u0434\u043e\u0433\u043e \u0432\u0438\u0434\u0430 \u0432\u0440\u0435\u0434\u0438\u0442\u0435\u043b\u0435\u0439, \u043a\u043e\u0442\u043e\u0440\u044b\u0435 \u043c\u043e\u0433\u0443\u0442 \u043f\u043e\u0432\u043b\u0438\u044f\u0442\u044c \u043d\u0430 \u0432\u0430\u0448 \u0431\u0438\u0437\u043d\u0435\u0441. \u041d\u0430\u0448\u0430 \u043a\u043e\u043c\u0430\u043d\u0434\u0430 \u043f\u0440\u043e\u0444\u0435\u0441\u0441\u0438\u043e\u043d\u0430\u043b\u043e\u0432 \u2013 \u044d\u0442\u043e \u043b\u0443\u0447\u0448\u0438\u0439 \u0432\u0430\u0440\u0438\u0430\u043d\u0442 \u0440\u0435\u0448\u0435\u043d\u0438\u044f \u0432\u0441\u0435\u0445 \u043f\u0440\u043e\u0431\u043b\u0435\u043c. \u041c\u044b \u043f\u0440\u0435\u0434\u043b\u0430\u0433\u0430\u0435\u043c \u0432\u044b\u0441\u043e\u043a\u043e\u043a\u0432\u0430\u043b\u0438\u0444\u0438\u0446\u0438\u0440\u043e\u0432\u0430\u043d\u043d\u044b\u0435 \u0443\u0441\u043b\u0443\u0433\u0438, \u0438\u043d\u0444\u043e\u0440\u043c\u0430\u0446\u0438\u043e\u043d\u043d\u0443\u044e \u043f\u043e\u0434\u0434\u0435\u0440\u0436\u043a\u0443, \u0440\u0435\u0437\u0443\u043b\u044c\u0442\u0430\u0442\u0438\u0432\u043d\u044b\u0435 \u0441\u0440\u0435\u0434\u0441\u0442\u0432\u0430, \u044d\u0444\u0444\u0435\u043a\u0442\u0438\u0432\u043d\u044b\u0435 \u043c\u0435\u0442\u043e\u0434\u044b \u0443\u043d\u0438\u0447\u0442\u043e\u0436\u0435\u043d\u0438\u044f \u0432\u0440\u0435\u0434\u0438\u0442\u0435\u043b\u0435\u0439, \u043a\u043e\u0442\u043e\u0440\u044b\u0435 \u043e\u0441\u0432\u043e\u0431\u043e\u0434\u044f\u0442 \u0432\u0430\u0441 \u043e\u0442 [&hellip;]\" \/>\n<meta property=\"og:url\" content=\"https:\/\/dezinfa.lv\/edezinfa\/\" \/>\n<meta property=\"og:site_name\" content=\"Dezinfa\" \/>\n<meta property=\"article:modified_time\" content=\"2021-02-05T14:02:24+00:00\" \/>\n<meta property=\"og:image\" content=\"https:\/\/dezinfa.lv\/wp-content\/uploads\/2020\/12\/MG_9399-1-scaled.jpg\" \/>\n\t<meta property=\"og:image:width\" content=\"2560\" \/>\n\t<meta property=\"og:image:height\" content=\"1707\" \/>\n\t<meta property=\"og:image:type\" content=\"image\/jpeg\" \/>\n<meta name=\"twitter:card\" content=\"summary_large_image\" \/>\n<script type=\"application\/ld+json\" class=\"yoast-schema-graph\">{\"@context\":\"https:\/\/schema.org\",\"@graph\":[{\"@type\":\"WebPage\",\"@id\":\"https:\/\/dezinfa.lv\/edezinfa\/\",\"url\":\"https:\/\/dezinfa.lv\/edezinfa\/\",\"name\":\"\u0423\u0421\u041b\u0423\u0413\u0418 &#8211; Dezinfa\",\"isPartOf\":{\"@id\":\"https:\/\/dezinfa.lv\/#website\"},\"primaryImageOfPage\":{\"@id\":\"https:\/\/dezinfa.lv\/edezinfa\/#primaryimage\"},\"image\":{\"@id\":\"https:\/\/dezinfa.lv\/edezinfa\/#primaryimage\"},\"thumbnailUrl\":\"https:\/\/dezinfa.lv\/wp-content\/uploads\/2020\/12\/MG_9399-1-scaled.jpg\",\"datePublished\":\"2020-12-23T07:56:18+00:00\",\"dateModified\":\"2021-02-05T14:02:24+00:00\",\"inLanguage\":\"ru-RU\",\"potentialAction\":[{\"@type\":\"ReadAction\",\"target\":[\"https:\/\/dezinfa.lv\/edezinfa\/\"]}]},{\"@type\":\"ImageObject\",\"inLanguage\":\"ru-RU\",\"@id\":\"https:\/\/dezinfa.lv\/edezinfa\/#primaryimage\",\"url\":\"https:\/\/dezinfa.lv\/wp-content\/uploads\/2020\/12\/MG_9399-1-scaled.jpg\",\"contentUrl\":\"https:\/\/dezinfa.lv\/wp-content\/uploads\/2020\/12\/MG_9399-1-scaled.jpg\",\"width\":2560,\"height\":1707},{\"@type\":\"WebSite\",\"@id\":\"https:\/\/dezinfa.lv\/#website\",\"url\":\"https:\/\/dezinfa.lv\/\",\"name\":\"Dezinfa\",\"description\":\"Kait\u0113k\u013cu kontrole s\u0101kas ar mums\",\"potentialAction\":[{\"@type\":\"SearchAction\",\"target\":{\"@type\":\"EntryPoint\",\"urlTemplate\":\"https:\/\/dezinfa.lv\/?s={search_term_string}\"},\"query-input\":\"required name=search_term_string\"}],\"inLanguage\":\"ru-RU\"}]}<\/script>\n<!-- \/ Yoast SEO plugin. -->","yoast_head_json":{"title":"\u0423\u0421\u041b\u0423\u0413\u0418 &#8211; Dezinfa","robots":{"index":"index","follow":"follow","max-snippet":"max-snippet:-1","max-image-preview":"max-image-preview:large","max-video-preview":"max-video-preview:-1"},"canonical":"https:\/\/dezinfa.lv\/ru\/edezinfa\/","og_locale":"ru_RU","og_type":"article","og_title":"\u0423\u0421\u041b\u0423\u0413\u0418 &#8211; Dezinfa","og_description":"\u0422\u0435\u0445\u043d\u0438\u0447\u0435\u0441\u043a\u0430\u044f \u043f\u043e\u0434\u0434\u0435\u0440\u0436\u043a\u0430 \u0417\u0430 \u0434\u043e\u043b\u0433\u0438\u0435 \u0433\u043e\u0434\u044b \u0441\u0432\u043e\u0435\u0439 \u0434\u0435\u044f\u0442\u0435\u043b\u044c\u043d\u043e\u0441\u0442\u0438 \u0444\u0438\u0440\u043c\u0430 Dezinfa \u043f\u0440\u0438\u043e\u0431\u0440\u0435\u043b\u0430 \u0448\u0438\u0440\u043e\u043a\u0438\u0439 \u0441\u043f\u0435\u043a\u0442\u0440 \u0437\u043d\u0430\u043d\u0438\u0439 \u043e\u0431 \u043e\u0431\u0440\u0430\u0437\u0435 \u0436\u0438\u0437\u043d\u0438, \u043f\u0440\u0438\u0432\u044b\u0447\u043a\u0430\u0445, \u043f\u043e\u0432\u0430\u0434\u043a\u0430\u0445, \u0441\u043b\u0430\u0431\u044b\u0445 \u043c\u0435\u0441\u0442\u0430\u0445 \u043a\u0430\u0436\u0434\u043e\u0433\u043e \u0432\u0438\u0434\u0430 \u0432\u0440\u0435\u0434\u0438\u0442\u0435\u043b\u0435\u0439, \u043a\u043e\u0442\u043e\u0440\u044b\u0435 \u043c\u043e\u0433\u0443\u0442 \u043f\u043e\u0432\u043b\u0438\u044f\u0442\u044c \u043d\u0430 \u0432\u0430\u0448 \u0431\u0438\u0437\u043d\u0435\u0441. \u041d\u0430\u0448\u0430 \u043a\u043e\u043c\u0430\u043d\u0434\u0430 \u043f\u0440\u043e\u0444\u0435\u0441\u0441\u0438\u043e\u043d\u0430\u043b\u043e\u0432 \u2013 \u044d\u0442\u043e \u043b\u0443\u0447\u0448\u0438\u0439 \u0432\u0430\u0440\u0438\u0430\u043d\u0442 \u0440\u0435\u0448\u0435\u043d\u0438\u044f \u0432\u0441\u0435\u0445 \u043f\u0440\u043e\u0431\u043b\u0435\u043c. \u041c\u044b \u043f\u0440\u0435\u0434\u043b\u0430\u0433\u0430\u0435\u043c \u0432\u044b\u0441\u043e\u043a\u043e\u043a\u0432\u0430\u043b\u0438\u0444\u0438\u0446\u0438\u0440\u043e\u0432\u0430\u043d\u043d\u044b\u0435 \u0443\u0441\u043b\u0443\u0433\u0438, \u0438\u043d\u0444\u043e\u0440\u043c\u0430\u0446\u0438\u043e\u043d\u043d\u0443\u044e \u043f\u043e\u0434\u0434\u0435\u0440\u0436\u043a\u0443, \u0440\u0435\u0437\u0443\u043b\u044c\u0442\u0430\u0442\u0438\u0432\u043d\u044b\u0435 \u0441\u0440\u0435\u0434\u0441\u0442\u0432\u0430, \u044d\u0444\u0444\u0435\u043a\u0442\u0438\u0432\u043d\u044b\u0435 \u043c\u0435\u0442\u043e\u0434\u044b \u0443\u043d\u0438\u0447\u0442\u043e\u0436\u0435\u043d\u0438\u044f \u0432\u0440\u0435\u0434\u0438\u0442\u0435\u043b\u0435\u0439, \u043a\u043e\u0442\u043e\u0440\u044b\u0435 \u043e\u0441\u0432\u043e\u0431\u043e\u0434\u044f\u0442 \u0432\u0430\u0441 \u043e\u0442 [&hellip;]","og_url":"https:\/\/dezinfa.lv\/edezinfa\/","og_site_name":"Dezinfa","article_modified_time":"2021-02-05T14:02:24+00:00","og_image":[{"width":2560,"height":1707,"url":"https:\/\/dezinfa.lv\/wp-content\/uploads\/2020\/12\/MG_9399-1-scaled.jpg","type":"image\/jpeg"}],"twitter_card":"summary_large_image","schema":{"@context":"https:\/\/schema.org","@graph":[{"@type":"WebPage","@id":"https:\/\/dezinfa.lv\/edezinfa\/","url":"https:\/\/dezinfa.lv\/edezinfa\/","name":"\u0423\u0421\u041b\u0423\u0413\u0418 &#8211; Dezinfa","isPartOf":{"@id":"https:\/\/dezinfa.lv\/#website"},"primaryImageOfPage":{"@id":"https:\/\/dezinfa.lv\/edezinfa\/#primaryimage"},"image":{"@id":"https:\/\/dezinfa.lv\/edezinfa\/#primaryimage"},"thumbnailUrl":"https:\/\/dezinfa.lv\/wp-content\/uploads\/2020\/12\/MG_9399-1-scaled.jpg","datePublished":"2020-12-23T07:56:18+00:00","dateModified":"2021-02-05T14:02:24+00:00","inLanguage":"ru-RU","potentialAction":[{"@type":"ReadAction","target":["https:\/\/dezinfa.lv\/edezinfa\/"]}]},{"@type":"ImageObject","inLanguage":"ru-RU","@id":"https:\/\/dezinfa.lv\/edezinfa\/#primaryimage","url":"https:\/\/dezinfa.lv\/wp-content\/uploads\/2020\/12\/MG_9399-1-scaled.jpg","contentUrl":"https:\/\/dezinfa.lv\/wp-content\/uploads\/2020\/12\/MG_9399-1-scaled.jpg","width":2560,"height":1707},{"@type":"WebSite","@id":"https:\/\/dezinfa.lv\/#website","url":"https:\/\/dezinfa.lv\/","name":"Dezinfa","description":"Kait\u0113k\u013cu kontrole s\u0101kas ar mums","potentialAction":[{"@type":"SearchAction","target":{"@type":"EntryPoint","urlTemplate":"https:\/\/dezinfa.lv\/?s={search_term_string}"},"query-input":"required name=search_term_string"}],"inLanguage":"ru-RU"}]}},"_links":{"self":[{"href":"https:\/\/dezinfa.lv\/ru\/wp-json\/wp\/v2\/pages\/1407"}],"collection":[{"href":"https:\/\/dezinfa.lv\/ru\/wp-json\/wp\/v2\/pages"}],"about":[{"href":"https:\/\/dezinfa.lv\/ru\/wp-json\/wp\/v2\/types\/page"}],"author":[{"embeddable":true,"href":"https:\/\/dezinfa.lv\/ru\/wp-json\/wp\/v2\/users\/5"}],"replies":[{"embeddable":true,"href":"https:\/\/dezinfa.lv\/ru\/wp-json\/wp\/v2\/comments?post=1407"}],"version-history":[{"count":4,"href":"https:\/\/dezinfa.lv\/ru\/wp-json\/wp\/v2\/pages\/1407\/revisions"}],"predecessor-version":[{"id":2080,"href":"https:\/\/dezinfa.lv\/ru\/wp-json\/wp\/v2\/pages\/1407\/revisions\/2080"}],"wp:featuredmedia":[{"embeddable":true,"href":"https:\/\/dezinfa.lv\/ru\/wp-json\/wp\/v2\/media\/698"}],"wp:attachment":[{"href":"https:\/\/dezinfa.lv\/ru\/wp-json\/wp\/v2\/media?parent=1407"}],"curies":[{"name":"wp","href":"https:\/\/api.w.org\/{rel}","templated":true}]}}