{"id":5267,"date":"2025-08-26T13:25:07","date_gmt":"2025-08-26T11:25:07","guid":{"rendered":"https:\/\/dezinfa.lv\/?page_id=5267"},"modified":"2025-08-26T13:29:42","modified_gmt":"2025-08-26T11:29:42","slug":"%d0%ba%d0%be%d0%bd%d1%82%d0%b0%d0%ba%d1%82%d1%8b","status":"publish","type":"page","link":"https:\/\/dezinfa.lv\/ru\/%d0%ba%d0%be%d0%bd%d1%82%d0%b0%d0%ba%d1%82%d1%8b\/","title":{"rendered":"\u041a\u043e\u043d\u0442\u0430\u043a\u0442\u044b"},"content":{"rendered":"<div class=\"contact-page\">\n<div id=\"breadcrumbs\" class=\"path\"><span class=\"breadcrumb_last\" aria-current=\"page\"><strong>\u041a\u043e\u043d\u0442\u0430\u043a\u0442\u044b<\/strong><\/span><\/div>\n<div class=\"content-container\">\n<div class=\"info-container\">\n<div class=\"contact-info\"><a href=\"tel:+371 67705917\">+371 67705917<\/a><br \/>\n<a href=\"mailto:dezinfa@dezinfa.lv\">dezinfa@dezinfa.lv<\/a><\/div>\n<div class=\"properties\">\n<div class=\"property-container\">\n<p><strong>\u0420\u0435\u043a\u0432\u0438\u0437\u0438\u0442\u044b:<\/strong><\/p>\n<p>SIA Dezinfa<br \/>\nRe\u0123.Nr. 40003597583<br \/>\nKalupes iela 1a-1, R\u012bga, LV-1003<\/p>\n<div class=\"bank-properties\"><\/div>\n<\/div>\n<div class=\"property-container\">\n<p><strong>\u0412\u0440\u0435\u043c\u044f \u0440\u0430\u0431\u043e\u0442\u044b:<\/strong><\/p>\n<p>\u0420\u0430\u0431\u043e\u0447\u0438\u0435 \u0434\u043d\u0438: 8:00 \u2013 17:00<br \/>\n\u0421\u0443\u0431\u0431\u043e\u0442\u0430: \u0437\u0430\u043a\u0440\u044b\u0442\u043e<br \/>\n\u0412\u043e\u0441\u043a\u0440\u0435\u0441\u0435\u043d\u044c\u0435: \u0437\u0430\u043a\u0440\u044b\u0442\u043e<\/p>\n<\/div>\n<\/div>\n<\/div>\n<div class=\"map-container\">\n<div id=\"map\">\n<div class=\"mapouter\">\n<div class=\"gmap_canvas\" style=\"width: 100%; height: 100%;\"><iframe loading=\"lazy\" style=\"border: 0;\" src=\"https:\/\/www.google.com\/maps\/embed?pb=!1m18!1m12!1m3!1d2176.170544706829!2d24.13252477770357!3d56.94587929947082!2m3!1f0!2f0!3f0!3m2!1i1024!2i768!4f13.1!3m3!1m2!1s0x46eecf17ec789701%3A0x5a4175eb4a318329!2sKalupes%20iela%201A%2C%20Latgales%20priek%C5%A1pils%C4%93ta%2C%20R%C4%ABga%2C%20LV-1003%2C%20Latvia!5e0!3m2!1sen!2suk!4v1756205058993!5m2!1sen!2suk\" width=\"600\" height=\"450\" allowfullscreen=\"allowfullscreen\"><\/iframe><\/div>\n<style>.mapouter{position:relative;text-align:right;}.gmap_canvas {overflow:hidden;background:none!important;}<\/style>\n<\/div>\n<\/div>\n<\/div>\n<\/div>\n<\/div>\n","protected":false},"excerpt":{"rendered":"<p>\u041a\u043e\u043d\u0442\u0430\u043a\u0442\u044b +371 67705917 dezinfa@dezinfa.lv \u0420\u0435\u043a\u0432\u0438\u0437\u0438\u0442\u044b: SIA Dezinfa Re\u0123.Nr. 40003597583 Kalupes iela 1a-1, R\u012bga, LV-1003 \u0412\u0440\u0435\u043c\u044f \u0440\u0430\u0431\u043e\u0442\u044b: \u0420\u0430\u0431\u043e\u0447\u0438\u0435 \u0434\u043d\u0438: 8:00 \u2013 17:00 \u0421\u0443\u0431\u0431\u043e\u0442\u0430: \u0437\u0430\u043a\u0440\u044b\u0442\u043e \u0412\u043e\u0441\u043a\u0440\u0435\u0441\u0435\u043d\u044c\u0435: \u0437\u0430\u043a\u0440\u044b\u0442\u043e<\/p>\n","protected":false},"author":9,"featured_media":0,"parent":0,"menu_order":0,"comment_status":"closed","ping_status":"closed","template":"template-text.php","meta":{"_acf_changed":false,"footnotes":""},"acf":[],"yoast_head":"<!-- This site is optimized with the Yoast SEO plugin v23.1 - https:\/\/yoast.com\/wordpress\/plugins\/seo\/ -->\n<title>\u041a\u043e\u043d\u0442\u0430\u043a\u0442\u044b &#8211; Dezinfa<\/title>\n<meta name=\"robots\" content=\"index, follow, max-snippet:-1, max-image-preview:large, max-video-preview:-1\" \/>\n<link rel=\"canonical\" href=\"https:\/\/dezinfa.lv\/ru\/\u043a\u043e\u043d\u0442\u0430\u043a\u0442\u044b\/\" \/>\n<meta property=\"og:locale\" content=\"ru_RU\" \/>\n<meta property=\"og:type\" content=\"article\" \/>\n<meta property=\"og:title\" content=\"\u041a\u043e\u043d\u0442\u0430\u043a\u0442\u044b &#8211; Dezinfa\" \/>\n<meta property=\"og:description\" content=\"\u041a\u043e\u043d\u0442\u0430\u043a\u0442\u044b +371 67705917 dezinfa@dezinfa.lv \u0420\u0435\u043a\u0432\u0438\u0437\u0438\u0442\u044b: SIA Dezinfa Re\u0123.Nr. 40003597583 Kalupes iela 1a-1, R\u012bga, LV-1003 \u0412\u0440\u0435\u043c\u044f \u0440\u0430\u0431\u043e\u0442\u044b: \u0420\u0430\u0431\u043e\u0447\u0438\u0435 \u0434\u043d\u0438: 8:00 \u2013 17:00 \u0421\u0443\u0431\u0431\u043e\u0442\u0430: \u0437\u0430\u043a\u0440\u044b\u0442\u043e \u0412\u043e\u0441\u043a\u0440\u0435\u0441\u0435\u043d\u044c\u0435: \u0437\u0430\u043a\u0440\u044b\u0442\u043e\" \/>\n<meta property=\"og:url\" content=\"https:\/\/dezinfa.lv\/ru\/\u043a\u043e\u043d\u0442\u0430\u043a\u0442\u044b\/\" \/>\n<meta property=\"og:site_name\" content=\"Dezinfa\" \/>\n<meta property=\"article:modified_time\" content=\"2025-08-26T11:29:42+00:00\" \/>\n<meta name=\"twitter:card\" content=\"summary_large_image\" \/>\n<meta name=\"twitter:label1\" content=\"\u041f\u0440\u0438\u043c\u0435\u0440\u043d\u043e\u0435 \u0432\u0440\u0435\u043c\u044f \u0434\u043b\u044f \u0447\u0442\u0435\u043d\u0438\u044f\" \/>\n\t<meta name=\"twitter:data1\" content=\"1 \u043c\u0438\u043d\u0443\u0442\u0430\" \/>\n<script type=\"application\/ld+json\" class=\"yoast-schema-graph\">{\"@context\":\"https:\/\/schema.org\",\"@graph\":[{\"@type\":\"WebPage\",\"@id\":\"https:\/\/dezinfa.lv\/ru\/%d0%ba%d0%be%d0%bd%d1%82%d0%b0%d0%ba%d1%82%d1%8b\/\",\"url\":\"https:\/\/dezinfa.lv\/ru\/%d0%ba%d0%be%d0%bd%d1%82%d0%b0%d0%ba%d1%82%d1%8b\/\",\"name\":\"\u041a\u043e\u043d\u0442\u0430\u043a\u0442\u044b &#8211; Dezinfa\",\"isPartOf\":{\"@id\":\"https:\/\/dezinfa.lv\/#website\"},\"datePublished\":\"2025-08-26T11:25:07+00:00\",\"dateModified\":\"2025-08-26T11:29:42+00:00\",\"inLanguage\":\"ru-RU\",\"potentialAction\":[{\"@type\":\"ReadAction\",\"target\":[\"https:\/\/dezinfa.lv\/ru\/%d0%ba%d0%be%d0%bd%d1%82%d0%b0%d0%ba%d1%82%d1%8b\/\"]}]},{\"@type\":\"WebSite\",\"@id\":\"https:\/\/dezinfa.lv\/#website\",\"url\":\"https:\/\/dezinfa.lv\/\",\"name\":\"Dezinfa\",\"description\":\"Kait\u0113k\u013cu kontrole s\u0101kas ar mums\",\"potentialAction\":[{\"@type\":\"SearchAction\",\"target\":{\"@type\":\"EntryPoint\",\"urlTemplate\":\"https:\/\/dezinfa.lv\/?s={search_term_string}\"},\"query-input\":\"required name=search_term_string\"}],\"inLanguage\":\"ru-RU\"}]}<\/script>\n<!-- \/ Yoast SEO plugin. -->","yoast_head_json":{"title":"\u041a\u043e\u043d\u0442\u0430\u043a\u0442\u044b &#8211; Dezinfa","robots":{"index":"index","follow":"follow","max-snippet":"max-snippet:-1","max-image-preview":"max-image-preview:large","max-video-preview":"max-video-preview:-1"},"canonical":"https:\/\/dezinfa.lv\/ru\/\u043a\u043e\u043d\u0442\u0430\u043a\u0442\u044b\/","og_locale":"ru_RU","og_type":"article","og_title":"\u041a\u043e\u043d\u0442\u0430\u043a\u0442\u044b &#8211; Dezinfa","og_description":"\u041a\u043e\u043d\u0442\u0430\u043a\u0442\u044b +371 67705917 dezinfa@dezinfa.lv \u0420\u0435\u043a\u0432\u0438\u0437\u0438\u0442\u044b: SIA Dezinfa Re\u0123.Nr. 40003597583 Kalupes iela 1a-1, R\u012bga, LV-1003 \u0412\u0440\u0435\u043c\u044f \u0440\u0430\u0431\u043e\u0442\u044b: \u0420\u0430\u0431\u043e\u0447\u0438\u0435 \u0434\u043d\u0438: 8:00 \u2013 17:00 \u0421\u0443\u0431\u0431\u043e\u0442\u0430: \u0437\u0430\u043a\u0440\u044b\u0442\u043e \u0412\u043e\u0441\u043a\u0440\u0435\u0441\u0435\u043d\u044c\u0435: \u0437\u0430\u043a\u0440\u044b\u0442\u043e","og_url":"https:\/\/dezinfa.lv\/ru\/\u043a\u043e\u043d\u0442\u0430\u043a\u0442\u044b\/","og_site_name":"Dezinfa","article_modified_time":"2025-08-26T11:29:42+00:00","twitter_card":"summary_large_image","twitter_misc":{"\u041f\u0440\u0438\u043c\u0435\u0440\u043d\u043e\u0435 \u0432\u0440\u0435\u043c\u044f \u0434\u043b\u044f \u0447\u0442\u0435\u043d\u0438\u044f":"1 \u043c\u0438\u043d\u0443\u0442\u0430"},"schema":{"@context":"https:\/\/schema.org","@graph":[{"@type":"WebPage","@id":"https:\/\/dezinfa.lv\/ru\/%d0%ba%d0%be%d0%bd%d1%82%d0%b0%d0%ba%d1%82%d1%8b\/","url":"https:\/\/dezinfa.lv\/ru\/%d0%ba%d0%be%d0%bd%d1%82%d0%b0%d0%ba%d1%82%d1%8b\/","name":"\u041a\u043e\u043d\u0442\u0430\u043a\u0442\u044b &#8211; Dezinfa","isPartOf":{"@id":"https:\/\/dezinfa.lv\/#website"},"datePublished":"2025-08-26T11:25:07+00:00","dateModified":"2025-08-26T11:29:42+00:00","inLanguage":"ru-RU","potentialAction":[{"@type":"ReadAction","target":["https:\/\/dezinfa.lv\/ru\/%d0%ba%d0%be%d0%bd%d1%82%d0%b0%d0%ba%d1%82%d1%8b\/"]}]},{"@type":"WebSite","@id":"https:\/\/dezinfa.lv\/#website","url":"https:\/\/dezinfa.lv\/","name":"Dezinfa","description":"Kait\u0113k\u013cu kontrole s\u0101kas ar mums","potentialAction":[{"@type":"SearchAction","target":{"@type":"EntryPoint","urlTemplate":"https:\/\/dezinfa.lv\/?s={search_term_string}"},"query-input":"required name=search_term_string"}],"inLanguage":"ru-RU"}]}},"_links":{"self":[{"href":"https:\/\/dezinfa.lv\/ru\/wp-json\/wp\/v2\/pages\/5267"}],"collection":[{"href":"https:\/\/dezinfa.lv\/ru\/wp-json\/wp\/v2\/pages"}],"about":[{"href":"https:\/\/dezinfa.lv\/ru\/wp-json\/wp\/v2\/types\/page"}],"author":[{"embeddable":true,"href":"https:\/\/dezinfa.lv\/ru\/wp-json\/wp\/v2\/users\/9"}],"replies":[{"embeddable":true,"href":"https:\/\/dezinfa.lv\/ru\/wp-json\/wp\/v2\/comments?post=5267"}],"version-history":[{"count":4,"href":"https:\/\/dezinfa.lv\/ru\/wp-json\/wp\/v2\/pages\/5267\/revisions"}],"predecessor-version":[{"id":5271,"href":"https:\/\/dezinfa.lv\/ru\/wp-json\/wp\/v2\/pages\/5267\/revisions\/5271"}],"wp:attachment":[{"href":"https:\/\/dezinfa.lv\/ru\/wp-json\/wp\/v2\/media?parent=5267"}],"curies":[{"name":"wp","href":"https:\/\/api.w.org\/{rel}","templated":true}]}}