{"id":1843,"date":"2021-01-06T15:42:32","date_gmt":"2021-01-06T13:42:32","guid":{"rendered":"https:\/\/dezinfa.lv\/?page_id=1843"},"modified":"2021-01-06T15:43:00","modified_gmt":"2021-01-06T13:43:00","slug":"flash-23-400%d0%bc%d0%bb","status":"publish","type":"page","link":"https:\/\/dezinfa.lv\/ru\/edezinfa\/%d1%82%d0%be%d0%b2%d0%b0%d1%80%d1%8b\/%d0%b1%d0%be%d1%80%d1%8c%d0%b1%d0%b0-%d1%81-%d0%bd%d0%b0%d1%81%d0%b5%d0%ba%d0%be%d0%bc%d1%8b%d0%bc%d0%b8\/%d0%b8%d0%bd%d1%81%d0%b5%d0%ba%d1%82%d0%b8%d1%86%d0%b8%d0%b4%d1%8b\/flash-23-400%d0%bc%d0%bb\/","title":{"rendered":"FLASH 23 400\u043c\u043b"},"content":{"rendered":"<p>\u0410\u044d\u0440\u043e\u0437\u043e\u043b\u044c \u0434\u043b\u044f \u0443\u043d\u0438\u0447\u0442\u043e\u0436\u0435\u043d\u0438\u044f \u043f\u043e\u043b\u0437\u0430\u044e\u0449\u0438\u0445 \u0438 \u043b\u0435\u0442\u0430\u044e\u0449\u0438\u0445 \u043d\u0430\u0441\u0435\u043a\u043e\u043c\u044b\u0445. \u0414\u043b\u044f \u0443\u043d\u0438\u0447\u0442\u043e\u0436\u0435\u043d\u0438\u044f \u043b\u0435\u0442\u0430\u044e\u0449\u0438\u0445 \u0438 \u043f\u043e\u043b\u0437\u0430\u044e\u0449\u0438\u0445 \u043d\u0430\u0441\u0435\u043a\u043e\u043c\u044b\u0445 \u0432 \u0437\u0434\u0430\u043d\u0438\u044f\u0445 \u0437\u0434\u0440\u0430\u0432\u043e\u043e\u0445\u0440\u0430\u043d\u0435\u043d\u0438\u044f, \u0432 \u043e\u0431\u0449\u0435\u0441\u0442\u0432\u0435\u043d\u043d\u044b\u0445, \u043f\u0440\u043e\u043c\u044b\u0448\u043b\u0435\u043d\u043d\u044b\u0445, \u0441\u0435\u043b\u044c\u0441\u043a\u043e\u0445\u043e\u0437\u044f\u0439\u0441\u0442\u0432\u0435\u043d\u043d\u044b\u0445, \u0436\u0438\u0432\u043e\u0442\u043d\u043e\u0432\u043e\u0434\u0447\u0435\u0441\u043a\u0438\u0445 \u0437\u0434\u0430\u043d\u0438\u044f\u0445, \u0437\u0430 \u0438\u0441\u043a\u043b\u044e\u0447\u0435\u043d\u0438\u0435\u043c \u0438\u0441\u043f\u043e\u043b\u044c\u0437\u043e\u0432\u0430\u043d\u0438\u044f \u0434\u043b\u044f \u0437\u0430\u0449\u0438\u0442\u044b \u043f\u0440\u043e\u0434\u0443\u043a\u0442\u043e\u0432 \u0438\u0437 \u0440\u0430\u0441\u0442\u0435\u043d\u0438\u0439 \u0438 \u043f\u043b\u043e\u0434\u043e\u0432.<br \/>\n\u041f\u0440\u0438\u043c\u0435\u043d\u0435\u043d\u0438\u0435: \u0438\u043d\u0441\u0435\u043a\u0442\u0438\u0446\u0438\u0434 FLASH 23 \u0434\u043b\u044f \u0443\u043d\u0438\u0447\u0442\u043e\u0436\u0435\u043d\u0438\u044f \u043b\u0435\u0442\u0430\u044e\u0449\u0438\u0445 (\u043c\u0443\u0445, \u043a\u043e\u043c\u0430\u0440\u043e\u0432, \u043e\u0441) \u0438 \u043f\u043e\u043b\u0437\u0430\u044e\u0449\u0438\u0445 (\u0442\u0430\u0440\u0430\u043a\u0430\u043d\u043e\u0432, \u043a\u043b\u043e\u043f\u043e\u0432, \u0431\u043b\u043e\u0445, \u043c\u0443\u0440\u0430\u0432\u0435\u0439) \u043d\u0430\u0441\u0435\u043a\u043e\u043c\u044b\u0445.<\/p>\n<p><img loading=\"lazy\" decoding=\"async\" class=\"alignnone size-full wp-image-299\" src=\"https:\/\/dezinfa.lv\/wp-content\/uploads\/2020\/12\/13996.jpeg\" alt=\"\" width=\"144\" height=\"225\" \/><\/p>\n","protected":false},"excerpt":{"rendered":"<p>\u0410\u044d\u0440\u043e\u0437\u043e\u043b\u044c \u0434\u043b\u044f \u0443\u043d\u0438\u0447\u0442\u043e\u0436\u0435\u043d\u0438\u044f \u043f\u043e\u043b\u0437\u0430\u044e\u0449\u0438\u0445 \u0438 \u043b\u0435\u0442\u0430\u044e\u0449\u0438\u0445 \u043d\u0430\u0441\u0435\u043a\u043e\u043c\u044b\u0445. \u0414\u043b\u044f \u0443\u043d\u0438\u0447\u0442\u043e\u0436\u0435\u043d\u0438\u044f \u043b\u0435\u0442\u0430\u044e\u0449\u0438\u0445 \u0438 \u043f\u043e\u043b\u0437\u0430\u044e\u0449\u0438\u0445 \u043d\u0430\u0441\u0435\u043a\u043e\u043c\u044b\u0445 \u0432 \u0437\u0434\u0430\u043d\u0438\u044f\u0445 \u0437\u0434\u0440\u0430\u0432\u043e\u043e\u0445\u0440\u0430\u043d\u0435\u043d\u0438\u044f, \u0432 \u043e\u0431\u0449\u0435\u0441\u0442\u0432\u0435\u043d\u043d\u044b\u0445, \u043f\u0440\u043e\u043c\u044b\u0448\u043b\u0435\u043d\u043d\u044b\u0445, \u0441\u0435\u043b\u044c\u0441\u043a\u043e\u0445\u043e\u0437\u044f\u0439\u0441\u0442\u0432\u0435\u043d\u043d\u044b\u0445, \u0436\u0438\u0432\u043e\u0442\u043d\u043e\u0432\u043e\u0434\u0447\u0435\u0441\u043a\u0438\u0445 \u0437\u0434\u0430\u043d\u0438\u044f\u0445, \u0437\u0430 \u0438\u0441\u043a\u043b\u044e\u0447\u0435\u043d\u0438\u0435\u043c \u0438\u0441\u043f\u043e\u043b\u044c\u0437\u043e\u0432\u0430\u043d\u0438\u044f \u0434\u043b\u044f \u0437\u0430\u0449\u0438\u0442\u044b \u043f\u0440\u043e\u0434\u0443\u043a\u0442\u043e\u0432 \u0438\u0437 \u0440\u0430\u0441\u0442\u0435\u043d\u0438\u0439 \u0438 \u043f\u043b\u043e\u0434\u043e\u0432. \u041f\u0440\u0438\u043c\u0435\u043d\u0435\u043d\u0438\u0435: \u0438\u043d\u0441\u0435\u043a\u0442\u0438\u0446\u0438\u0434 FLASH 23 \u0434\u043b\u044f \u0443\u043d\u0438\u0447\u0442\u043e\u0436\u0435\u043d\u0438\u044f \u043b\u0435\u0442\u0430\u044e\u0449\u0438\u0445 (\u043c\u0443\u0445, \u043a\u043e\u043c\u0430\u0440\u043e\u0432, \u043e\u0441) \u0438 \u043f\u043e\u043b\u0437\u0430\u044e\u0449\u0438\u0445 (\u0442\u0430\u0440\u0430\u043a\u0430\u043d\u043e\u0432, \u043a\u043b\u043e\u043f\u043e\u0432, \u0431\u043b\u043e\u0445, \u043c\u0443\u0440\u0430\u0432\u0435\u0439) \u043d\u0430\u0441\u0435\u043a\u043e\u043c\u044b\u0445.<\/p>\n","protected":false},"author":5,"featured_media":0,"parent":1809,"menu_order":0,"comment_status":"closed","ping_status":"closed","template":"template-edezinfa-1.php","meta":{"_acf_changed":false,"footnotes":""},"acf":[],"yoast_head":"<!-- This site is optimized with the Yoast SEO plugin v23.1 - https:\/\/yoast.com\/wordpress\/plugins\/seo\/ -->\n<title>FLASH 23 400\u043c\u043b &#8211; Dezinfa<\/title>\n<meta name=\"robots\" content=\"index, follow, max-snippet:-1, max-image-preview:large, max-video-preview:-1\" \/>\n<link rel=\"canonical\" href=\"https:\/\/dezinfa.lv\/ru\/edezinfa\/produkti\/insektu-kontrole\/insekticidi\/flash-23\/\" \/>\n<meta property=\"og:locale\" content=\"ru_RU\" \/>\n<meta property=\"og:type\" content=\"article\" \/>\n<meta property=\"og:title\" content=\"FLASH 23 400\u043c\u043b &#8211; Dezinfa\" \/>\n<meta property=\"og:description\" content=\"\u0410\u044d\u0440\u043e\u0437\u043e\u043b\u044c \u0434\u043b\u044f \u0443\u043d\u0438\u0447\u0442\u043e\u0436\u0435\u043d\u0438\u044f \u043f\u043e\u043b\u0437\u0430\u044e\u0449\u0438\u0445 \u0438 \u043b\u0435\u0442\u0430\u044e\u0449\u0438\u0445 \u043d\u0430\u0441\u0435\u043a\u043e\u043c\u044b\u0445. \u0414\u043b\u044f \u0443\u043d\u0438\u0447\u0442\u043e\u0436\u0435\u043d\u0438\u044f \u043b\u0435\u0442\u0430\u044e\u0449\u0438\u0445 \u0438 \u043f\u043e\u043b\u0437\u0430\u044e\u0449\u0438\u0445 \u043d\u0430\u0441\u0435\u043a\u043e\u043c\u044b\u0445 \u0432 \u0437\u0434\u0430\u043d\u0438\u044f\u0445 \u0437\u0434\u0440\u0430\u0432\u043e\u043e\u0445\u0440\u0430\u043d\u0435\u043d\u0438\u044f, \u0432 \u043e\u0431\u0449\u0435\u0441\u0442\u0432\u0435\u043d\u043d\u044b\u0445, \u043f\u0440\u043e\u043c\u044b\u0448\u043b\u0435\u043d\u043d\u044b\u0445, \u0441\u0435\u043b\u044c\u0441\u043a\u043e\u0445\u043e\u0437\u044f\u0439\u0441\u0442\u0432\u0435\u043d\u043d\u044b\u0445, \u0436\u0438\u0432\u043e\u0442\u043d\u043e\u0432\u043e\u0434\u0447\u0435\u0441\u043a\u0438\u0445 \u0437\u0434\u0430\u043d\u0438\u044f\u0445, \u0437\u0430 \u0438\u0441\u043a\u043b\u044e\u0447\u0435\u043d\u0438\u0435\u043c \u0438\u0441\u043f\u043e\u043b\u044c\u0437\u043e\u0432\u0430\u043d\u0438\u044f \u0434\u043b\u044f \u0437\u0430\u0449\u0438\u0442\u044b \u043f\u0440\u043e\u0434\u0443\u043a\u0442\u043e\u0432 \u0438\u0437 \u0440\u0430\u0441\u0442\u0435\u043d\u0438\u0439 \u0438 \u043f\u043b\u043e\u0434\u043e\u0432. \u041f\u0440\u0438\u043c\u0435\u043d\u0435\u043d\u0438\u0435: \u0438\u043d\u0441\u0435\u043a\u0442\u0438\u0446\u0438\u0434 FLASH 23 \u0434\u043b\u044f \u0443\u043d\u0438\u0447\u0442\u043e\u0436\u0435\u043d\u0438\u044f \u043b\u0435\u0442\u0430\u044e\u0449\u0438\u0445 (\u043c\u0443\u0445, \u043a\u043e\u043c\u0430\u0440\u043e\u0432, \u043e\u0441) \u0438 \u043f\u043e\u043b\u0437\u0430\u044e\u0449\u0438\u0445 (\u0442\u0430\u0440\u0430\u043a\u0430\u043d\u043e\u0432, \u043a\u043b\u043e\u043f\u043e\u0432, \u0431\u043b\u043e\u0445, \u043c\u0443\u0440\u0430\u0432\u0435\u0439) \u043d\u0430\u0441\u0435\u043a\u043e\u043c\u044b\u0445.\" \/>\n<meta property=\"og:url\" content=\"https:\/\/dezinfa.lv\/edezinfa\/produkti\/insektu-kontrole\/insekticidi\/flash-23\/\" \/>\n<meta property=\"og:site_name\" content=\"Dezinfa\" \/>\n<meta property=\"article:modified_time\" content=\"2021-01-06T13:43:00+00:00\" \/>\n<meta property=\"og:image\" content=\"https:\/\/dezinfa.lv\/wp-content\/uploads\/2020\/12\/13996.jpeg\" \/>\n<meta name=\"twitter:card\" content=\"summary_large_image\" \/>\n<script type=\"application\/ld+json\" class=\"yoast-schema-graph\">{\"@context\":\"https:\/\/schema.org\",\"@graph\":[{\"@type\":\"WebPage\",\"@id\":\"https:\/\/dezinfa.lv\/edezinfa\/produkti\/insektu-kontrole\/insekticidi\/flash-23\/\",\"url\":\"https:\/\/dezinfa.lv\/edezinfa\/produkti\/insektu-kontrole\/insekticidi\/flash-23\/\",\"name\":\"FLASH 23 400\u043c\u043b &#8211; Dezinfa\",\"isPartOf\":{\"@id\":\"https:\/\/dezinfa.lv\/#website\"},\"primaryImageOfPage\":{\"@id\":\"https:\/\/dezinfa.lv\/edezinfa\/produkti\/insektu-kontrole\/insekticidi\/flash-23\/#primaryimage\"},\"image\":{\"@id\":\"https:\/\/dezinfa.lv\/edezinfa\/produkti\/insektu-kontrole\/insekticidi\/flash-23\/#primaryimage\"},\"thumbnailUrl\":\"https:\/\/dezinfa.lv\/wp-content\/uploads\/2020\/12\/13996.jpeg\",\"datePublished\":\"2021-01-06T13:42:32+00:00\",\"dateModified\":\"2021-01-06T13:43:00+00:00\",\"breadcrumb\":{\"@id\":\"https:\/\/dezinfa.lv\/edezinfa\/produkti\/insektu-kontrole\/insekticidi\/flash-23\/#breadcrumb\"},\"inLanguage\":\"ru-RU\",\"potentialAction\":[{\"@type\":\"ReadAction\",\"target\":[\"https:\/\/dezinfa.lv\/edezinfa\/produkti\/insektu-kontrole\/insekticidi\/flash-23\/\"]}]},{\"@type\":\"ImageObject\",\"inLanguage\":\"ru-RU\",\"@id\":\"https:\/\/dezinfa.lv\/edezinfa\/produkti\/insektu-kontrole\/insekticidi\/flash-23\/#primaryimage\",\"url\":\"https:\/\/dezinfa.lv\/wp-content\/uploads\/2020\/12\/13996.jpeg\",\"contentUrl\":\"https:\/\/dezinfa.lv\/wp-content\/uploads\/2020\/12\/13996.jpeg\"},{\"@type\":\"BreadcrumbList\",\"@id\":\"https:\/\/dezinfa.lv\/edezinfa\/produkti\/insektu-kontrole\/insekticidi\/flash-23\/#breadcrumb\",\"itemListElement\":[{\"@type\":\"ListItem\",\"position\":1,\"name\":\"\u0423\u0421\u041b\u0423\u0413\u0418\",\"item\":\"https:\/\/dezinfa.lv\/edezinfa\/\"},{\"@type\":\"ListItem\",\"position\":2,\"name\":\"\u0422\u043e\u0432\u0430\u0440\u044b\",\"item\":\"https:\/\/dezinfa.lv\/edezinfa\/produkti\/\"},{\"@type\":\"ListItem\",\"position\":3,\"name\":\"\u0411\u043e\u0440\u044c\u0431\u0430 \u0441 \u043d\u0430\u0441\u0435\u043a\u043e\u043c\u044b\u043c\u0438\",\"item\":\"https:\/\/dezinfa.lv\/edezinfa\/produkti\/insektu-kontrole\/\"},{\"@type\":\"ListItem\",\"position\":4,\"name\":\"\u0418\u043d\u0441\u0435\u043a\u0442\u0438\u0446\u0438\u0434\u044b\",\"item\":\"https:\/\/dezinfa.lv\/edezinfa\/produkti\/insektu-kontrole\/insekticidi\/\"},{\"@type\":\"ListItem\",\"position\":5,\"name\":\"FLASH 23 400\u043c\u043b\"}]},{\"@type\":\"WebSite\",\"@id\":\"https:\/\/dezinfa.lv\/#website\",\"url\":\"https:\/\/dezinfa.lv\/\",\"name\":\"Dezinfa\",\"description\":\"Kait\u0113k\u013cu kontrole s\u0101kas ar mums\",\"potentialAction\":[{\"@type\":\"SearchAction\",\"target\":{\"@type\":\"EntryPoint\",\"urlTemplate\":\"https:\/\/dezinfa.lv\/?s={search_term_string}\"},\"query-input\":\"required name=search_term_string\"}],\"inLanguage\":\"ru-RU\"}]}<\/script>\n<!-- \/ Yoast SEO plugin. -->","yoast_head_json":{"title":"FLASH 23 400\u043c\u043b &#8211; Dezinfa","robots":{"index":"index","follow":"follow","max-snippet":"max-snippet:-1","max-image-preview":"max-image-preview:large","max-video-preview":"max-video-preview:-1"},"canonical":"https:\/\/dezinfa.lv\/ru\/edezinfa\/produkti\/insektu-kontrole\/insekticidi\/flash-23\/","og_locale":"ru_RU","og_type":"article","og_title":"FLASH 23 400\u043c\u043b &#8211; Dezinfa","og_description":"\u0410\u044d\u0440\u043e\u0437\u043e\u043b\u044c \u0434\u043b\u044f \u0443\u043d\u0438\u0447\u0442\u043e\u0436\u0435\u043d\u0438\u044f \u043f\u043e\u043b\u0437\u0430\u044e\u0449\u0438\u0445 \u0438 \u043b\u0435\u0442\u0430\u044e\u0449\u0438\u0445 \u043d\u0430\u0441\u0435\u043a\u043e\u043c\u044b\u0445. \u0414\u043b\u044f \u0443\u043d\u0438\u0447\u0442\u043e\u0436\u0435\u043d\u0438\u044f \u043b\u0435\u0442\u0430\u044e\u0449\u0438\u0445 \u0438 \u043f\u043e\u043b\u0437\u0430\u044e\u0449\u0438\u0445 \u043d\u0430\u0441\u0435\u043a\u043e\u043c\u044b\u0445 \u0432 \u0437\u0434\u0430\u043d\u0438\u044f\u0445 \u0437\u0434\u0440\u0430\u0432\u043e\u043e\u0445\u0440\u0430\u043d\u0435\u043d\u0438\u044f, \u0432 \u043e\u0431\u0449\u0435\u0441\u0442\u0432\u0435\u043d\u043d\u044b\u0445, \u043f\u0440\u043e\u043c\u044b\u0448\u043b\u0435\u043d\u043d\u044b\u0445, \u0441\u0435\u043b\u044c\u0441\u043a\u043e\u0445\u043e\u0437\u044f\u0439\u0441\u0442\u0432\u0435\u043d\u043d\u044b\u0445, \u0436\u0438\u0432\u043e\u0442\u043d\u043e\u0432\u043e\u0434\u0447\u0435\u0441\u043a\u0438\u0445 \u0437\u0434\u0430\u043d\u0438\u044f\u0445, \u0437\u0430 \u0438\u0441\u043a\u043b\u044e\u0447\u0435\u043d\u0438\u0435\u043c \u0438\u0441\u043f\u043e\u043b\u044c\u0437\u043e\u0432\u0430\u043d\u0438\u044f \u0434\u043b\u044f \u0437\u0430\u0449\u0438\u0442\u044b \u043f\u0440\u043e\u0434\u0443\u043a\u0442\u043e\u0432 \u0438\u0437 \u0440\u0430\u0441\u0442\u0435\u043d\u0438\u0439 \u0438 \u043f\u043b\u043e\u0434\u043e\u0432. \u041f\u0440\u0438\u043c\u0435\u043d\u0435\u043d\u0438\u0435: \u0438\u043d\u0441\u0435\u043a\u0442\u0438\u0446\u0438\u0434 FLASH 23 \u0434\u043b\u044f \u0443\u043d\u0438\u0447\u0442\u043e\u0436\u0435\u043d\u0438\u044f \u043b\u0435\u0442\u0430\u044e\u0449\u0438\u0445 (\u043c\u0443\u0445, \u043a\u043e\u043c\u0430\u0440\u043e\u0432, \u043e\u0441) \u0438 \u043f\u043e\u043b\u0437\u0430\u044e\u0449\u0438\u0445 (\u0442\u0430\u0440\u0430\u043a\u0430\u043d\u043e\u0432, \u043a\u043b\u043e\u043f\u043e\u0432, \u0431\u043b\u043e\u0445, \u043c\u0443\u0440\u0430\u0432\u0435\u0439) \u043d\u0430\u0441\u0435\u043a\u043e\u043c\u044b\u0445.","og_url":"https:\/\/dezinfa.lv\/edezinfa\/produkti\/insektu-kontrole\/insekticidi\/flash-23\/","og_site_name":"Dezinfa","article_modified_time":"2021-01-06T13:43:00+00:00","og_image":[{"url":"https:\/\/dezinfa.lv\/wp-content\/uploads\/2020\/12\/13996.jpeg"}],"twitter_card":"summary_large_image","schema":{"@context":"https:\/\/schema.org","@graph":[{"@type":"WebPage","@id":"https:\/\/dezinfa.lv\/edezinfa\/produkti\/insektu-kontrole\/insekticidi\/flash-23\/","url":"https:\/\/dezinfa.lv\/edezinfa\/produkti\/insektu-kontrole\/insekticidi\/flash-23\/","name":"FLASH 23 400\u043c\u043b &#8211; Dezinfa","isPartOf":{"@id":"https:\/\/dezinfa.lv\/#website"},"primaryImageOfPage":{"@id":"https:\/\/dezinfa.lv\/edezinfa\/produkti\/insektu-kontrole\/insekticidi\/flash-23\/#primaryimage"},"image":{"@id":"https:\/\/dezinfa.lv\/edezinfa\/produkti\/insektu-kontrole\/insekticidi\/flash-23\/#primaryimage"},"thumbnailUrl":"https:\/\/dezinfa.lv\/wp-content\/uploads\/2020\/12\/13996.jpeg","datePublished":"2021-01-06T13:42:32+00:00","dateModified":"2021-01-06T13:43:00+00:00","breadcrumb":{"@id":"https:\/\/dezinfa.lv\/edezinfa\/produkti\/insektu-kontrole\/insekticidi\/flash-23\/#breadcrumb"},"inLanguage":"ru-RU","potentialAction":[{"@type":"ReadAction","target":["https:\/\/dezinfa.lv\/edezinfa\/produkti\/insektu-kontrole\/insekticidi\/flash-23\/"]}]},{"@type":"ImageObject","inLanguage":"ru-RU","@id":"https:\/\/dezinfa.lv\/edezinfa\/produkti\/insektu-kontrole\/insekticidi\/flash-23\/#primaryimage","url":"https:\/\/dezinfa.lv\/wp-content\/uploads\/2020\/12\/13996.jpeg","contentUrl":"https:\/\/dezinfa.lv\/wp-content\/uploads\/2020\/12\/13996.jpeg"},{"@type":"BreadcrumbList","@id":"https:\/\/dezinfa.lv\/edezinfa\/produkti\/insektu-kontrole\/insekticidi\/flash-23\/#breadcrumb","itemListElement":[{"@type":"ListItem","position":1,"name":"\u0423\u0421\u041b\u0423\u0413\u0418","item":"https:\/\/dezinfa.lv\/edezinfa\/"},{"@type":"ListItem","position":2,"name":"\u0422\u043e\u0432\u0430\u0440\u044b","item":"https:\/\/dezinfa.lv\/edezinfa\/produkti\/"},{"@type":"ListItem","position":3,"name":"\u0411\u043e\u0440\u044c\u0431\u0430 \u0441 \u043d\u0430\u0441\u0435\u043a\u043e\u043c\u044b\u043c\u0438","item":"https:\/\/dezinfa.lv\/edezinfa\/produkti\/insektu-kontrole\/"},{"@type":"ListItem","position":4,"name":"\u0418\u043d\u0441\u0435\u043a\u0442\u0438\u0446\u0438\u0434\u044b","item":"https:\/\/dezinfa.lv\/edezinfa\/produkti\/insektu-kontrole\/insekticidi\/"},{"@type":"ListItem","position":5,"name":"FLASH 23 400\u043c\u043b"}]},{"@type":"WebSite","@id":"https:\/\/dezinfa.lv\/#website","url":"https:\/\/dezinfa.lv\/","name":"Dezinfa","description":"Kait\u0113k\u013cu kontrole s\u0101kas ar mums","potentialAction":[{"@type":"SearchAction","target":{"@type":"EntryPoint","urlTemplate":"https:\/\/dezinfa.lv\/?s={search_term_string}"},"query-input":"required name=search_term_string"}],"inLanguage":"ru-RU"}]}},"_links":{"self":[{"href":"https:\/\/dezinfa.lv\/ru\/wp-json\/wp\/v2\/pages\/1843"}],"collection":[{"href":"https:\/\/dezinfa.lv\/ru\/wp-json\/wp\/v2\/pages"}],"about":[{"href":"https:\/\/dezinfa.lv\/ru\/wp-json\/wp\/v2\/types\/page"}],"author":[{"embeddable":true,"href":"https:\/\/dezinfa.lv\/ru\/wp-json\/wp\/v2\/users\/5"}],"replies":[{"embeddable":true,"href":"https:\/\/dezinfa.lv\/ru\/wp-json\/wp\/v2\/comments?post=1843"}],"version-history":[{"count":2,"href":"https:\/\/dezinfa.lv\/ru\/wp-json\/wp\/v2\/pages\/1843\/revisions"}],"predecessor-version":[{"id":1845,"href":"https:\/\/dezinfa.lv\/ru\/wp-json\/wp\/v2\/pages\/1843\/revisions\/1845"}],"up":[{"embeddable":true,"href":"https:\/\/dezinfa.lv\/ru\/wp-json\/wp\/v2\/pages\/1809"}],"wp:attachment":[{"href":"https:\/\/dezinfa.lv\/ru\/wp-json\/wp\/v2\/media?parent=1843"}],"curies":[{"name":"wp","href":"https:\/\/api.w.org\/{rel}","templated":true}]}}