{"id":1831,"date":"2021-01-06T15:33:19","date_gmt":"2021-01-06T13:33:19","guid":{"rendered":"https:\/\/dezinfa.lv\/?page_id=1831"},"modified":"2021-01-06T15:33:46","modified_gmt":"2021-01-06T13:33:46","slug":"aquasect-500%d0%bc%d0%bb-%d1%80%d0%b0%d1%81%d0%bf%d1%8b%d0%bb%d1%8f%d0%b5%d0%bc%d0%be%d0%b5-%d1%81%d1%80%d0%b5%d0%b4%d1%81%d1%82%d0%b2%d0%be-%d0%b4%d0%bb%d1%8f-%d1%83%d0%bd%d0%b8%d1%87%d1%82%d0%be","status":"publish","type":"page","link":"https:\/\/dezinfa.lv\/ru\/edezinfa\/%d1%82%d0%be%d0%b2%d0%b0%d1%80%d1%8b\/%d0%b1%d0%be%d1%80%d1%8c%d0%b1%d0%b0-%d1%81-%d0%bd%d0%b0%d1%81%d0%b5%d0%ba%d0%be%d0%bc%d1%8b%d0%bc%d0%b8\/%d0%b8%d0%bd%d1%81%d0%b5%d0%ba%d1%82%d0%b8%d1%86%d0%b8%d0%b4%d1%8b\/aquasect-500%d0%bc%d0%bb-%d1%80%d0%b0%d1%81%d0%bf%d1%8b%d0%bb%d1%8f%d0%b5%d0%bc%d0%be%d0%b5-%d1%81%d1%80%d0%b5%d0%b4%d1%81%d1%82%d0%b2%d0%be-%d0%b4%d0%bb%d1%8f-%d1%83%d0%bd%d0%b8%d1%87%d1%82%d0%be\/","title":{"rendered":"Aquasect 500\u043c\u043b &#8212; \u0440\u0430\u0441\u043f\u044b\u043b\u044f\u0435\u043c\u043e\u0435 \u0441\u0440\u0435\u0434\u0441\u0442\u0432\u043e \u0434\u043b\u044f \u0443\u043d\u0438\u0447\u0442\u043e\u0436\u0435\u043d\u0438\u044f \u043f\u043e\u043b\u0437\u0443\u0447\u0438\u0445 \u043d\u0430\u0441\u0435\u043a\u043e\u043c\u044b\u0445"},"content":{"rendered":"<p>\u0412\u043e\u0434\u043d\u0430\u044f \u044d\u043c\u0443\u043b\u044c\u0441\u0438\u044f \u0438\u043d\u0441\u0435\u043a\u0442\u0438\u0446\u0438\u0434\u0430, \u0441\u043e\u0434\u0435\u0440\u0436\u0430\u0449\u0430\u044f \u0434\u0432\u0430 \u043f\u0438\u0440\u0435\u0442\u0440\u043e\u0438\u0434\u043d\u044b\u0445 \u0438\u043d\u0441\u0435\u043a\u0442\u0438\u0446\u0438\u0434\u0430: \u0446\u0438\u043f\u0435\u0440\u043c\u0435\u0442\u0440\u0438\u043d \u0438 \u0442\u0435\u0442\u0440\u0430\u043c\u0435\u0442\u0440\u0438\u043d, \u0438 \u0441\u0438\u043d\u0435\u0440\u0433\u0438\u0441\u0442 &#8212; \u043f\u0438\u043f\u0435\u0440\u043e\u043d\u0438\u043b \u0431\u0443\u0442\u043e\u043a\u0441\u0438\u0434. \u041a\u043e\u043c\u0431\u0438\u043d\u0438\u0440\u043e\u0432\u0430\u043d\u043d\u0430\u044f \u0430\u043a\u0442\u0438\u0432\u043d\u043e\u0441\u0442\u044c \u0434\u0432\u0443\u0445 \u043f\u0438\u0440\u0435\u0442\u0440\u043e\u0438\u0434\u043e\u0432 \u044f\u0432\u043b\u044f\u0435\u0442\u0441\u044f \u043f\u0440\u0438\u0447\u0438\u043d\u043e\u0439 \u0431\u044b\u0441\u0442\u0440\u043e\u0433\u043e \u0432\u043e\u0437\u0434\u0435\u0439\u0441\u0442\u0432\u0438\u044f AQUASECT. \u0418\u043d\u0441\u0435\u043a\u0442\u0438\u0446\u0438\u0434 \u0434\u0435\u0439\u0441\u0442\u0432\u0443\u0435\u0442, \u043a\u043e\u0433\u0434\u0430 \u043f\u0440\u043e\u0434\u0443\u043a\u0442 \u043d\u0435\u043f\u043e\u0441\u0440\u0435\u0434\u0441\u0442\u0432\u0435\u043d\u043d\u043e \u0441\u043e\u043f\u0440\u0438\u043a\u0430\u0441\u0430\u0435\u0442\u0441\u044f \u0441 \u0432\u0440\u0435\u0434\u043d\u044b\u043c\u0438 \u043d\u0430\u0441\u0435\u043a\u043e\u043c\u044b\u043c\u0438 \u0438\u043b\u0438 \u043a\u043e\u0433\u0434\u0430 \u044d\u0442\u0438 \u043d\u0430\u0441\u0435\u043a\u043e\u043c\u044b\u0435 \u0441\u043e\u043f\u0440\u0438\u043a\u0430\u0441\u0430\u044e\u0442\u0441\u044f \u0441 \u043f\u043e\u0432\u0435\u0440\u0445\u043d\u043e\u0441\u0442\u044f\u043c\u0438, \u043e\u0431\u0440\u0430\u0431\u043e\u0442\u0430\u043d\u043d\u044b\u043c\u0438 AQUASECT. \u041f\u0440\u043e\u0434\u0443\u043a\u0442 \u0433\u043e\u0442\u043e\u0432 \u043a \u0438\u0441\u043f\u043e\u043b\u044c\u0437\u043e\u0432\u0430\u043d\u0438\u044e, \u0438 \u043e\u043d \u043f\u043e\u0447\u0442\u0438 \u043d\u0435 \u0438\u043c\u0435\u0435\u0442 \u0437\u0430\u043f\u0430\u0445\u0430. \u041f\u043e\u044d\u0442\u043e\u043c\u0443 \u0435\u0433\u043e \u0441\u043c\u0435\u043b\u043e \u043c\u043e\u0436\u043d\u043e \u0438\u0441\u043f\u043e\u043b\u044c\u0437\u043e\u0432\u0430\u0442\u044c \u0432 \u043f\u043e\u043c\u0435\u0449\u0435\u043d\u0438\u044f\u0445. \u042d\u0444\u0444\u0435\u043a\u0442 \u0438\u043d\u0441\u0435\u043a\u0442\u0438\u0446\u0438\u0434\u0430 \u043d\u0430\u0431\u043b\u044e\u0434\u0430\u0435\u0442\u0441\u044f \u0443\u0436\u0435 \u0447\u0435\u0440\u0435\u0437 \u043d\u0435\u0441\u043a\u043e\u043b\u044c\u043a\u043e \u043c\u0438\u043d\u0443\u0442 \u043f\u043e\u0441\u043b\u0435 \u0435\u0433\u043e \u043f\u0440\u0438\u043c\u0435\u043d\u0435\u043d\u0438\u044f. AQUASECT \u043e\u0441\u043e\u0431\u043e \u044d\u0444\u0444\u0435\u043a\u0442\u0438\u0432\u043d\u043e \u0432\u043e\u0437\u0434\u0435\u0439\u0441\u0442\u0432\u0443\u0435\u0442 \u043d\u0430 \u043f\u043e\u043b\u0437\u0430\u044e\u0449\u0438\u0445 \u043d\u0430\u0441\u0435\u043a\u043e\u043c\u044b\u0445 (\u0442\u0430\u0440\u0430\u043a\u0430\u043d\u043e\u0432, \u043c\u0443\u0440\u0430\u0432\u044c\u0435\u0432, \u0431\u043b\u043e\u0445, \u043a\u043b\u043e\u043f\u043e\u0432), \u0430 \u0442\u0430\u043a\u0436\u0435 \u0432\u043e\u0437\u0434\u0435\u0439\u0441\u0442\u0432\u0443\u0435\u0442 \u043d\u0430 \u043a\u043e\u043c\u0430\u0440\u043e\u0432. AQUASECT \u0441\u043e\u0434\u0435\u0440\u0436\u0438\u0442 \u0433\u043e\u0440\u0435\u0447\u044c, \u0447\u0442\u043e\u0431\u044b \u043f\u0440\u0435\u0434\u043e\u0442\u0432\u0440\u0430\u0442\u0438\u0442\u044c \u0435\u0433\u043e \u0441\u044a\u0435\u0434\u0430\u043d\u0438\u0435 \u0434\u0435\u0442\u044c\u043c\u0438.<\/p>\n","protected":false},"excerpt":{"rendered":"<p>\u0412\u043e\u0434\u043d\u0430\u044f \u044d\u043c\u0443\u043b\u044c\u0441\u0438\u044f \u0438\u043d\u0441\u0435\u043a\u0442\u0438\u0446\u0438\u0434\u0430, \u0441\u043e\u0434\u0435\u0440\u0436\u0430\u0449\u0430\u044f \u0434\u0432\u0430 \u043f\u0438\u0440\u0435\u0442\u0440\u043e\u0438\u0434\u043d\u044b\u0445 \u0438\u043d\u0441\u0435\u043a\u0442\u0438\u0446\u0438\u0434\u0430: \u0446\u0438\u043f\u0435\u0440\u043c\u0435\u0442\u0440\u0438\u043d \u0438 \u0442\u0435\u0442\u0440\u0430\u043c\u0435\u0442\u0440\u0438\u043d, \u0438 \u0441\u0438\u043d\u0435\u0440\u0433\u0438\u0441\u0442 &#8212; \u043f\u0438\u043f\u0435\u0440\u043e\u043d\u0438\u043b \u0431\u0443\u0442\u043e\u043a\u0441\u0438\u0434. \u041a\u043e\u043c\u0431\u0438\u043d\u0438\u0440\u043e\u0432\u0430\u043d\u043d\u0430\u044f \u0430\u043a\u0442\u0438\u0432\u043d\u043e\u0441\u0442\u044c \u0434\u0432\u0443\u0445 \u043f\u0438\u0440\u0435\u0442\u0440\u043e\u0438\u0434\u043e\u0432 \u044f\u0432\u043b\u044f\u0435\u0442\u0441\u044f \u043f\u0440\u0438\u0447\u0438\u043d\u043e\u0439 \u0431\u044b\u0441\u0442\u0440\u043e\u0433\u043e \u0432\u043e\u0437\u0434\u0435\u0439\u0441\u0442\u0432\u0438\u044f AQUASECT. \u0418\u043d\u0441\u0435\u043a\u0442\u0438\u0446\u0438\u0434 \u0434\u0435\u0439\u0441\u0442\u0432\u0443\u0435\u0442, \u043a\u043e\u0433\u0434\u0430 \u043f\u0440\u043e\u0434\u0443\u043a\u0442 \u043d\u0435\u043f\u043e\u0441\u0440\u0435\u0434\u0441\u0442\u0432\u0435\u043d\u043d\u043e \u0441\u043e\u043f\u0440\u0438\u043a\u0430\u0441\u0430\u0435\u0442\u0441\u044f \u0441 \u0432\u0440\u0435\u0434\u043d\u044b\u043c\u0438 \u043d\u0430\u0441\u0435\u043a\u043e\u043c\u044b\u043c\u0438 \u0438\u043b\u0438 \u043a\u043e\u0433\u0434\u0430 \u044d\u0442\u0438 \u043d\u0430\u0441\u0435\u043a\u043e\u043c\u044b\u0435 \u0441\u043e\u043f\u0440\u0438\u043a\u0430\u0441\u0430\u044e\u0442\u0441\u044f \u0441 \u043f\u043e\u0432\u0435\u0440\u0445\u043d\u043e\u0441\u0442\u044f\u043c\u0438, \u043e\u0431\u0440\u0430\u0431\u043e\u0442\u0430\u043d\u043d\u044b\u043c\u0438 AQUASECT. \u041f\u0440\u043e\u0434\u0443\u043a\u0442 \u0433\u043e\u0442\u043e\u0432 \u043a \u0438\u0441\u043f\u043e\u043b\u044c\u0437\u043e\u0432\u0430\u043d\u0438\u044e, \u0438 \u043e\u043d \u043f\u043e\u0447\u0442\u0438 \u043d\u0435 \u0438\u043c\u0435\u0435\u0442 \u0437\u0430\u043f\u0430\u0445\u0430. \u041f\u043e\u044d\u0442\u043e\u043c\u0443 \u0435\u0433\u043e \u0441\u043c\u0435\u043b\u043e [&hellip;]<\/p>\n","protected":false},"author":5,"featured_media":307,"parent":1809,"menu_order":0,"comment_status":"closed","ping_status":"closed","template":"template-edezinfa-1.php","meta":{"_acf_changed":false,"footnotes":""},"acf":[],"yoast_head":"<!-- This site is optimized with the Yoast SEO plugin v23.1 - https:\/\/yoast.com\/wordpress\/plugins\/seo\/ -->\n<title>Aquasect 500\u043c\u043b - \u0440\u0430\u0441\u043f\u044b\u043b\u044f\u0435\u043c\u043e\u0435 \u0441\u0440\u0435\u0434\u0441\u0442\u0432\u043e \u0434\u043b\u044f \u0443\u043d\u0438\u0447\u0442\u043e\u0436\u0435\u043d\u0438\u044f \u043f\u043e\u043b\u0437\u0443\u0447\u0438\u0445 \u043d\u0430\u0441\u0435\u043a\u043e\u043c\u044b\u0445 &#8211; Dezinfa<\/title>\n<meta name=\"robots\" content=\"index, follow, max-snippet:-1, max-image-preview:large, max-video-preview:-1\" \/>\n<link rel=\"canonical\" href=\"https:\/\/dezinfa.lv\/ru\/edezinfa\/produkti\/insektu-kontrole\/insekticidi\/aquasect-500ml-izsmidzinams-lidzeklis-rapjoso-kukainu-iznicinasanai\/\" \/>\n<meta property=\"og:locale\" content=\"ru_RU\" \/>\n<meta property=\"og:type\" content=\"article\" \/>\n<meta property=\"og:title\" content=\"Aquasect 500\u043c\u043b - \u0440\u0430\u0441\u043f\u044b\u043b\u044f\u0435\u043c\u043e\u0435 \u0441\u0440\u0435\u0434\u0441\u0442\u0432\u043e \u0434\u043b\u044f \u0443\u043d\u0438\u0447\u0442\u043e\u0436\u0435\u043d\u0438\u044f \u043f\u043e\u043b\u0437\u0443\u0447\u0438\u0445 \u043d\u0430\u0441\u0435\u043a\u043e\u043c\u044b\u0445 &#8211; Dezinfa\" \/>\n<meta property=\"og:description\" content=\"\u0412\u043e\u0434\u043d\u0430\u044f \u044d\u043c\u0443\u043b\u044c\u0441\u0438\u044f \u0438\u043d\u0441\u0435\u043a\u0442\u0438\u0446\u0438\u0434\u0430, \u0441\u043e\u0434\u0435\u0440\u0436\u0430\u0449\u0430\u044f \u0434\u0432\u0430 \u043f\u0438\u0440\u0435\u0442\u0440\u043e\u0438\u0434\u043d\u044b\u0445 \u0438\u043d\u0441\u0435\u043a\u0442\u0438\u0446\u0438\u0434\u0430: \u0446\u0438\u043f\u0435\u0440\u043c\u0435\u0442\u0440\u0438\u043d \u0438 \u0442\u0435\u0442\u0440\u0430\u043c\u0435\u0442\u0440\u0438\u043d, \u0438 \u0441\u0438\u043d\u0435\u0440\u0433\u0438\u0441\u0442 &#8212; \u043f\u0438\u043f\u0435\u0440\u043e\u043d\u0438\u043b \u0431\u0443\u0442\u043e\u043a\u0441\u0438\u0434. \u041a\u043e\u043c\u0431\u0438\u043d\u0438\u0440\u043e\u0432\u0430\u043d\u043d\u0430\u044f \u0430\u043a\u0442\u0438\u0432\u043d\u043e\u0441\u0442\u044c \u0434\u0432\u0443\u0445 \u043f\u0438\u0440\u0435\u0442\u0440\u043e\u0438\u0434\u043e\u0432 \u044f\u0432\u043b\u044f\u0435\u0442\u0441\u044f \u043f\u0440\u0438\u0447\u0438\u043d\u043e\u0439 \u0431\u044b\u0441\u0442\u0440\u043e\u0433\u043e \u0432\u043e\u0437\u0434\u0435\u0439\u0441\u0442\u0432\u0438\u044f AQUASECT. \u0418\u043d\u0441\u0435\u043a\u0442\u0438\u0446\u0438\u0434 \u0434\u0435\u0439\u0441\u0442\u0432\u0443\u0435\u0442, \u043a\u043e\u0433\u0434\u0430 \u043f\u0440\u043e\u0434\u0443\u043a\u0442 \u043d\u0435\u043f\u043e\u0441\u0440\u0435\u0434\u0441\u0442\u0432\u0435\u043d\u043d\u043e \u0441\u043e\u043f\u0440\u0438\u043a\u0430\u0441\u0430\u0435\u0442\u0441\u044f \u0441 \u0432\u0440\u0435\u0434\u043d\u044b\u043c\u0438 \u043d\u0430\u0441\u0435\u043a\u043e\u043c\u044b\u043c\u0438 \u0438\u043b\u0438 \u043a\u043e\u0433\u0434\u0430 \u044d\u0442\u0438 \u043d\u0430\u0441\u0435\u043a\u043e\u043c\u044b\u0435 \u0441\u043e\u043f\u0440\u0438\u043a\u0430\u0441\u0430\u044e\u0442\u0441\u044f \u0441 \u043f\u043e\u0432\u0435\u0440\u0445\u043d\u043e\u0441\u0442\u044f\u043c\u0438, \u043e\u0431\u0440\u0430\u0431\u043e\u0442\u0430\u043d\u043d\u044b\u043c\u0438 AQUASECT. \u041f\u0440\u043e\u0434\u0443\u043a\u0442 \u0433\u043e\u0442\u043e\u0432 \u043a \u0438\u0441\u043f\u043e\u043b\u044c\u0437\u043e\u0432\u0430\u043d\u0438\u044e, \u0438 \u043e\u043d \u043f\u043e\u0447\u0442\u0438 \u043d\u0435 \u0438\u043c\u0435\u0435\u0442 \u0437\u0430\u043f\u0430\u0445\u0430. \u041f\u043e\u044d\u0442\u043e\u043c\u0443 \u0435\u0433\u043e \u0441\u043c\u0435\u043b\u043e [&hellip;]\" \/>\n<meta property=\"og:url\" content=\"https:\/\/dezinfa.lv\/edezinfa\/produkti\/insektu-kontrole\/insekticidi\/aquasect-500ml-izsmidzinams-lidzeklis-rapjoso-kukainu-iznicinasanai\/\" \/>\n<meta property=\"og:site_name\" content=\"Dezinfa\" \/>\n<meta property=\"article:modified_time\" content=\"2021-01-06T13:33:46+00:00\" \/>\n<meta property=\"og:image\" content=\"https:\/\/dezinfa.lv\/wp-content\/uploads\/2020\/12\/14123.jpeg\" \/>\n\t<meta property=\"og:image:width\" content=\"150\" \/>\n\t<meta property=\"og:image:height\" content=\"222\" \/>\n\t<meta property=\"og:image:type\" content=\"image\/jpeg\" \/>\n<meta name=\"twitter:card\" content=\"summary_large_image\" \/>\n<script type=\"application\/ld+json\" class=\"yoast-schema-graph\">{\"@context\":\"https:\/\/schema.org\",\"@graph\":[{\"@type\":\"WebPage\",\"@id\":\"https:\/\/dezinfa.lv\/edezinfa\/produkti\/insektu-kontrole\/insekticidi\/aquasect-500ml-izsmidzinams-lidzeklis-rapjoso-kukainu-iznicinasanai\/\",\"url\":\"https:\/\/dezinfa.lv\/edezinfa\/produkti\/insektu-kontrole\/insekticidi\/aquasect-500ml-izsmidzinams-lidzeklis-rapjoso-kukainu-iznicinasanai\/\",\"name\":\"Aquasect 500\u043c\u043b - \u0440\u0430\u0441\u043f\u044b\u043b\u044f\u0435\u043c\u043e\u0435 \u0441\u0440\u0435\u0434\u0441\u0442\u0432\u043e \u0434\u043b\u044f \u0443\u043d\u0438\u0447\u0442\u043e\u0436\u0435\u043d\u0438\u044f \u043f\u043e\u043b\u0437\u0443\u0447\u0438\u0445 \u043d\u0430\u0441\u0435\u043a\u043e\u043c\u044b\u0445 &#8211; Dezinfa\",\"isPartOf\":{\"@id\":\"https:\/\/dezinfa.lv\/#website\"},\"primaryImageOfPage\":{\"@id\":\"https:\/\/dezinfa.lv\/edezinfa\/produkti\/insektu-kontrole\/insekticidi\/aquasect-500ml-izsmidzinams-lidzeklis-rapjoso-kukainu-iznicinasanai\/#primaryimage\"},\"image\":{\"@id\":\"https:\/\/dezinfa.lv\/edezinfa\/produkti\/insektu-kontrole\/insekticidi\/aquasect-500ml-izsmidzinams-lidzeklis-rapjoso-kukainu-iznicinasanai\/#primaryimage\"},\"thumbnailUrl\":\"https:\/\/dezinfa.lv\/wp-content\/uploads\/2020\/12\/14123.jpeg\",\"datePublished\":\"2021-01-06T13:33:19+00:00\",\"dateModified\":\"2021-01-06T13:33:46+00:00\",\"breadcrumb\":{\"@id\":\"https:\/\/dezinfa.lv\/edezinfa\/produkti\/insektu-kontrole\/insekticidi\/aquasect-500ml-izsmidzinams-lidzeklis-rapjoso-kukainu-iznicinasanai\/#breadcrumb\"},\"inLanguage\":\"ru-RU\",\"potentialAction\":[{\"@type\":\"ReadAction\",\"target\":[\"https:\/\/dezinfa.lv\/edezinfa\/produkti\/insektu-kontrole\/insekticidi\/aquasect-500ml-izsmidzinams-lidzeklis-rapjoso-kukainu-iznicinasanai\/\"]}]},{\"@type\":\"ImageObject\",\"inLanguage\":\"ru-RU\",\"@id\":\"https:\/\/dezinfa.lv\/edezinfa\/produkti\/insektu-kontrole\/insekticidi\/aquasect-500ml-izsmidzinams-lidzeklis-rapjoso-kukainu-iznicinasanai\/#primaryimage\",\"url\":\"https:\/\/dezinfa.lv\/wp-content\/uploads\/2020\/12\/14123.jpeg\",\"contentUrl\":\"https:\/\/dezinfa.lv\/wp-content\/uploads\/2020\/12\/14123.jpeg\",\"width\":150,\"height\":222},{\"@type\":\"BreadcrumbList\",\"@id\":\"https:\/\/dezinfa.lv\/edezinfa\/produkti\/insektu-kontrole\/insekticidi\/aquasect-500ml-izsmidzinams-lidzeklis-rapjoso-kukainu-iznicinasanai\/#breadcrumb\",\"itemListElement\":[{\"@type\":\"ListItem\",\"position\":1,\"name\":\"\u0423\u0421\u041b\u0423\u0413\u0418\",\"item\":\"https:\/\/dezinfa.lv\/edezinfa\/\"},{\"@type\":\"ListItem\",\"position\":2,\"name\":\"\u0422\u043e\u0432\u0430\u0440\u044b\",\"item\":\"https:\/\/dezinfa.lv\/edezinfa\/produkti\/\"},{\"@type\":\"ListItem\",\"position\":3,\"name\":\"\u0411\u043e\u0440\u044c\u0431\u0430 \u0441 \u043d\u0430\u0441\u0435\u043a\u043e\u043c\u044b\u043c\u0438\",\"item\":\"https:\/\/dezinfa.lv\/edezinfa\/produkti\/insektu-kontrole\/\"},{\"@type\":\"ListItem\",\"position\":4,\"name\":\"\u0418\u043d\u0441\u0435\u043a\u0442\u0438\u0446\u0438\u0434\u044b\",\"item\":\"https:\/\/dezinfa.lv\/edezinfa\/produkti\/insektu-kontrole\/insekticidi\/\"},{\"@type\":\"ListItem\",\"position\":5,\"name\":\"Aquasect 500\u043c\u043b &#8211; \u0440\u0430\u0441\u043f\u044b\u043b\u044f\u0435\u043c\u043e\u0435 \u0441\u0440\u0435\u0434\u0441\u0442\u0432\u043e \u0434\u043b\u044f \u0443\u043d\u0438\u0447\u0442\u043e\u0436\u0435\u043d\u0438\u044f \u043f\u043e\u043b\u0437\u0443\u0447\u0438\u0445 \u043d\u0430\u0441\u0435\u043a\u043e\u043c\u044b\u0445\"}]},{\"@type\":\"WebSite\",\"@id\":\"https:\/\/dezinfa.lv\/#website\",\"url\":\"https:\/\/dezinfa.lv\/\",\"name\":\"Dezinfa\",\"description\":\"Kait\u0113k\u013cu kontrole s\u0101kas ar mums\",\"potentialAction\":[{\"@type\":\"SearchAction\",\"target\":{\"@type\":\"EntryPoint\",\"urlTemplate\":\"https:\/\/dezinfa.lv\/?s={search_term_string}\"},\"query-input\":\"required name=search_term_string\"}],\"inLanguage\":\"ru-RU\"}]}<\/script>\n<!-- \/ Yoast SEO plugin. -->","yoast_head_json":{"title":"Aquasect 500\u043c\u043b - \u0440\u0430\u0441\u043f\u044b\u043b\u044f\u0435\u043c\u043e\u0435 \u0441\u0440\u0435\u0434\u0441\u0442\u0432\u043e \u0434\u043b\u044f \u0443\u043d\u0438\u0447\u0442\u043e\u0436\u0435\u043d\u0438\u044f \u043f\u043e\u043b\u0437\u0443\u0447\u0438\u0445 \u043d\u0430\u0441\u0435\u043a\u043e\u043c\u044b\u0445 &#8211; Dezinfa","robots":{"index":"index","follow":"follow","max-snippet":"max-snippet:-1","max-image-preview":"max-image-preview:large","max-video-preview":"max-video-preview:-1"},"canonical":"https:\/\/dezinfa.lv\/ru\/edezinfa\/produkti\/insektu-kontrole\/insekticidi\/aquasect-500ml-izsmidzinams-lidzeklis-rapjoso-kukainu-iznicinasanai\/","og_locale":"ru_RU","og_type":"article","og_title":"Aquasect 500\u043c\u043b - \u0440\u0430\u0441\u043f\u044b\u043b\u044f\u0435\u043c\u043e\u0435 \u0441\u0440\u0435\u0434\u0441\u0442\u0432\u043e \u0434\u043b\u044f \u0443\u043d\u0438\u0447\u0442\u043e\u0436\u0435\u043d\u0438\u044f \u043f\u043e\u043b\u0437\u0443\u0447\u0438\u0445 \u043d\u0430\u0441\u0435\u043a\u043e\u043c\u044b\u0445 &#8211; Dezinfa","og_description":"\u0412\u043e\u0434\u043d\u0430\u044f \u044d\u043c\u0443\u043b\u044c\u0441\u0438\u044f \u0438\u043d\u0441\u0435\u043a\u0442\u0438\u0446\u0438\u0434\u0430, \u0441\u043e\u0434\u0435\u0440\u0436\u0430\u0449\u0430\u044f \u0434\u0432\u0430 \u043f\u0438\u0440\u0435\u0442\u0440\u043e\u0438\u0434\u043d\u044b\u0445 \u0438\u043d\u0441\u0435\u043a\u0442\u0438\u0446\u0438\u0434\u0430: \u0446\u0438\u043f\u0435\u0440\u043c\u0435\u0442\u0440\u0438\u043d \u0438 \u0442\u0435\u0442\u0440\u0430\u043c\u0435\u0442\u0440\u0438\u043d, \u0438 \u0441\u0438\u043d\u0435\u0440\u0433\u0438\u0441\u0442 &#8212; \u043f\u0438\u043f\u0435\u0440\u043e\u043d\u0438\u043b \u0431\u0443\u0442\u043e\u043a\u0441\u0438\u0434. \u041a\u043e\u043c\u0431\u0438\u043d\u0438\u0440\u043e\u0432\u0430\u043d\u043d\u0430\u044f \u0430\u043a\u0442\u0438\u0432\u043d\u043e\u0441\u0442\u044c \u0434\u0432\u0443\u0445 \u043f\u0438\u0440\u0435\u0442\u0440\u043e\u0438\u0434\u043e\u0432 \u044f\u0432\u043b\u044f\u0435\u0442\u0441\u044f \u043f\u0440\u0438\u0447\u0438\u043d\u043e\u0439 \u0431\u044b\u0441\u0442\u0440\u043e\u0433\u043e \u0432\u043e\u0437\u0434\u0435\u0439\u0441\u0442\u0432\u0438\u044f AQUASECT. \u0418\u043d\u0441\u0435\u043a\u0442\u0438\u0446\u0438\u0434 \u0434\u0435\u0439\u0441\u0442\u0432\u0443\u0435\u0442, \u043a\u043e\u0433\u0434\u0430 \u043f\u0440\u043e\u0434\u0443\u043a\u0442 \u043d\u0435\u043f\u043e\u0441\u0440\u0435\u0434\u0441\u0442\u0432\u0435\u043d\u043d\u043e \u0441\u043e\u043f\u0440\u0438\u043a\u0430\u0441\u0430\u0435\u0442\u0441\u044f \u0441 \u0432\u0440\u0435\u0434\u043d\u044b\u043c\u0438 \u043d\u0430\u0441\u0435\u043a\u043e\u043c\u044b\u043c\u0438 \u0438\u043b\u0438 \u043a\u043e\u0433\u0434\u0430 \u044d\u0442\u0438 \u043d\u0430\u0441\u0435\u043a\u043e\u043c\u044b\u0435 \u0441\u043e\u043f\u0440\u0438\u043a\u0430\u0441\u0430\u044e\u0442\u0441\u044f \u0441 \u043f\u043e\u0432\u0435\u0440\u0445\u043d\u043e\u0441\u0442\u044f\u043c\u0438, \u043e\u0431\u0440\u0430\u0431\u043e\u0442\u0430\u043d\u043d\u044b\u043c\u0438 AQUASECT. \u041f\u0440\u043e\u0434\u0443\u043a\u0442 \u0433\u043e\u0442\u043e\u0432 \u043a \u0438\u0441\u043f\u043e\u043b\u044c\u0437\u043e\u0432\u0430\u043d\u0438\u044e, \u0438 \u043e\u043d \u043f\u043e\u0447\u0442\u0438 \u043d\u0435 \u0438\u043c\u0435\u0435\u0442 \u0437\u0430\u043f\u0430\u0445\u0430. \u041f\u043e\u044d\u0442\u043e\u043c\u0443 \u0435\u0433\u043e \u0441\u043c\u0435\u043b\u043e [&hellip;]","og_url":"https:\/\/dezinfa.lv\/edezinfa\/produkti\/insektu-kontrole\/insekticidi\/aquasect-500ml-izsmidzinams-lidzeklis-rapjoso-kukainu-iznicinasanai\/","og_site_name":"Dezinfa","article_modified_time":"2021-01-06T13:33:46+00:00","og_image":[{"width":150,"height":222,"url":"https:\/\/dezinfa.lv\/wp-content\/uploads\/2020\/12\/14123.jpeg","type":"image\/jpeg"}],"twitter_card":"summary_large_image","schema":{"@context":"https:\/\/schema.org","@graph":[{"@type":"WebPage","@id":"https:\/\/dezinfa.lv\/edezinfa\/produkti\/insektu-kontrole\/insekticidi\/aquasect-500ml-izsmidzinams-lidzeklis-rapjoso-kukainu-iznicinasanai\/","url":"https:\/\/dezinfa.lv\/edezinfa\/produkti\/insektu-kontrole\/insekticidi\/aquasect-500ml-izsmidzinams-lidzeklis-rapjoso-kukainu-iznicinasanai\/","name":"Aquasect 500\u043c\u043b - \u0440\u0430\u0441\u043f\u044b\u043b\u044f\u0435\u043c\u043e\u0435 \u0441\u0440\u0435\u0434\u0441\u0442\u0432\u043e \u0434\u043b\u044f \u0443\u043d\u0438\u0447\u0442\u043e\u0436\u0435\u043d\u0438\u044f \u043f\u043e\u043b\u0437\u0443\u0447\u0438\u0445 \u043d\u0430\u0441\u0435\u043a\u043e\u043c\u044b\u0445 &#8211; Dezinfa","isPartOf":{"@id":"https:\/\/dezinfa.lv\/#website"},"primaryImageOfPage":{"@id":"https:\/\/dezinfa.lv\/edezinfa\/produkti\/insektu-kontrole\/insekticidi\/aquasect-500ml-izsmidzinams-lidzeklis-rapjoso-kukainu-iznicinasanai\/#primaryimage"},"image":{"@id":"https:\/\/dezinfa.lv\/edezinfa\/produkti\/insektu-kontrole\/insekticidi\/aquasect-500ml-izsmidzinams-lidzeklis-rapjoso-kukainu-iznicinasanai\/#primaryimage"},"thumbnailUrl":"https:\/\/dezinfa.lv\/wp-content\/uploads\/2020\/12\/14123.jpeg","datePublished":"2021-01-06T13:33:19+00:00","dateModified":"2021-01-06T13:33:46+00:00","breadcrumb":{"@id":"https:\/\/dezinfa.lv\/edezinfa\/produkti\/insektu-kontrole\/insekticidi\/aquasect-500ml-izsmidzinams-lidzeklis-rapjoso-kukainu-iznicinasanai\/#breadcrumb"},"inLanguage":"ru-RU","potentialAction":[{"@type":"ReadAction","target":["https:\/\/dezinfa.lv\/edezinfa\/produkti\/insektu-kontrole\/insekticidi\/aquasect-500ml-izsmidzinams-lidzeklis-rapjoso-kukainu-iznicinasanai\/"]}]},{"@type":"ImageObject","inLanguage":"ru-RU","@id":"https:\/\/dezinfa.lv\/edezinfa\/produkti\/insektu-kontrole\/insekticidi\/aquasect-500ml-izsmidzinams-lidzeklis-rapjoso-kukainu-iznicinasanai\/#primaryimage","url":"https:\/\/dezinfa.lv\/wp-content\/uploads\/2020\/12\/14123.jpeg","contentUrl":"https:\/\/dezinfa.lv\/wp-content\/uploads\/2020\/12\/14123.jpeg","width":150,"height":222},{"@type":"BreadcrumbList","@id":"https:\/\/dezinfa.lv\/edezinfa\/produkti\/insektu-kontrole\/insekticidi\/aquasect-500ml-izsmidzinams-lidzeklis-rapjoso-kukainu-iznicinasanai\/#breadcrumb","itemListElement":[{"@type":"ListItem","position":1,"name":"\u0423\u0421\u041b\u0423\u0413\u0418","item":"https:\/\/dezinfa.lv\/edezinfa\/"},{"@type":"ListItem","position":2,"name":"\u0422\u043e\u0432\u0430\u0440\u044b","item":"https:\/\/dezinfa.lv\/edezinfa\/produkti\/"},{"@type":"ListItem","position":3,"name":"\u0411\u043e\u0440\u044c\u0431\u0430 \u0441 \u043d\u0430\u0441\u0435\u043a\u043e\u043c\u044b\u043c\u0438","item":"https:\/\/dezinfa.lv\/edezinfa\/produkti\/insektu-kontrole\/"},{"@type":"ListItem","position":4,"name":"\u0418\u043d\u0441\u0435\u043a\u0442\u0438\u0446\u0438\u0434\u044b","item":"https:\/\/dezinfa.lv\/edezinfa\/produkti\/insektu-kontrole\/insekticidi\/"},{"@type":"ListItem","position":5,"name":"Aquasect 500\u043c\u043b &#8211; \u0440\u0430\u0441\u043f\u044b\u043b\u044f\u0435\u043c\u043e\u0435 \u0441\u0440\u0435\u0434\u0441\u0442\u0432\u043e \u0434\u043b\u044f \u0443\u043d\u0438\u0447\u0442\u043e\u0436\u0435\u043d\u0438\u044f \u043f\u043e\u043b\u0437\u0443\u0447\u0438\u0445 \u043d\u0430\u0441\u0435\u043a\u043e\u043c\u044b\u0445"}]},{"@type":"WebSite","@id":"https:\/\/dezinfa.lv\/#website","url":"https:\/\/dezinfa.lv\/","name":"Dezinfa","description":"Kait\u0113k\u013cu kontrole s\u0101kas ar mums","potentialAction":[{"@type":"SearchAction","target":{"@type":"EntryPoint","urlTemplate":"https:\/\/dezinfa.lv\/?s={search_term_string}"},"query-input":"required name=search_term_string"}],"inLanguage":"ru-RU"}]}},"_links":{"self":[{"href":"https:\/\/dezinfa.lv\/ru\/wp-json\/wp\/v2\/pages\/1831"}],"collection":[{"href":"https:\/\/dezinfa.lv\/ru\/wp-json\/wp\/v2\/pages"}],"about":[{"href":"https:\/\/dezinfa.lv\/ru\/wp-json\/wp\/v2\/types\/page"}],"author":[{"embeddable":true,"href":"https:\/\/dezinfa.lv\/ru\/wp-json\/wp\/v2\/users\/5"}],"replies":[{"embeddable":true,"href":"https:\/\/dezinfa.lv\/ru\/wp-json\/wp\/v2\/comments?post=1831"}],"version-history":[{"count":2,"href":"https:\/\/dezinfa.lv\/ru\/wp-json\/wp\/v2\/pages\/1831\/revisions"}],"predecessor-version":[{"id":1833,"href":"https:\/\/dezinfa.lv\/ru\/wp-json\/wp\/v2\/pages\/1831\/revisions\/1833"}],"up":[{"embeddable":true,"href":"https:\/\/dezinfa.lv\/ru\/wp-json\/wp\/v2\/pages\/1809"}],"wp:featuredmedia":[{"embeddable":true,"href":"https:\/\/dezinfa.lv\/ru\/wp-json\/wp\/v2\/media\/307"}],"wp:attachment":[{"href":"https:\/\/dezinfa.lv\/ru\/wp-json\/wp\/v2\/media?parent=1831"}],"curies":[{"name":"wp","href":"https:\/\/api.w.org\/{rel}","templated":true}]}}