{"id":1823,"date":"2021-01-06T15:26:12","date_gmt":"2021-01-06T13:26:12","guid":{"rendered":"https:\/\/dezinfa.lv\/?page_id=1823"},"modified":"2021-01-19T14:28:31","modified_gmt":"2021-01-19T12:28:31","slug":"%d0%b4%d1%80%d1%83%d0%b3%d0%b8%d0%b5-%d1%84%d0%be%d1%80%d0%bc%d1%8b-%d0%be%d1%82%d0%bf%d1%83%d0%b3%d0%b8%d0%b2%d0%b0%d0%bd%d0%b8%d1%8f-%d0%bf%d1%82%d0%b8%d1%86","status":"publish","type":"page","link":"https:\/\/dezinfa.lv\/ru\/edezinfa\/%d1%82%d0%be%d0%b2%d0%b0%d1%80%d1%8b\/%d0%ba%d0%be%d0%bd%d1%82%d1%80%d0%be%d0%bb%d1%8c-%d0%bf%d1%82%d0%b8%d1%86\/%d0%b4%d1%80%d1%83%d0%b3%d0%b8%d0%b5-%d1%84%d0%be%d1%80%d0%bc%d1%8b-%d0%be%d1%82%d0%bf%d1%83%d0%b3%d0%b8%d0%b2%d0%b0%d0%bd%d0%b8%d1%8f-%d0%bf%d1%82%d0%b8%d1%86\/","title":{"rendered":"\u0414\u0440\u0443\u0433\u0438\u0435 \u0444\u043e\u0440\u043c\u044b \u043e\u0442\u043f\u0443\u0433\u0438\u0432\u0430\u043d\u0438\u044f \u043f\u0442\u0438\u0446"},"content":{"rendered":"","protected":false},"excerpt":{"rendered":"","protected":false},"author":5,"featured_media":1623,"parent":1779,"menu_order":0,"comment_status":"closed","ping_status":"closed","template":"template-edezinfa-1.php","meta":{"_acf_changed":false,"footnotes":""},"acf":[],"yoast_head":"<!-- This site is optimized with the Yoast SEO plugin v23.1 - https:\/\/yoast.com\/wordpress\/plugins\/seo\/ -->\n<title>\u0414\u0440\u0443\u0433\u0438\u0435 \u0444\u043e\u0440\u043c\u044b \u043e\u0442\u043f\u0443\u0433\u0438\u0432\u0430\u043d\u0438\u044f \u043f\u0442\u0438\u0446 &#8211; Dezinfa<\/title>\n<meta name=\"robots\" content=\"index, follow, max-snippet:-1, max-image-preview:large, max-video-preview:-1\" \/>\n<link rel=\"canonical\" href=\"https:\/\/dezinfa.lv\/ru\/edezinfa\/produkti\/putnu-kontrole\/pareja-putnu-atbaidisana\/\" \/>\n<meta property=\"og:locale\" content=\"ru_RU\" \/>\n<meta property=\"og:type\" content=\"article\" \/>\n<meta property=\"og:title\" content=\"\u0414\u0440\u0443\u0433\u0438\u0435 \u0444\u043e\u0440\u043c\u044b \u043e\u0442\u043f\u0443\u0433\u0438\u0432\u0430\u043d\u0438\u044f \u043f\u0442\u0438\u0446 &#8211; Dezinfa\" \/>\n<meta property=\"og:url\" content=\"https:\/\/dezinfa.lv\/edezinfa\/produkti\/putnu-kontrole\/pareja-putnu-atbaidisana\/\" \/>\n<meta property=\"og:site_name\" content=\"Dezinfa\" \/>\n<meta property=\"article:modified_time\" content=\"2021-01-19T12:28:31+00:00\" \/>\n<meta property=\"og:image\" content=\"https:\/\/dezinfa.lv\/wp-content\/uploads\/2020\/12\/MG_9360-scaled.jpg\" \/>\n\t<meta property=\"og:image:width\" content=\"2560\" \/>\n\t<meta property=\"og:image:height\" content=\"1707\" \/>\n\t<meta property=\"og:image:type\" content=\"image\/jpeg\" \/>\n<meta name=\"twitter:card\" content=\"summary_large_image\" \/>\n<script type=\"application\/ld+json\" class=\"yoast-schema-graph\">{\"@context\":\"https:\/\/schema.org\",\"@graph\":[{\"@type\":\"WebPage\",\"@id\":\"https:\/\/dezinfa.lv\/edezinfa\/produkti\/putnu-kontrole\/pareja-putnu-atbaidisana\/\",\"url\":\"https:\/\/dezinfa.lv\/edezinfa\/produkti\/putnu-kontrole\/pareja-putnu-atbaidisana\/\",\"name\":\"\u0414\u0440\u0443\u0433\u0438\u0435 \u0444\u043e\u0440\u043c\u044b \u043e\u0442\u043f\u0443\u0433\u0438\u0432\u0430\u043d\u0438\u044f \u043f\u0442\u0438\u0446 &#8211; Dezinfa\",\"isPartOf\":{\"@id\":\"https:\/\/dezinfa.lv\/#website\"},\"primaryImageOfPage\":{\"@id\":\"https:\/\/dezinfa.lv\/edezinfa\/produkti\/putnu-kontrole\/pareja-putnu-atbaidisana\/#primaryimage\"},\"image\":{\"@id\":\"https:\/\/dezinfa.lv\/edezinfa\/produkti\/putnu-kontrole\/pareja-putnu-atbaidisana\/#primaryimage\"},\"thumbnailUrl\":\"https:\/\/dezinfa.lv\/wp-content\/uploads\/2020\/12\/MG_9360-scaled.jpg\",\"datePublished\":\"2021-01-06T13:26:12+00:00\",\"dateModified\":\"2021-01-19T12:28:31+00:00\",\"breadcrumb\":{\"@id\":\"https:\/\/dezinfa.lv\/edezinfa\/produkti\/putnu-kontrole\/pareja-putnu-atbaidisana\/#breadcrumb\"},\"inLanguage\":\"ru-RU\",\"potentialAction\":[{\"@type\":\"ReadAction\",\"target\":[\"https:\/\/dezinfa.lv\/edezinfa\/produkti\/putnu-kontrole\/pareja-putnu-atbaidisana\/\"]}]},{\"@type\":\"ImageObject\",\"inLanguage\":\"ru-RU\",\"@id\":\"https:\/\/dezinfa.lv\/edezinfa\/produkti\/putnu-kontrole\/pareja-putnu-atbaidisana\/#primaryimage\",\"url\":\"https:\/\/dezinfa.lv\/wp-content\/uploads\/2020\/12\/MG_9360-scaled.jpg\",\"contentUrl\":\"https:\/\/dezinfa.lv\/wp-content\/uploads\/2020\/12\/MG_9360-scaled.jpg\",\"width\":2560,\"height\":1707},{\"@type\":\"BreadcrumbList\",\"@id\":\"https:\/\/dezinfa.lv\/edezinfa\/produkti\/putnu-kontrole\/pareja-putnu-atbaidisana\/#breadcrumb\",\"itemListElement\":[{\"@type\":\"ListItem\",\"position\":1,\"name\":\"\u0423\u0421\u041b\u0423\u0413\u0418\",\"item\":\"https:\/\/dezinfa.lv\/edezinfa\/\"},{\"@type\":\"ListItem\",\"position\":2,\"name\":\"\u0422\u043e\u0432\u0430\u0440\u044b\",\"item\":\"https:\/\/dezinfa.lv\/edezinfa\/produkti\/\"},{\"@type\":\"ListItem\",\"position\":3,\"name\":\"\u041f\u0440\u043e\u0434\u0443\u043a\u0442\u044b \u0434\u043b\u044f \u0431\u043e\u0440\u044c\u0431\u044b \u0441 \u043f\u0442\u0438\u0446\u0430\u043c\u0438\",\"item\":\"https:\/\/dezinfa.lv\/edezinfa\/produkti\/putnu-kontrole\/\"},{\"@type\":\"ListItem\",\"position\":4,\"name\":\"\u0414\u0440\u0443\u0433\u0438\u0435 \u0444\u043e\u0440\u043c\u044b \u043e\u0442\u043f\u0443\u0433\u0438\u0432\u0430\u043d\u0438\u044f \u043f\u0442\u0438\u0446\"}]},{\"@type\":\"WebSite\",\"@id\":\"https:\/\/dezinfa.lv\/#website\",\"url\":\"https:\/\/dezinfa.lv\/\",\"name\":\"Dezinfa\",\"description\":\"Kait\u0113k\u013cu kontrole s\u0101kas ar mums\",\"potentialAction\":[{\"@type\":\"SearchAction\",\"target\":{\"@type\":\"EntryPoint\",\"urlTemplate\":\"https:\/\/dezinfa.lv\/?s={search_term_string}\"},\"query-input\":\"required name=search_term_string\"}],\"inLanguage\":\"ru-RU\"}]}<\/script>\n<!-- \/ Yoast SEO plugin. -->","yoast_head_json":{"title":"\u0414\u0440\u0443\u0433\u0438\u0435 \u0444\u043e\u0440\u043c\u044b \u043e\u0442\u043f\u0443\u0433\u0438\u0432\u0430\u043d\u0438\u044f \u043f\u0442\u0438\u0446 &#8211; Dezinfa","robots":{"index":"index","follow":"follow","max-snippet":"max-snippet:-1","max-image-preview":"max-image-preview:large","max-video-preview":"max-video-preview:-1"},"canonical":"https:\/\/dezinfa.lv\/ru\/edezinfa\/produkti\/putnu-kontrole\/pareja-putnu-atbaidisana\/","og_locale":"ru_RU","og_type":"article","og_title":"\u0414\u0440\u0443\u0433\u0438\u0435 \u0444\u043e\u0440\u043c\u044b \u043e\u0442\u043f\u0443\u0433\u0438\u0432\u0430\u043d\u0438\u044f \u043f\u0442\u0438\u0446 &#8211; Dezinfa","og_url":"https:\/\/dezinfa.lv\/edezinfa\/produkti\/putnu-kontrole\/pareja-putnu-atbaidisana\/","og_site_name":"Dezinfa","article_modified_time":"2021-01-19T12:28:31+00:00","og_image":[{"width":2560,"height":1707,"url":"https:\/\/dezinfa.lv\/wp-content\/uploads\/2020\/12\/MG_9360-scaled.jpg","type":"image\/jpeg"}],"twitter_card":"summary_large_image","schema":{"@context":"https:\/\/schema.org","@graph":[{"@type":"WebPage","@id":"https:\/\/dezinfa.lv\/edezinfa\/produkti\/putnu-kontrole\/pareja-putnu-atbaidisana\/","url":"https:\/\/dezinfa.lv\/edezinfa\/produkti\/putnu-kontrole\/pareja-putnu-atbaidisana\/","name":"\u0414\u0440\u0443\u0433\u0438\u0435 \u0444\u043e\u0440\u043c\u044b \u043e\u0442\u043f\u0443\u0433\u0438\u0432\u0430\u043d\u0438\u044f \u043f\u0442\u0438\u0446 &#8211; Dezinfa","isPartOf":{"@id":"https:\/\/dezinfa.lv\/#website"},"primaryImageOfPage":{"@id":"https:\/\/dezinfa.lv\/edezinfa\/produkti\/putnu-kontrole\/pareja-putnu-atbaidisana\/#primaryimage"},"image":{"@id":"https:\/\/dezinfa.lv\/edezinfa\/produkti\/putnu-kontrole\/pareja-putnu-atbaidisana\/#primaryimage"},"thumbnailUrl":"https:\/\/dezinfa.lv\/wp-content\/uploads\/2020\/12\/MG_9360-scaled.jpg","datePublished":"2021-01-06T13:26:12+00:00","dateModified":"2021-01-19T12:28:31+00:00","breadcrumb":{"@id":"https:\/\/dezinfa.lv\/edezinfa\/produkti\/putnu-kontrole\/pareja-putnu-atbaidisana\/#breadcrumb"},"inLanguage":"ru-RU","potentialAction":[{"@type":"ReadAction","target":["https:\/\/dezinfa.lv\/edezinfa\/produkti\/putnu-kontrole\/pareja-putnu-atbaidisana\/"]}]},{"@type":"ImageObject","inLanguage":"ru-RU","@id":"https:\/\/dezinfa.lv\/edezinfa\/produkti\/putnu-kontrole\/pareja-putnu-atbaidisana\/#primaryimage","url":"https:\/\/dezinfa.lv\/wp-content\/uploads\/2020\/12\/MG_9360-scaled.jpg","contentUrl":"https:\/\/dezinfa.lv\/wp-content\/uploads\/2020\/12\/MG_9360-scaled.jpg","width":2560,"height":1707},{"@type":"BreadcrumbList","@id":"https:\/\/dezinfa.lv\/edezinfa\/produkti\/putnu-kontrole\/pareja-putnu-atbaidisana\/#breadcrumb","itemListElement":[{"@type":"ListItem","position":1,"name":"\u0423\u0421\u041b\u0423\u0413\u0418","item":"https:\/\/dezinfa.lv\/edezinfa\/"},{"@type":"ListItem","position":2,"name":"\u0422\u043e\u0432\u0430\u0440\u044b","item":"https:\/\/dezinfa.lv\/edezinfa\/produkti\/"},{"@type":"ListItem","position":3,"name":"\u041f\u0440\u043e\u0434\u0443\u043a\u0442\u044b \u0434\u043b\u044f \u0431\u043e\u0440\u044c\u0431\u044b \u0441 \u043f\u0442\u0438\u0446\u0430\u043c\u0438","item":"https:\/\/dezinfa.lv\/edezinfa\/produkti\/putnu-kontrole\/"},{"@type":"ListItem","position":4,"name":"\u0414\u0440\u0443\u0433\u0438\u0435 \u0444\u043e\u0440\u043c\u044b \u043e\u0442\u043f\u0443\u0433\u0438\u0432\u0430\u043d\u0438\u044f \u043f\u0442\u0438\u0446"}]},{"@type":"WebSite","@id":"https:\/\/dezinfa.lv\/#website","url":"https:\/\/dezinfa.lv\/","name":"Dezinfa","description":"Kait\u0113k\u013cu kontrole s\u0101kas ar mums","potentialAction":[{"@type":"SearchAction","target":{"@type":"EntryPoint","urlTemplate":"https:\/\/dezinfa.lv\/?s={search_term_string}"},"query-input":"required name=search_term_string"}],"inLanguage":"ru-RU"}]}},"_links":{"self":[{"href":"https:\/\/dezinfa.lv\/ru\/wp-json\/wp\/v2\/pages\/1823"}],"collection":[{"href":"https:\/\/dezinfa.lv\/ru\/wp-json\/wp\/v2\/pages"}],"about":[{"href":"https:\/\/dezinfa.lv\/ru\/wp-json\/wp\/v2\/types\/page"}],"author":[{"embeddable":true,"href":"https:\/\/dezinfa.lv\/ru\/wp-json\/wp\/v2\/users\/5"}],"replies":[{"embeddable":true,"href":"https:\/\/dezinfa.lv\/ru\/wp-json\/wp\/v2\/comments?post=1823"}],"version-history":[{"count":3,"href":"https:\/\/dezinfa.lv\/ru\/wp-json\/wp\/v2\/pages\/1823\/revisions"}],"predecessor-version":[{"id":2069,"href":"https:\/\/dezinfa.lv\/ru\/wp-json\/wp\/v2\/pages\/1823\/revisions\/2069"}],"up":[{"embeddable":true,"href":"https:\/\/dezinfa.lv\/ru\/wp-json\/wp\/v2\/pages\/1779"}],"wp:featuredmedia":[{"embeddable":true,"href":"https:\/\/dezinfa.lv\/ru\/wp-json\/wp\/v2\/media\/1623"}],"wp:attachment":[{"href":"https:\/\/dezinfa.lv\/ru\/wp-json\/wp\/v2\/media?parent=1823"}],"curies":[{"name":"wp","href":"https:\/\/api.w.org\/{rel}","templated":true}]}}