{"id":1815,"date":"2021-01-06T15:13:04","date_gmt":"2021-01-06T13:13:04","guid":{"rendered":"https:\/\/dezinfa.lv\/?page_id=1815"},"modified":"2021-01-06T15:14:05","modified_gmt":"2021-01-06T13:14:05","slug":"siltac-ec","status":"publish","type":"page","link":"https:\/\/dezinfa.lv\/ru\/edezinfa\/%d1%82%d0%be%d0%b2%d0%b0%d1%80%d1%8b\/%d0%b1%d0%be%d1%80%d1%8c%d0%b1%d0%b0-%d1%81-%d0%bd%d0%b0%d1%81%d0%b5%d0%ba%d0%be%d0%bc%d1%8b%d0%bc%d0%b8\/%d0%b8%d0%bd%d1%81%d0%b5%d0%ba%d1%82%d0%b8%d1%86%d0%b8%d0%b4%d1%8b\/siltac-ec\/","title":{"rendered":"SILTAC EC"},"content":{"rendered":"<p><b>SILTAC EC (\u043a\u043e\u043d\u0446\u0435\u043d\u0442\u0440\u0430\u0442 \u044d\u043c\u0443\u043b\u044c\u0441\u0438\u0438)<\/b><\/p>\n<p>\u0421 \u043f\u043e\u043c\u043e\u0449\u044c\u044e Siltac EC \u0440\u0435\u043a\u043e\u043c\u0435\u043d\u0434\u0443\u0435\u0442\u0441\u044f \u043a\u043e\u043d\u0442\u0440\u043e\u043b\u0438\u0440\u043e\u0432\u0430\u0442\u044c \u0442\u0440\u0430\u0432\u043e\u044f\u0434\u043d\u044b\u0445 \u043d\u0430\u0441\u0435\u043a\u043e\u043c\u044b\u0445 \u0438 \u043a\u043b\u0435\u0449\u0435\u0439, \u043a\u043e\u0442\u043e\u0440\u044b\u0435 \u043f\u0438\u0442\u0430\u044e\u0442\u0441\u044f \u0441\u043b\u0435\u0434\u0443\u044e\u0449\u0438\u043c\u0438 \u043a\u0443\u043b\u044c\u0442\u0443\u0440\u043d\u044b\u043c\u0438 \u0440\u0430\u0441\u0442\u0435\u043d\u0438\u044f\u043c\u0438: \u0444\u0440\u0443\u043a\u0442\u043e\u0432\u044b\u0435 \u0434\u0435\u0440\u0435\u0432\u044c\u044f \u0438 \u044f\u0433\u043e\u0434\u044b, \u043e\u0432\u043e\u0449\u0438, \u0434\u0435\u043a\u043e\u0440\u0430\u0442\u0438\u0432\u043d\u044b\u0435 \u0440\u0430\u0441\u0442\u0435\u043d\u0438\u044f, \u0437\u0435\u0440\u043d\u043e\u0432\u044b\u0435.<\/p>\n<p>Siltac EC \u0438\u0441\u043f\u043e\u043b\u044c\u0437\u0443\u0435\u0442\u0441\u044f \u0434\u043b\u044f \u043a\u043e\u043d\u0442\u0440\u043e\u043b\u044f: \u043f\u0430\u0443\u0442\u0438\u043d\u043d\u044b\u0445 \u043a\u043b\u0435\u0449\u0435\u0439, \u0442\u043b\u0438, \u043a\u043e\u043a\u0446\u0438\u0434\u044b, \u0431\u0435\u043b\u043e\u043a\u0440\u044b\u043b\u043e\u043a, \u043b\u0438\u0441\u0442\u043e\u0431\u043b\u043e\u0448\u0435\u043a, \u043d\u0430\u0441\u0442\u043e\u044f\u0449\u0438\u0445 \u043f\u043e\u043b\u0443\u0436\u0435\u0441\u0442\u043a\u043e\u043a\u0440\u044b\u043b\u044b\u0445 \u043a\u043b\u043e\u043f\u043e\u0432 \u0438 \u0442\u0440\u0438\u043f\u0441\u043e\u0432.<\/p>\n<p>Siltac EC \u043d\u0435 \u0441\u043e\u0434\u0435\u0440\u0436\u0438\u0442 \u0430\u043a\u0442\u0438\u0432\u043d\u044b\u0445 \u0441\u043e\u0441\u0442\u0430\u0432\u043d\u044b\u0445 \u0447\u0430\u0441\u0442\u0435\u0439, \u043a\u043e\u0442\u043e\u0440\u044b\u0435 \u0441\u043e\u0434\u0435\u0440\u0436\u0430\u0442\u0441\u044f \u0432 \u0442\u0440\u0430\u0434\u0438\u0446\u0438\u043e\u043d\u043d\u044b\u0445 \u0441\u0440\u0435\u0434\u0441\u0442\u0432\u0430\u0445 \u0437\u0430\u0449\u0438\u0442 \u0440\u0430\u0441\u0442\u0435\u043d\u0438\u0439. \u041e\u043d\u043e \u0443\u043d\u0438\u0447\u0442\u043e\u0436\u0430\u0435\u0442 \u0432\u0440\u0435\u0434\u0438\u0442\u0435\u043b\u0435\u0439 \u0442\u043e\u043b\u044c\u043a\u043e \u0444\u0438\u0437\u0438\u0447\u0435\u0441\u043a\u0438\u043c \u0441\u043f\u043e\u0441\u043e\u0431\u043e\u043c.<\/p>\n<p><img loading=\"lazy\" decoding=\"async\" class=\"alignnone size-full wp-image-311\" src=\"https:\/\/dezinfa.lv\/wp-content\/uploads\/2020\/12\/14124.jpeg\" alt=\"\" width=\"150\" height=\"243\" \/><\/p>\n<p>\u041d\u043e\u0432\u044b\u0439, \u0438\u043d\u043d\u043e\u0432\u0430\u0446\u0438\u043e\u043d\u043d\u044b\u0439 \u0441\u043f\u043e\u0441\u043e\u0431 \u0444\u0438\u0437\u0438\u0447\u0435\u0441\u043a\u043e\u0433\u043e \u0432\u043e\u0437\u0434\u0435\u0439\u0441\u0442\u0432\u0438\u044f. \u041f\u0440\u043e\u0434\u0443\u043a\u0442 \u0441\u043e\u0434\u0435\u0440\u0436\u0438\u0442 \u0441\u043e\u0435\u0434\u0438\u043d\u0435\u043d\u0438\u044f \u0440\u0430\u0437\u043b\u0438\u0447\u043d\u044b\u0445 \u0441\u0438\u043b\u0438\u043a\u043e\u043d\u043e\u0432\u044b\u0445 \u043f\u043e\u043b\u0438\u043c\u0435\u0440\u043e\u0432. \u041f\u043e\u0441\u043b\u0435 \u0440\u0430\u0441\u043f\u044b\u043b\u0435\u043d\u0438\u044f \u0441\u043e\u0435\u0434\u0438\u043d\u0435\u043d\u0438\u044f \u043f\u043e\u043b\u0438\u043c\u0435\u0440\u043e\u0432 \u0440\u0430\u0441\u043f\u0440\u043e\u0441\u0442\u0440\u0430\u043d\u044f\u044e\u0442\u0441\u044f \u0432 \u0441\u0440\u0435\u0434\u0435 \u0432\u0440\u0435\u0434\u0438\u0442\u0435\u043b\u0435\u0439 \u0438 \u043e\u0431\u0440\u0430\u0437\u0443\u044e\u0442 \u043e\u0441\u043e\u0431\u0443\u044e \u0442\u0440\u0435\u0445\u043c\u0435\u0440\u043d\u0443\u044e \u043f\u043e\u043b\u0438\u043c\u0435\u0440\u043d\u0443\u044e \u0441\u0435\u0442\u044c \u043d\u0430 \u043e\u0440\u0433\u0430\u043d\u0438\u0437\u043c\u0430\u0445 \u0432\u0440\u0435\u0434\u0438\u0442\u0435\u043b\u0435\u0439. \u042d\u0442\u0430 \u0441\u0442\u0440\u0443\u043a\u0442\u0443\u0440\u0430 \u0431\u043b\u043e\u043a\u0438\u0440\u0443\u0435\u0442 \u0444\u0443\u043d\u043a\u0446\u0438\u0438 \u0442\u0435\u043b\u0430 \u0432\u0440\u0435\u0434\u0438\u0442\u0435\u043b\u044f \u043d\u0430 \u043c\u043d\u043e\u0433\u0438\u0445 \u0443\u0440\u043e\u0432\u043d\u044f\u0445, \u0432 \u0440\u0435\u0437\u0443\u043b\u044c\u0442\u0430\u0442\u0435 \u0447\u0435\u0433\u043e \u043a\u043b\u0435\u0449\u0438 \u0438 \u0432\u0440\u0435\u0434\u0438\u0442\u0435\u043b\u0438, \u043a\u043e\u0442\u043e\u0440\u044b\u0435 \u043f\u0438\u0442\u0430\u044e\u0442\u0441\u044f \u0440\u0430\u0441\u0442\u0435\u043d\u0438\u044f\u043c\u0438, \u044d\u0444\u0444\u0435\u043a\u0442\u0438\u0432\u043d\u043e \u0443\u043d\u0438\u0447\u0442\u043e\u0436\u0430\u044e\u0442\u0441\u044f.<\/p>\n","protected":false},"excerpt":{"rendered":"<p>SILTAC EC (\u043a\u043e\u043d\u0446\u0435\u043d\u0442\u0440\u0430\u0442 \u044d\u043c\u0443\u043b\u044c\u0441\u0438\u0438) \u0421 \u043f\u043e\u043c\u043e\u0449\u044c\u044e Siltac EC \u0440\u0435\u043a\u043e\u043c\u0435\u043d\u0434\u0443\u0435\u0442\u0441\u044f \u043a\u043e\u043d\u0442\u0440\u043e\u043b\u0438\u0440\u043e\u0432\u0430\u0442\u044c \u0442\u0440\u0430\u0432\u043e\u044f\u0434\u043d\u044b\u0445 \u043d\u0430\u0441\u0435\u043a\u043e\u043c\u044b\u0445 \u0438 \u043a\u043b\u0435\u0449\u0435\u0439, \u043a\u043e\u0442\u043e\u0440\u044b\u0435 \u043f\u0438\u0442\u0430\u044e\u0442\u0441\u044f \u0441\u043b\u0435\u0434\u0443\u044e\u0449\u0438\u043c\u0438 \u043a\u0443\u043b\u044c\u0442\u0443\u0440\u043d\u044b\u043c\u0438 \u0440\u0430\u0441\u0442\u0435\u043d\u0438\u044f\u043c\u0438: \u0444\u0440\u0443\u043a\u0442\u043e\u0432\u044b\u0435 \u0434\u0435\u0440\u0435\u0432\u044c\u044f \u0438 \u044f\u0433\u043e\u0434\u044b, \u043e\u0432\u043e\u0449\u0438, \u0434\u0435\u043a\u043e\u0440\u0430\u0442\u0438\u0432\u043d\u044b\u0435 \u0440\u0430\u0441\u0442\u0435\u043d\u0438\u044f, \u0437\u0435\u0440\u043d\u043e\u0432\u044b\u0435. Siltac EC \u0438\u0441\u043f\u043e\u043b\u044c\u0437\u0443\u0435\u0442\u0441\u044f \u0434\u043b\u044f \u043a\u043e\u043d\u0442\u0440\u043e\u043b\u044f: \u043f\u0430\u0443\u0442\u0438\u043d\u043d\u044b\u0445 \u043a\u043b\u0435\u0449\u0435\u0439, \u0442\u043b\u0438, \u043a\u043e\u043a\u0446\u0438\u0434\u044b, \u0431\u0435\u043b\u043e\u043a\u0440\u044b\u043b\u043e\u043a, \u043b\u0438\u0441\u0442\u043e\u0431\u043b\u043e\u0448\u0435\u043a, \u043d\u0430\u0441\u0442\u043e\u044f\u0449\u0438\u0445 \u043f\u043e\u043b\u0443\u0436\u0435\u0441\u0442\u043a\u043e\u043a\u0440\u044b\u043b\u044b\u0445 \u043a\u043b\u043e\u043f\u043e\u0432 \u0438 \u0442\u0440\u0438\u043f\u0441\u043e\u0432. Siltac EC \u043d\u0435 \u0441\u043e\u0434\u0435\u0440\u0436\u0438\u0442 \u0430\u043a\u0442\u0438\u0432\u043d\u044b\u0445 \u0441\u043e\u0441\u0442\u0430\u0432\u043d\u044b\u0445 \u0447\u0430\u0441\u0442\u0435\u0439, \u043a\u043e\u0442\u043e\u0440\u044b\u0435 \u0441\u043e\u0434\u0435\u0440\u0436\u0430\u0442\u0441\u044f \u0432 \u0442\u0440\u0430\u0434\u0438\u0446\u0438\u043e\u043d\u043d\u044b\u0445 \u0441\u0440\u0435\u0434\u0441\u0442\u0432\u0430\u0445 [&hellip;]<\/p>\n","protected":false},"author":5,"featured_media":1597,"parent":1809,"menu_order":0,"comment_status":"closed","ping_status":"closed","template":"template-edezinfa-1.php","meta":{"_acf_changed":false,"footnotes":""},"acf":[],"yoast_head":"<!-- This site is optimized with the Yoast SEO plugin v23.1 - https:\/\/yoast.com\/wordpress\/plugins\/seo\/ -->\n<title>SILTAC EC &#8211; Dezinfa<\/title>\n<meta name=\"robots\" content=\"index, follow, max-snippet:-1, max-image-preview:large, max-video-preview:-1\" \/>\n<link rel=\"canonical\" href=\"https:\/\/dezinfa.lv\/ru\/edezinfa\/produkti\/insektu-kontrole\/insekticidi\/siltac-ecemulsijas-koncentrats-10ml\/\" \/>\n<meta property=\"og:locale\" content=\"ru_RU\" \/>\n<meta property=\"og:type\" content=\"article\" \/>\n<meta property=\"og:title\" content=\"SILTAC EC &#8211; Dezinfa\" \/>\n<meta property=\"og:description\" content=\"SILTAC EC (\u043a\u043e\u043d\u0446\u0435\u043d\u0442\u0440\u0430\u0442 \u044d\u043c\u0443\u043b\u044c\u0441\u0438\u0438) \u0421 \u043f\u043e\u043c\u043e\u0449\u044c\u044e Siltac EC \u0440\u0435\u043a\u043e\u043c\u0435\u043d\u0434\u0443\u0435\u0442\u0441\u044f \u043a\u043e\u043d\u0442\u0440\u043e\u043b\u0438\u0440\u043e\u0432\u0430\u0442\u044c \u0442\u0440\u0430\u0432\u043e\u044f\u0434\u043d\u044b\u0445 \u043d\u0430\u0441\u0435\u043a\u043e\u043c\u044b\u0445 \u0438 \u043a\u043b\u0435\u0449\u0435\u0439, \u043a\u043e\u0442\u043e\u0440\u044b\u0435 \u043f\u0438\u0442\u0430\u044e\u0442\u0441\u044f \u0441\u043b\u0435\u0434\u0443\u044e\u0449\u0438\u043c\u0438 \u043a\u0443\u043b\u044c\u0442\u0443\u0440\u043d\u044b\u043c\u0438 \u0440\u0430\u0441\u0442\u0435\u043d\u0438\u044f\u043c\u0438: \u0444\u0440\u0443\u043a\u0442\u043e\u0432\u044b\u0435 \u0434\u0435\u0440\u0435\u0432\u044c\u044f \u0438 \u044f\u0433\u043e\u0434\u044b, \u043e\u0432\u043e\u0449\u0438, \u0434\u0435\u043a\u043e\u0440\u0430\u0442\u0438\u0432\u043d\u044b\u0435 \u0440\u0430\u0441\u0442\u0435\u043d\u0438\u044f, \u0437\u0435\u0440\u043d\u043e\u0432\u044b\u0435. Siltac EC \u0438\u0441\u043f\u043e\u043b\u044c\u0437\u0443\u0435\u0442\u0441\u044f \u0434\u043b\u044f \u043a\u043e\u043d\u0442\u0440\u043e\u043b\u044f: \u043f\u0430\u0443\u0442\u0438\u043d\u043d\u044b\u0445 \u043a\u043b\u0435\u0449\u0435\u0439, \u0442\u043b\u0438, \u043a\u043e\u043a\u0446\u0438\u0434\u044b, \u0431\u0435\u043b\u043e\u043a\u0440\u044b\u043b\u043e\u043a, \u043b\u0438\u0441\u0442\u043e\u0431\u043b\u043e\u0448\u0435\u043a, \u043d\u0430\u0441\u0442\u043e\u044f\u0449\u0438\u0445 \u043f\u043e\u043b\u0443\u0436\u0435\u0441\u0442\u043a\u043e\u043a\u0440\u044b\u043b\u044b\u0445 \u043a\u043b\u043e\u043f\u043e\u0432 \u0438 \u0442\u0440\u0438\u043f\u0441\u043e\u0432. Siltac EC \u043d\u0435 \u0441\u043e\u0434\u0435\u0440\u0436\u0438\u0442 \u0430\u043a\u0442\u0438\u0432\u043d\u044b\u0445 \u0441\u043e\u0441\u0442\u0430\u0432\u043d\u044b\u0445 \u0447\u0430\u0441\u0442\u0435\u0439, \u043a\u043e\u0442\u043e\u0440\u044b\u0435 \u0441\u043e\u0434\u0435\u0440\u0436\u0430\u0442\u0441\u044f \u0432 \u0442\u0440\u0430\u0434\u0438\u0446\u0438\u043e\u043d\u043d\u044b\u0445 \u0441\u0440\u0435\u0434\u0441\u0442\u0432\u0430\u0445 [&hellip;]\" \/>\n<meta property=\"og:url\" content=\"https:\/\/dezinfa.lv\/edezinfa\/produkti\/insektu-kontrole\/insekticidi\/siltac-ecemulsijas-koncentrats-10ml\/\" \/>\n<meta property=\"og:site_name\" content=\"Dezinfa\" \/>\n<meta property=\"article:modified_time\" content=\"2021-01-06T13:14:05+00:00\" \/>\n<meta property=\"og:image\" content=\"https:\/\/dezinfa.lv\/wp-content\/uploads\/2020\/12\/kukainisLV.jpg\" \/>\n\t<meta property=\"og:image:width\" content=\"1579\" \/>\n\t<meta property=\"og:image:height\" content=\"598\" \/>\n\t<meta property=\"og:image:type\" content=\"image\/jpeg\" \/>\n<meta name=\"twitter:card\" content=\"summary_large_image\" \/>\n<script type=\"application\/ld+json\" class=\"yoast-schema-graph\">{\"@context\":\"https:\/\/schema.org\",\"@graph\":[{\"@type\":\"WebPage\",\"@id\":\"https:\/\/dezinfa.lv\/edezinfa\/produkti\/insektu-kontrole\/insekticidi\/siltac-ecemulsijas-koncentrats-10ml\/\",\"url\":\"https:\/\/dezinfa.lv\/edezinfa\/produkti\/insektu-kontrole\/insekticidi\/siltac-ecemulsijas-koncentrats-10ml\/\",\"name\":\"SILTAC EC &#8211; Dezinfa\",\"isPartOf\":{\"@id\":\"https:\/\/dezinfa.lv\/#website\"},\"primaryImageOfPage\":{\"@id\":\"https:\/\/dezinfa.lv\/edezinfa\/produkti\/insektu-kontrole\/insekticidi\/siltac-ecemulsijas-koncentrats-10ml\/#primaryimage\"},\"image\":{\"@id\":\"https:\/\/dezinfa.lv\/edezinfa\/produkti\/insektu-kontrole\/insekticidi\/siltac-ecemulsijas-koncentrats-10ml\/#primaryimage\"},\"thumbnailUrl\":\"https:\/\/dezinfa.lv\/wp-content\/uploads\/2020\/12\/kukainisLV.jpg\",\"datePublished\":\"2021-01-06T13:13:04+00:00\",\"dateModified\":\"2021-01-06T13:14:05+00:00\",\"breadcrumb\":{\"@id\":\"https:\/\/dezinfa.lv\/edezinfa\/produkti\/insektu-kontrole\/insekticidi\/siltac-ecemulsijas-koncentrats-10ml\/#breadcrumb\"},\"inLanguage\":\"ru-RU\",\"potentialAction\":[{\"@type\":\"ReadAction\",\"target\":[\"https:\/\/dezinfa.lv\/edezinfa\/produkti\/insektu-kontrole\/insekticidi\/siltac-ecemulsijas-koncentrats-10ml\/\"]}]},{\"@type\":\"ImageObject\",\"inLanguage\":\"ru-RU\",\"@id\":\"https:\/\/dezinfa.lv\/edezinfa\/produkti\/insektu-kontrole\/insekticidi\/siltac-ecemulsijas-koncentrats-10ml\/#primaryimage\",\"url\":\"https:\/\/dezinfa.lv\/wp-content\/uploads\/2020\/12\/kukainisLV.jpg\",\"contentUrl\":\"https:\/\/dezinfa.lv\/wp-content\/uploads\/2020\/12\/kukainisLV.jpg\",\"width\":1579,\"height\":598},{\"@type\":\"BreadcrumbList\",\"@id\":\"https:\/\/dezinfa.lv\/edezinfa\/produkti\/insektu-kontrole\/insekticidi\/siltac-ecemulsijas-koncentrats-10ml\/#breadcrumb\",\"itemListElement\":[{\"@type\":\"ListItem\",\"position\":1,\"name\":\"\u0423\u0421\u041b\u0423\u0413\u0418\",\"item\":\"https:\/\/dezinfa.lv\/edezinfa\/\"},{\"@type\":\"ListItem\",\"position\":2,\"name\":\"\u0422\u043e\u0432\u0430\u0440\u044b\",\"item\":\"https:\/\/dezinfa.lv\/edezinfa\/produkti\/\"},{\"@type\":\"ListItem\",\"position\":3,\"name\":\"\u0411\u043e\u0440\u044c\u0431\u0430 \u0441 \u043d\u0430\u0441\u0435\u043a\u043e\u043c\u044b\u043c\u0438\",\"item\":\"https:\/\/dezinfa.lv\/edezinfa\/produkti\/insektu-kontrole\/\"},{\"@type\":\"ListItem\",\"position\":4,\"name\":\"\u0418\u043d\u0441\u0435\u043a\u0442\u0438\u0446\u0438\u0434\u044b\",\"item\":\"https:\/\/dezinfa.lv\/edezinfa\/produkti\/insektu-kontrole\/insekticidi\/\"},{\"@type\":\"ListItem\",\"position\":5,\"name\":\"SILTAC EC\"}]},{\"@type\":\"WebSite\",\"@id\":\"https:\/\/dezinfa.lv\/#website\",\"url\":\"https:\/\/dezinfa.lv\/\",\"name\":\"Dezinfa\",\"description\":\"Kait\u0113k\u013cu kontrole s\u0101kas ar mums\",\"potentialAction\":[{\"@type\":\"SearchAction\",\"target\":{\"@type\":\"EntryPoint\",\"urlTemplate\":\"https:\/\/dezinfa.lv\/?s={search_term_string}\"},\"query-input\":\"required name=search_term_string\"}],\"inLanguage\":\"ru-RU\"}]}<\/script>\n<!-- \/ Yoast SEO plugin. -->","yoast_head_json":{"title":"SILTAC EC &#8211; Dezinfa","robots":{"index":"index","follow":"follow","max-snippet":"max-snippet:-1","max-image-preview":"max-image-preview:large","max-video-preview":"max-video-preview:-1"},"canonical":"https:\/\/dezinfa.lv\/ru\/edezinfa\/produkti\/insektu-kontrole\/insekticidi\/siltac-ecemulsijas-koncentrats-10ml\/","og_locale":"ru_RU","og_type":"article","og_title":"SILTAC EC &#8211; Dezinfa","og_description":"SILTAC EC (\u043a\u043e\u043d\u0446\u0435\u043d\u0442\u0440\u0430\u0442 \u044d\u043c\u0443\u043b\u044c\u0441\u0438\u0438) \u0421 \u043f\u043e\u043c\u043e\u0449\u044c\u044e Siltac EC \u0440\u0435\u043a\u043e\u043c\u0435\u043d\u0434\u0443\u0435\u0442\u0441\u044f \u043a\u043e\u043d\u0442\u0440\u043e\u043b\u0438\u0440\u043e\u0432\u0430\u0442\u044c \u0442\u0440\u0430\u0432\u043e\u044f\u0434\u043d\u044b\u0445 \u043d\u0430\u0441\u0435\u043a\u043e\u043c\u044b\u0445 \u0438 \u043a\u043b\u0435\u0449\u0435\u0439, \u043a\u043e\u0442\u043e\u0440\u044b\u0435 \u043f\u0438\u0442\u0430\u044e\u0442\u0441\u044f \u0441\u043b\u0435\u0434\u0443\u044e\u0449\u0438\u043c\u0438 \u043a\u0443\u043b\u044c\u0442\u0443\u0440\u043d\u044b\u043c\u0438 \u0440\u0430\u0441\u0442\u0435\u043d\u0438\u044f\u043c\u0438: \u0444\u0440\u0443\u043a\u0442\u043e\u0432\u044b\u0435 \u0434\u0435\u0440\u0435\u0432\u044c\u044f \u0438 \u044f\u0433\u043e\u0434\u044b, \u043e\u0432\u043e\u0449\u0438, \u0434\u0435\u043a\u043e\u0440\u0430\u0442\u0438\u0432\u043d\u044b\u0435 \u0440\u0430\u0441\u0442\u0435\u043d\u0438\u044f, \u0437\u0435\u0440\u043d\u043e\u0432\u044b\u0435. Siltac EC \u0438\u0441\u043f\u043e\u043b\u044c\u0437\u0443\u0435\u0442\u0441\u044f \u0434\u043b\u044f \u043a\u043e\u043d\u0442\u0440\u043e\u043b\u044f: \u043f\u0430\u0443\u0442\u0438\u043d\u043d\u044b\u0445 \u043a\u043b\u0435\u0449\u0435\u0439, \u0442\u043b\u0438, \u043a\u043e\u043a\u0446\u0438\u0434\u044b, \u0431\u0435\u043b\u043e\u043a\u0440\u044b\u043b\u043e\u043a, \u043b\u0438\u0441\u0442\u043e\u0431\u043b\u043e\u0448\u0435\u043a, \u043d\u0430\u0441\u0442\u043e\u044f\u0449\u0438\u0445 \u043f\u043e\u043b\u0443\u0436\u0435\u0441\u0442\u043a\u043e\u043a\u0440\u044b\u043b\u044b\u0445 \u043a\u043b\u043e\u043f\u043e\u0432 \u0438 \u0442\u0440\u0438\u043f\u0441\u043e\u0432. Siltac EC \u043d\u0435 \u0441\u043e\u0434\u0435\u0440\u0436\u0438\u0442 \u0430\u043a\u0442\u0438\u0432\u043d\u044b\u0445 \u0441\u043e\u0441\u0442\u0430\u0432\u043d\u044b\u0445 \u0447\u0430\u0441\u0442\u0435\u0439, \u043a\u043e\u0442\u043e\u0440\u044b\u0435 \u0441\u043e\u0434\u0435\u0440\u0436\u0430\u0442\u0441\u044f \u0432 \u0442\u0440\u0430\u0434\u0438\u0446\u0438\u043e\u043d\u043d\u044b\u0445 \u0441\u0440\u0435\u0434\u0441\u0442\u0432\u0430\u0445 [&hellip;]","og_url":"https:\/\/dezinfa.lv\/edezinfa\/produkti\/insektu-kontrole\/insekticidi\/siltac-ecemulsijas-koncentrats-10ml\/","og_site_name":"Dezinfa","article_modified_time":"2021-01-06T13:14:05+00:00","og_image":[{"width":1579,"height":598,"url":"https:\/\/dezinfa.lv\/wp-content\/uploads\/2020\/12\/kukainisLV.jpg","type":"image\/jpeg"}],"twitter_card":"summary_large_image","schema":{"@context":"https:\/\/schema.org","@graph":[{"@type":"WebPage","@id":"https:\/\/dezinfa.lv\/edezinfa\/produkti\/insektu-kontrole\/insekticidi\/siltac-ecemulsijas-koncentrats-10ml\/","url":"https:\/\/dezinfa.lv\/edezinfa\/produkti\/insektu-kontrole\/insekticidi\/siltac-ecemulsijas-koncentrats-10ml\/","name":"SILTAC EC &#8211; Dezinfa","isPartOf":{"@id":"https:\/\/dezinfa.lv\/#website"},"primaryImageOfPage":{"@id":"https:\/\/dezinfa.lv\/edezinfa\/produkti\/insektu-kontrole\/insekticidi\/siltac-ecemulsijas-koncentrats-10ml\/#primaryimage"},"image":{"@id":"https:\/\/dezinfa.lv\/edezinfa\/produkti\/insektu-kontrole\/insekticidi\/siltac-ecemulsijas-koncentrats-10ml\/#primaryimage"},"thumbnailUrl":"https:\/\/dezinfa.lv\/wp-content\/uploads\/2020\/12\/kukainisLV.jpg","datePublished":"2021-01-06T13:13:04+00:00","dateModified":"2021-01-06T13:14:05+00:00","breadcrumb":{"@id":"https:\/\/dezinfa.lv\/edezinfa\/produkti\/insektu-kontrole\/insekticidi\/siltac-ecemulsijas-koncentrats-10ml\/#breadcrumb"},"inLanguage":"ru-RU","potentialAction":[{"@type":"ReadAction","target":["https:\/\/dezinfa.lv\/edezinfa\/produkti\/insektu-kontrole\/insekticidi\/siltac-ecemulsijas-koncentrats-10ml\/"]}]},{"@type":"ImageObject","inLanguage":"ru-RU","@id":"https:\/\/dezinfa.lv\/edezinfa\/produkti\/insektu-kontrole\/insekticidi\/siltac-ecemulsijas-koncentrats-10ml\/#primaryimage","url":"https:\/\/dezinfa.lv\/wp-content\/uploads\/2020\/12\/kukainisLV.jpg","contentUrl":"https:\/\/dezinfa.lv\/wp-content\/uploads\/2020\/12\/kukainisLV.jpg","width":1579,"height":598},{"@type":"BreadcrumbList","@id":"https:\/\/dezinfa.lv\/edezinfa\/produkti\/insektu-kontrole\/insekticidi\/siltac-ecemulsijas-koncentrats-10ml\/#breadcrumb","itemListElement":[{"@type":"ListItem","position":1,"name":"\u0423\u0421\u041b\u0423\u0413\u0418","item":"https:\/\/dezinfa.lv\/edezinfa\/"},{"@type":"ListItem","position":2,"name":"\u0422\u043e\u0432\u0430\u0440\u044b","item":"https:\/\/dezinfa.lv\/edezinfa\/produkti\/"},{"@type":"ListItem","position":3,"name":"\u0411\u043e\u0440\u044c\u0431\u0430 \u0441 \u043d\u0430\u0441\u0435\u043a\u043e\u043c\u044b\u043c\u0438","item":"https:\/\/dezinfa.lv\/edezinfa\/produkti\/insektu-kontrole\/"},{"@type":"ListItem","position":4,"name":"\u0418\u043d\u0441\u0435\u043a\u0442\u0438\u0446\u0438\u0434\u044b","item":"https:\/\/dezinfa.lv\/edezinfa\/produkti\/insektu-kontrole\/insekticidi\/"},{"@type":"ListItem","position":5,"name":"SILTAC EC"}]},{"@type":"WebSite","@id":"https:\/\/dezinfa.lv\/#website","url":"https:\/\/dezinfa.lv\/","name":"Dezinfa","description":"Kait\u0113k\u013cu kontrole s\u0101kas ar mums","potentialAction":[{"@type":"SearchAction","target":{"@type":"EntryPoint","urlTemplate":"https:\/\/dezinfa.lv\/?s={search_term_string}"},"query-input":"required name=search_term_string"}],"inLanguage":"ru-RU"}]}},"_links":{"self":[{"href":"https:\/\/dezinfa.lv\/ru\/wp-json\/wp\/v2\/pages\/1815"}],"collection":[{"href":"https:\/\/dezinfa.lv\/ru\/wp-json\/wp\/v2\/pages"}],"about":[{"href":"https:\/\/dezinfa.lv\/ru\/wp-json\/wp\/v2\/types\/page"}],"author":[{"embeddable":true,"href":"https:\/\/dezinfa.lv\/ru\/wp-json\/wp\/v2\/users\/5"}],"replies":[{"embeddable":true,"href":"https:\/\/dezinfa.lv\/ru\/wp-json\/wp\/v2\/comments?post=1815"}],"version-history":[{"count":3,"href":"https:\/\/dezinfa.lv\/ru\/wp-json\/wp\/v2\/pages\/1815\/revisions"}],"predecessor-version":[{"id":1818,"href":"https:\/\/dezinfa.lv\/ru\/wp-json\/wp\/v2\/pages\/1815\/revisions\/1818"}],"up":[{"embeddable":true,"href":"https:\/\/dezinfa.lv\/ru\/wp-json\/wp\/v2\/pages\/1809"}],"wp:featuredmedia":[{"embeddable":true,"href":"https:\/\/dezinfa.lv\/ru\/wp-json\/wp\/v2\/media\/1597"}],"wp:attachment":[{"href":"https:\/\/dezinfa.lv\/ru\/wp-json\/wp\/v2\/media?parent=1815"}],"curies":[{"name":"wp","href":"https:\/\/api.w.org\/{rel}","templated":true}]}}