{"id":1771,"date":"2021-01-06T12:24:25","date_gmt":"2021-01-06T10:24:25","guid":{"rendered":"https:\/\/dezinfa.lv\/?page_id=1771"},"modified":"2021-01-06T12:25:50","modified_gmt":"2021-01-06T10:25:50","slug":"%d0%ba%d0%be%d0%bd%d1%82%d1%80%d0%be%d0%bb%d1%8c-%d0%bd%d0%b0%d1%81%d0%b5%d0%ba%d0%be%d0%bc%d1%8b%d1%85","status":"publish","type":"page","link":"https:\/\/dezinfa.lv\/ru\/edezinfa\/%d1%82%d0%be%d0%b2%d0%b0%d1%80%d1%8b\/%d0%b1%d0%be%d1%80%d1%8c%d0%b1%d0%b0-%d1%81-%d0%bd%d0%b0%d1%81%d0%b5%d0%ba%d0%be%d0%bc%d1%8b%d0%bc%d0%b8\/%d0%ba%d0%be%d0%bd%d1%82%d1%80%d0%be%d0%bb%d1%8c-%d0%bd%d0%b0%d1%81%d0%b5%d0%ba%d0%be%d0%bc%d1%8b%d1%85\/","title":{"rendered":"\u041a\u043e\u043d\u0442\u0440\u043e\u043b\u044c \u043d\u0430\u0441\u0435\u043a\u043e\u043c\u044b\u0445"},"content":{"rendered":"<p>\u042d\u0444\u0444\u0435\u043a\u0442\u0438\u0432\u043d\u044b\u0435 \u043c\u0435\u0442\u043e\u0434\u044b \u0431\u043e\u0440\u044c\u0431\u044b \u0441 \u043b\u0435\u0442\u0430\u044e\u0449\u0438\u043c\u0438, \u0436\u0430\u043b\u044f\u0449\u0438\u043c\u0438, \u043f\u043e\u043b\u0437\u0430\u044e\u0449\u0438\u043c\u0438 \u0438 \u0434\u0440\u0443\u0433\u0438\u043c\u0438 \u0432\u0438\u0434\u0430\u043c\u0438 \u043d\u0430\u0441\u0435\u043a\u043e\u043c\u044b\u0445:<br \/>\n\u2022 \u041e\u0433\u0440\u0430\u043d\u0438\u0447\u0435\u043d\u0438\u0435 \u043f\u0435\u0440\u0435\u0434\u0432\u0438\u0436\u0435\u043d\u0438\u044f \u043d\u0430\u0441\u0435\u043a\u043e\u043c\u044b\u0445<br \/>\n\u2022 \u0418\u043d\u0441\u0435\u043a\u0442\u0438\u0446\u0438\u0434\u044b<\/p>\n<p><strong>\u0417\u0430\u0449\u0438\u0442\u0438\u0442\u0435 \u043f\u043e\u043c\u0435\u0449\u0435\u043d\u0438\u044f \u043e\u0442 \u043d\u0430\u0441\u0435\u043a\u043e\u043c\u044b\u0445<\/strong><\/p>\n<p>\u041d\u0435 \u0445\u043e\u0442\u0438\u0442\u0435 \u0447\u0442\u043e\u0431\u044b \u0432 \u0432\u0430\u0448\u0438\u0445 \u043f\u043e\u043c\u0435\u0449\u0435\u043d\u0438\u044f\u0445 \u0431\u044b\u043b\u0438 \u043d\u0430\u0441\u0435\u043a\u043e\u043c\u044b\u0435?<br \/>\n\u0421\u043e\u0431\u043b\u044e\u0434\u0435\u043d\u0438\u0435 \u043c\u0435\u0440 \u043f\u0440\u0435\u0434\u043e\u0441\u0442\u043e\u0440\u043e\u0436\u043d\u043e\u0441\u0442\u0438 &#8212; \u044d\u0442\u043e \u043f\u0435\u0440\u0432\u0430\u044f \u0441\u0442\u0435\u043f\u0435\u043d\u044c \u0437\u0430\u0449\u0438\u0442\u044b \u0432 \u043b\u044e\u0431\u043e\u0439 \u044d\u0444\u0444\u0435\u043a\u0442\u0438\u0432\u043d\u043e\u0439 \u0441\u0442\u0440\u0430\u0442\u0435\u0433\u0438\u0438 \u043f\u043e \u0431\u043e\u0440\u044c\u0431\u0435 \u0441 \u043d\u0430\u0441\u0435\u043a\u043e\u043c\u044b\u043c\u0438.<\/p>\n<p>\u041d\u0430\u0448\u0438 \u043e\u043f\u044b\u0442\u043d\u044b\u0435 \u044d\u043a\u0441\u043f\u0435\u0440\u0442\u044b \u043f\u0440\u043e\u0432\u0435\u0434\u0443\u0442 \u0442\u0449\u0430\u0442\u0435\u043b\u044c\u043d\u0443\u044e \u043f\u0440\u043e\u0432\u0435\u0440\u043a\u0443 \u0432 \u0432\u0430\u0448\u0438\u0445 \u043f\u043e\u043c\u0435\u0449\u0435\u043d\u0438\u044f\u0445 \u0438 \u043e\u043f\u0440\u0435\u0434\u0435\u043b\u044f\u0442 \u0432\u0441\u0435 \u043c\u0435\u0441\u0442\u0430, \u0447\u0435\u0440\u0435\u0437 \u043a\u043e\u0442\u043e\u0440\u044b\u0435 \u043d\u0430\u0441\u0435\u043a\u043e\u043c\u044b\u0435 \u043c\u043e\u0433\u0443\u0442 \u043f\u0440\u043e\u043d\u0438\u043a\u043d\u0443\u0442\u044c, \u0430 \u0442\u0430\u043a \u0436\u0435 \u043f\u043e\u043c\u043e\u0433\u0443\u0442 \u043f\u0440\u0435\u0434\u043e\u0442\u0432\u0440\u0430\u0442\u0438\u0442\u044c \u0438\u0445 \u0434\u0430\u043b\u044c\u043d\u0435\u0439\u0448\u0435\u0435 \u0440\u0430\u0441\u043f\u0440\u043e\u0441\u0442\u0440\u0430\u043d\u0435\u043d\u0438\u0435.<\/p>\n<p><img decoding=\"async\" id=\"p\" class=\"ng-star-inserted\" src=\"https:\/\/dezinfa.et.lv\/file\/744\/10376\/image.pic?term=1444308420\" alt=\"SYS picture: gallery ID 744, picture ID 10376\" \/><\/p>\n<p><strong>\u0412 \u0440\u0435\u0437\u0443\u043b\u044c\u0442\u0430\u0442\u0435 \u0431\u043e\u0440\u044c\u0431\u044b \u0441 \u043d\u0430\u0441\u0435\u043a\u043e\u043c\u044b\u043c\u0438<\/strong>:<\/p>\n<p>\u2022 \u041f\u043e\u044f\u0432\u043b\u044f\u0435\u0442\u0441\u044f \u0443\u0431\u0435\u0436\u0434\u0435\u043d\u043d\u043e\u0441\u0442\u044c \u0432 \u0442\u043e\u043c, \u0447\u0442\u043e \u0432\u0430\u0448\u0438 \u043f\u043e\u043c\u0435\u0449\u0435\u043d\u0438\u044f \u0437\u0430\u0449\u0438\u0449\u0435\u043d\u044b \u043e\u0442 \u043d\u0430\u0441\u0435\u043a\u043e\u043c\u044b\u0445;<br \/>\n\u2022 \u0421\u043e\u0445\u0440\u0430\u043d\u0435\u043d\u0430 \u0435\u0441\u0442\u0435\u0441\u0442\u0432\u0435\u043d\u043d\u0430\u044f \u0432\u0435\u043d\u0442\u0438\u043b\u044f\u0446\u0438\u044f;<br \/>\n\u2022 \u0423\u043c\u0435\u043d\u044c\u0448\u0430\u0435\u0442\u0441\u044f \u043d\u0435\u043e\u0431\u0445\u043e\u0434\u0438\u043c\u043e\u0441\u0442\u044c \u0432 \u043f\u0440\u0438\u043c\u0435\u043d\u0435\u043d\u0438\u0438 \u043f\u0435\u0441\u0442\u0438\u0446\u0438\u0434\u043e\u0432.<\/p>\n<p>&nbsp;<\/p>\n","protected":false},"excerpt":{"rendered":"<p>\u042d\u0444\u0444\u0435\u043a\u0442\u0438\u0432\u043d\u044b\u0435 \u043c\u0435\u0442\u043e\u0434\u044b \u0431\u043e\u0440\u044c\u0431\u044b \u0441 \u043b\u0435\u0442\u0430\u044e\u0449\u0438\u043c\u0438, \u0436\u0430\u043b\u044f\u0449\u0438\u043c\u0438, \u043f\u043e\u043b\u0437\u0430\u044e\u0449\u0438\u043c\u0438 \u0438 \u0434\u0440\u0443\u0433\u0438\u043c\u0438 \u0432\u0438\u0434\u0430\u043c\u0438 \u043d\u0430\u0441\u0435\u043a\u043e\u043c\u044b\u0445: \u2022 \u041e\u0433\u0440\u0430\u043d\u0438\u0447\u0435\u043d\u0438\u0435 \u043f\u0435\u0440\u0435\u0434\u0432\u0438\u0436\u0435\u043d\u0438\u044f \u043d\u0430\u0441\u0435\u043a\u043e\u043c\u044b\u0445 \u2022 \u0418\u043d\u0441\u0435\u043a\u0442\u0438\u0446\u0438\u0434\u044b \u0417\u0430\u0449\u0438\u0442\u0438\u0442\u0435 \u043f\u043e\u043c\u0435\u0449\u0435\u043d\u0438\u044f \u043e\u0442 \u043d\u0430\u0441\u0435\u043a\u043e\u043c\u044b\u0445 \u041d\u0435 \u0445\u043e\u0442\u0438\u0442\u0435 \u0447\u0442\u043e\u0431\u044b \u0432 \u0432\u0430\u0448\u0438\u0445 \u043f\u043e\u043c\u0435\u0449\u0435\u043d\u0438\u044f\u0445 \u0431\u044b\u043b\u0438 \u043d\u0430\u0441\u0435\u043a\u043e\u043c\u044b\u0435? \u0421\u043e\u0431\u043b\u044e\u0434\u0435\u043d\u0438\u0435 \u043c\u0435\u0440 \u043f\u0440\u0435\u0434\u043e\u0441\u0442\u043e\u0440\u043e\u0436\u043d\u043e\u0441\u0442\u0438 &#8212; \u044d\u0442\u043e \u043f\u0435\u0440\u0432\u0430\u044f \u0441\u0442\u0435\u043f\u0435\u043d\u044c \u0437\u0430\u0449\u0438\u0442\u044b \u0432 \u043b\u044e\u0431\u043e\u0439 \u044d\u0444\u0444\u0435\u043a\u0442\u0438\u0432\u043d\u043e\u0439 \u0441\u0442\u0440\u0430\u0442\u0435\u0433\u0438\u0438 \u043f\u043e \u0431\u043e\u0440\u044c\u0431\u0435 \u0441 \u043d\u0430\u0441\u0435\u043a\u043e\u043c\u044b\u043c\u0438. \u041d\u0430\u0448\u0438 \u043e\u043f\u044b\u0442\u043d\u044b\u0435 \u044d\u043a\u0441\u043f\u0435\u0440\u0442\u044b \u043f\u0440\u043e\u0432\u0435\u0434\u0443\u0442 \u0442\u0449\u0430\u0442\u0435\u043b\u044c\u043d\u0443\u044e \u043f\u0440\u043e\u0432\u0435\u0440\u043a\u0443 \u0432 \u0432\u0430\u0448\u0438\u0445 \u043f\u043e\u043c\u0435\u0449\u0435\u043d\u0438\u044f\u0445 \u0438 [&hellip;]<\/p>\n","protected":false},"author":5,"featured_media":1608,"parent":1846,"menu_order":0,"comment_status":"closed","ping_status":"closed","template":"template-edezinfa-1.php","meta":{"_acf_changed":false,"footnotes":""},"acf":[],"yoast_head":"<!-- This site is optimized with the Yoast SEO plugin v23.1 - https:\/\/yoast.com\/wordpress\/plugins\/seo\/ -->\n<title>\u041a\u043e\u043d\u0442\u0440\u043e\u043b\u044c \u043d\u0430\u0441\u0435\u043a\u043e\u043c\u044b\u0445 &#8211; Dezinfa<\/title>\n<meta name=\"robots\" content=\"index, follow, max-snippet:-1, max-image-preview:large, max-video-preview:-1\" \/>\n<link rel=\"canonical\" href=\"https:\/\/dezinfa.lv\/ru\/edezinfa\/produkti\/insektu-kontrole\/kukainu-ierobezosana\/\" \/>\n<meta property=\"og:locale\" content=\"ru_RU\" \/>\n<meta property=\"og:type\" content=\"article\" \/>\n<meta property=\"og:title\" content=\"\u041a\u043e\u043d\u0442\u0440\u043e\u043b\u044c \u043d\u0430\u0441\u0435\u043a\u043e\u043c\u044b\u0445 &#8211; Dezinfa\" \/>\n<meta property=\"og:description\" content=\"\u042d\u0444\u0444\u0435\u043a\u0442\u0438\u0432\u043d\u044b\u0435 \u043c\u0435\u0442\u043e\u0434\u044b \u0431\u043e\u0440\u044c\u0431\u044b \u0441 \u043b\u0435\u0442\u0430\u044e\u0449\u0438\u043c\u0438, \u0436\u0430\u043b\u044f\u0449\u0438\u043c\u0438, \u043f\u043e\u043b\u0437\u0430\u044e\u0449\u0438\u043c\u0438 \u0438 \u0434\u0440\u0443\u0433\u0438\u043c\u0438 \u0432\u0438\u0434\u0430\u043c\u0438 \u043d\u0430\u0441\u0435\u043a\u043e\u043c\u044b\u0445: \u2022 \u041e\u0433\u0440\u0430\u043d\u0438\u0447\u0435\u043d\u0438\u0435 \u043f\u0435\u0440\u0435\u0434\u0432\u0438\u0436\u0435\u043d\u0438\u044f \u043d\u0430\u0441\u0435\u043a\u043e\u043c\u044b\u0445 \u2022 \u0418\u043d\u0441\u0435\u043a\u0442\u0438\u0446\u0438\u0434\u044b \u0417\u0430\u0449\u0438\u0442\u0438\u0442\u0435 \u043f\u043e\u043c\u0435\u0449\u0435\u043d\u0438\u044f \u043e\u0442 \u043d\u0430\u0441\u0435\u043a\u043e\u043c\u044b\u0445 \u041d\u0435 \u0445\u043e\u0442\u0438\u0442\u0435 \u0447\u0442\u043e\u0431\u044b \u0432 \u0432\u0430\u0448\u0438\u0445 \u043f\u043e\u043c\u0435\u0449\u0435\u043d\u0438\u044f\u0445 \u0431\u044b\u043b\u0438 \u043d\u0430\u0441\u0435\u043a\u043e\u043c\u044b\u0435? \u0421\u043e\u0431\u043b\u044e\u0434\u0435\u043d\u0438\u0435 \u043c\u0435\u0440 \u043f\u0440\u0435\u0434\u043e\u0441\u0442\u043e\u0440\u043e\u0436\u043d\u043e\u0441\u0442\u0438 &#8212; \u044d\u0442\u043e \u043f\u0435\u0440\u0432\u0430\u044f \u0441\u0442\u0435\u043f\u0435\u043d\u044c \u0437\u0430\u0449\u0438\u0442\u044b \u0432 \u043b\u044e\u0431\u043e\u0439 \u044d\u0444\u0444\u0435\u043a\u0442\u0438\u0432\u043d\u043e\u0439 \u0441\u0442\u0440\u0430\u0442\u0435\u0433\u0438\u0438 \u043f\u043e \u0431\u043e\u0440\u044c\u0431\u0435 \u0441 \u043d\u0430\u0441\u0435\u043a\u043e\u043c\u044b\u043c\u0438. \u041d\u0430\u0448\u0438 \u043e\u043f\u044b\u0442\u043d\u044b\u0435 \u044d\u043a\u0441\u043f\u0435\u0440\u0442\u044b \u043f\u0440\u043e\u0432\u0435\u0434\u0443\u0442 \u0442\u0449\u0430\u0442\u0435\u043b\u044c\u043d\u0443\u044e \u043f\u0440\u043e\u0432\u0435\u0440\u043a\u0443 \u0432 \u0432\u0430\u0448\u0438\u0445 \u043f\u043e\u043c\u0435\u0449\u0435\u043d\u0438\u044f\u0445 \u0438 [&hellip;]\" \/>\n<meta property=\"og:url\" content=\"https:\/\/dezinfa.lv\/edezinfa\/produkti\/insektu-kontrole\/kukainu-ierobezosana\/\" \/>\n<meta property=\"og:site_name\" content=\"Dezinfa\" \/>\n<meta property=\"article:modified_time\" content=\"2021-01-06T10:25:50+00:00\" \/>\n<meta property=\"og:image\" content=\"https:\/\/dezinfa.lv\/wp-content\/uploads\/2020\/12\/MG_7368-scaled.jpg\" \/>\n\t<meta property=\"og:image:width\" content=\"2560\" \/>\n\t<meta property=\"og:image:height\" content=\"1707\" \/>\n\t<meta property=\"og:image:type\" content=\"image\/jpeg\" \/>\n<meta name=\"twitter:card\" content=\"summary_large_image\" \/>\n<script type=\"application\/ld+json\" class=\"yoast-schema-graph\">{\"@context\":\"https:\/\/schema.org\",\"@graph\":[{\"@type\":\"WebPage\",\"@id\":\"https:\/\/dezinfa.lv\/edezinfa\/produkti\/insektu-kontrole\/kukainu-ierobezosana\/\",\"url\":\"https:\/\/dezinfa.lv\/edezinfa\/produkti\/insektu-kontrole\/kukainu-ierobezosana\/\",\"name\":\"\u041a\u043e\u043d\u0442\u0440\u043e\u043b\u044c \u043d\u0430\u0441\u0435\u043a\u043e\u043c\u044b\u0445 &#8211; Dezinfa\",\"isPartOf\":{\"@id\":\"https:\/\/dezinfa.lv\/#website\"},\"primaryImageOfPage\":{\"@id\":\"https:\/\/dezinfa.lv\/edezinfa\/produkti\/insektu-kontrole\/kukainu-ierobezosana\/#primaryimage\"},\"image\":{\"@id\":\"https:\/\/dezinfa.lv\/edezinfa\/produkti\/insektu-kontrole\/kukainu-ierobezosana\/#primaryimage\"},\"thumbnailUrl\":\"https:\/\/dezinfa.lv\/wp-content\/uploads\/2020\/12\/MG_7368-scaled.jpg\",\"datePublished\":\"2021-01-06T10:24:25+00:00\",\"dateModified\":\"2021-01-06T10:25:50+00:00\",\"breadcrumb\":{\"@id\":\"https:\/\/dezinfa.lv\/edezinfa\/produkti\/insektu-kontrole\/kukainu-ierobezosana\/#breadcrumb\"},\"inLanguage\":\"ru-RU\",\"potentialAction\":[{\"@type\":\"ReadAction\",\"target\":[\"https:\/\/dezinfa.lv\/edezinfa\/produkti\/insektu-kontrole\/kukainu-ierobezosana\/\"]}]},{\"@type\":\"ImageObject\",\"inLanguage\":\"ru-RU\",\"@id\":\"https:\/\/dezinfa.lv\/edezinfa\/produkti\/insektu-kontrole\/kukainu-ierobezosana\/#primaryimage\",\"url\":\"https:\/\/dezinfa.lv\/wp-content\/uploads\/2020\/12\/MG_7368-scaled.jpg\",\"contentUrl\":\"https:\/\/dezinfa.lv\/wp-content\/uploads\/2020\/12\/MG_7368-scaled.jpg\",\"width\":2560,\"height\":1707},{\"@type\":\"BreadcrumbList\",\"@id\":\"https:\/\/dezinfa.lv\/edezinfa\/produkti\/insektu-kontrole\/kukainu-ierobezosana\/#breadcrumb\",\"itemListElement\":[{\"@type\":\"ListItem\",\"position\":1,\"name\":\"\u0423\u0421\u041b\u0423\u0413\u0418\",\"item\":\"https:\/\/dezinfa.lv\/edezinfa\/\"},{\"@type\":\"ListItem\",\"position\":2,\"name\":\"\u0422\u043e\u0432\u0430\u0440\u044b\",\"item\":\"https:\/\/dezinfa.lv\/edezinfa\/produkti\/\"},{\"@type\":\"ListItem\",\"position\":3,\"name\":\"\u0411\u043e\u0440\u044c\u0431\u0430 \u0441 \u043d\u0430\u0441\u0435\u043a\u043e\u043c\u044b\u043c\u0438\",\"item\":\"https:\/\/dezinfa.lv\/edezinfa\/produkti\/insektu-kontrole\/\"},{\"@type\":\"ListItem\",\"position\":4,\"name\":\"\u041a\u043e\u043d\u0442\u0440\u043e\u043b\u044c \u043d\u0430\u0441\u0435\u043a\u043e\u043c\u044b\u0445\"}]},{\"@type\":\"WebSite\",\"@id\":\"https:\/\/dezinfa.lv\/#website\",\"url\":\"https:\/\/dezinfa.lv\/\",\"name\":\"Dezinfa\",\"description\":\"Kait\u0113k\u013cu kontrole s\u0101kas ar mums\",\"potentialAction\":[{\"@type\":\"SearchAction\",\"target\":{\"@type\":\"EntryPoint\",\"urlTemplate\":\"https:\/\/dezinfa.lv\/?s={search_term_string}\"},\"query-input\":\"required name=search_term_string\"}],\"inLanguage\":\"ru-RU\"}]}<\/script>\n<!-- \/ Yoast SEO plugin. -->","yoast_head_json":{"title":"\u041a\u043e\u043d\u0442\u0440\u043e\u043b\u044c \u043d\u0430\u0441\u0435\u043a\u043e\u043c\u044b\u0445 &#8211; Dezinfa","robots":{"index":"index","follow":"follow","max-snippet":"max-snippet:-1","max-image-preview":"max-image-preview:large","max-video-preview":"max-video-preview:-1"},"canonical":"https:\/\/dezinfa.lv\/ru\/edezinfa\/produkti\/insektu-kontrole\/kukainu-ierobezosana\/","og_locale":"ru_RU","og_type":"article","og_title":"\u041a\u043e\u043d\u0442\u0440\u043e\u043b\u044c \u043d\u0430\u0441\u0435\u043a\u043e\u043c\u044b\u0445 &#8211; Dezinfa","og_description":"\u042d\u0444\u0444\u0435\u043a\u0442\u0438\u0432\u043d\u044b\u0435 \u043c\u0435\u0442\u043e\u0434\u044b \u0431\u043e\u0440\u044c\u0431\u044b \u0441 \u043b\u0435\u0442\u0430\u044e\u0449\u0438\u043c\u0438, \u0436\u0430\u043b\u044f\u0449\u0438\u043c\u0438, \u043f\u043e\u043b\u0437\u0430\u044e\u0449\u0438\u043c\u0438 \u0438 \u0434\u0440\u0443\u0433\u0438\u043c\u0438 \u0432\u0438\u0434\u0430\u043c\u0438 \u043d\u0430\u0441\u0435\u043a\u043e\u043c\u044b\u0445: \u2022 \u041e\u0433\u0440\u0430\u043d\u0438\u0447\u0435\u043d\u0438\u0435 \u043f\u0435\u0440\u0435\u0434\u0432\u0438\u0436\u0435\u043d\u0438\u044f \u043d\u0430\u0441\u0435\u043a\u043e\u043c\u044b\u0445 \u2022 \u0418\u043d\u0441\u0435\u043a\u0442\u0438\u0446\u0438\u0434\u044b \u0417\u0430\u0449\u0438\u0442\u0438\u0442\u0435 \u043f\u043e\u043c\u0435\u0449\u0435\u043d\u0438\u044f \u043e\u0442 \u043d\u0430\u0441\u0435\u043a\u043e\u043c\u044b\u0445 \u041d\u0435 \u0445\u043e\u0442\u0438\u0442\u0435 \u0447\u0442\u043e\u0431\u044b \u0432 \u0432\u0430\u0448\u0438\u0445 \u043f\u043e\u043c\u0435\u0449\u0435\u043d\u0438\u044f\u0445 \u0431\u044b\u043b\u0438 \u043d\u0430\u0441\u0435\u043a\u043e\u043c\u044b\u0435? \u0421\u043e\u0431\u043b\u044e\u0434\u0435\u043d\u0438\u0435 \u043c\u0435\u0440 \u043f\u0440\u0435\u0434\u043e\u0441\u0442\u043e\u0440\u043e\u0436\u043d\u043e\u0441\u0442\u0438 &#8212; \u044d\u0442\u043e \u043f\u0435\u0440\u0432\u0430\u044f \u0441\u0442\u0435\u043f\u0435\u043d\u044c \u0437\u0430\u0449\u0438\u0442\u044b \u0432 \u043b\u044e\u0431\u043e\u0439 \u044d\u0444\u0444\u0435\u043a\u0442\u0438\u0432\u043d\u043e\u0439 \u0441\u0442\u0440\u0430\u0442\u0435\u0433\u0438\u0438 \u043f\u043e \u0431\u043e\u0440\u044c\u0431\u0435 \u0441 \u043d\u0430\u0441\u0435\u043a\u043e\u043c\u044b\u043c\u0438. \u041d\u0430\u0448\u0438 \u043e\u043f\u044b\u0442\u043d\u044b\u0435 \u044d\u043a\u0441\u043f\u0435\u0440\u0442\u044b \u043f\u0440\u043e\u0432\u0435\u0434\u0443\u0442 \u0442\u0449\u0430\u0442\u0435\u043b\u044c\u043d\u0443\u044e \u043f\u0440\u043e\u0432\u0435\u0440\u043a\u0443 \u0432 \u0432\u0430\u0448\u0438\u0445 \u043f\u043e\u043c\u0435\u0449\u0435\u043d\u0438\u044f\u0445 \u0438 [&hellip;]","og_url":"https:\/\/dezinfa.lv\/edezinfa\/produkti\/insektu-kontrole\/kukainu-ierobezosana\/","og_site_name":"Dezinfa","article_modified_time":"2021-01-06T10:25:50+00:00","og_image":[{"width":2560,"height":1707,"url":"https:\/\/dezinfa.lv\/wp-content\/uploads\/2020\/12\/MG_7368-scaled.jpg","type":"image\/jpeg"}],"twitter_card":"summary_large_image","schema":{"@context":"https:\/\/schema.org","@graph":[{"@type":"WebPage","@id":"https:\/\/dezinfa.lv\/edezinfa\/produkti\/insektu-kontrole\/kukainu-ierobezosana\/","url":"https:\/\/dezinfa.lv\/edezinfa\/produkti\/insektu-kontrole\/kukainu-ierobezosana\/","name":"\u041a\u043e\u043d\u0442\u0440\u043e\u043b\u044c \u043d\u0430\u0441\u0435\u043a\u043e\u043c\u044b\u0445 &#8211; Dezinfa","isPartOf":{"@id":"https:\/\/dezinfa.lv\/#website"},"primaryImageOfPage":{"@id":"https:\/\/dezinfa.lv\/edezinfa\/produkti\/insektu-kontrole\/kukainu-ierobezosana\/#primaryimage"},"image":{"@id":"https:\/\/dezinfa.lv\/edezinfa\/produkti\/insektu-kontrole\/kukainu-ierobezosana\/#primaryimage"},"thumbnailUrl":"https:\/\/dezinfa.lv\/wp-content\/uploads\/2020\/12\/MG_7368-scaled.jpg","datePublished":"2021-01-06T10:24:25+00:00","dateModified":"2021-01-06T10:25:50+00:00","breadcrumb":{"@id":"https:\/\/dezinfa.lv\/edezinfa\/produkti\/insektu-kontrole\/kukainu-ierobezosana\/#breadcrumb"},"inLanguage":"ru-RU","potentialAction":[{"@type":"ReadAction","target":["https:\/\/dezinfa.lv\/edezinfa\/produkti\/insektu-kontrole\/kukainu-ierobezosana\/"]}]},{"@type":"ImageObject","inLanguage":"ru-RU","@id":"https:\/\/dezinfa.lv\/edezinfa\/produkti\/insektu-kontrole\/kukainu-ierobezosana\/#primaryimage","url":"https:\/\/dezinfa.lv\/wp-content\/uploads\/2020\/12\/MG_7368-scaled.jpg","contentUrl":"https:\/\/dezinfa.lv\/wp-content\/uploads\/2020\/12\/MG_7368-scaled.jpg","width":2560,"height":1707},{"@type":"BreadcrumbList","@id":"https:\/\/dezinfa.lv\/edezinfa\/produkti\/insektu-kontrole\/kukainu-ierobezosana\/#breadcrumb","itemListElement":[{"@type":"ListItem","position":1,"name":"\u0423\u0421\u041b\u0423\u0413\u0418","item":"https:\/\/dezinfa.lv\/edezinfa\/"},{"@type":"ListItem","position":2,"name":"\u0422\u043e\u0432\u0430\u0440\u044b","item":"https:\/\/dezinfa.lv\/edezinfa\/produkti\/"},{"@type":"ListItem","position":3,"name":"\u0411\u043e\u0440\u044c\u0431\u0430 \u0441 \u043d\u0430\u0441\u0435\u043a\u043e\u043c\u044b\u043c\u0438","item":"https:\/\/dezinfa.lv\/edezinfa\/produkti\/insektu-kontrole\/"},{"@type":"ListItem","position":4,"name":"\u041a\u043e\u043d\u0442\u0440\u043e\u043b\u044c \u043d\u0430\u0441\u0435\u043a\u043e\u043c\u044b\u0445"}]},{"@type":"WebSite","@id":"https:\/\/dezinfa.lv\/#website","url":"https:\/\/dezinfa.lv\/","name":"Dezinfa","description":"Kait\u0113k\u013cu kontrole s\u0101kas ar mums","potentialAction":[{"@type":"SearchAction","target":{"@type":"EntryPoint","urlTemplate":"https:\/\/dezinfa.lv\/?s={search_term_string}"},"query-input":"required name=search_term_string"}],"inLanguage":"ru-RU"}]}},"_links":{"self":[{"href":"https:\/\/dezinfa.lv\/ru\/wp-json\/wp\/v2\/pages\/1771"}],"collection":[{"href":"https:\/\/dezinfa.lv\/ru\/wp-json\/wp\/v2\/pages"}],"about":[{"href":"https:\/\/dezinfa.lv\/ru\/wp-json\/wp\/v2\/types\/page"}],"author":[{"embeddable":true,"href":"https:\/\/dezinfa.lv\/ru\/wp-json\/wp\/v2\/users\/5"}],"replies":[{"embeddable":true,"href":"https:\/\/dezinfa.lv\/ru\/wp-json\/wp\/v2\/comments?post=1771"}],"version-history":[{"count":3,"href":"https:\/\/dezinfa.lv\/ru\/wp-json\/wp\/v2\/pages\/1771\/revisions"}],"predecessor-version":[{"id":1774,"href":"https:\/\/dezinfa.lv\/ru\/wp-json\/wp\/v2\/pages\/1771\/revisions\/1774"}],"up":[{"embeddable":true,"href":"https:\/\/dezinfa.lv\/ru\/wp-json\/wp\/v2\/pages\/1846"}],"wp:featuredmedia":[{"embeddable":true,"href":"https:\/\/dezinfa.lv\/ru\/wp-json\/wp\/v2\/media\/1608"}],"wp:attachment":[{"href":"https:\/\/dezinfa.lv\/ru\/wp-json\/wp\/v2\/media?parent=1771"}],"curies":[{"name":"wp","href":"https:\/\/api.w.org\/{rel}","templated":true}]}}