{"id":1752,"date":"2021-01-06T12:00:58","date_gmt":"2021-01-06T10:00:58","guid":{"rendered":"https:\/\/dezinfa.lv\/?page_id=1752"},"modified":"2021-01-06T12:01:24","modified_gmt":"2021-01-06T10:01:24","slug":"%d1%81%d0%bb%d1%83%d0%b6%d0%b1%d0%b0-%d0%ba%d0%be%d0%bd%d1%82%d1%80%d0%be%d0%bb%d1%8f-%d0%ba%d1%80%d1%8b%d1%81","status":"publish","type":"page","link":"https:\/\/dezinfa.lv\/ru\/%d0%b1%d0%b8%d0%b7%d0%bd%d0%b5%d1%81\/%d0%bf%d1%80%d0%be%d0%b1%d0%bb%d0%b5%d0%bc%d1%8b-%d1%81%d0%b2%d1%8f%d0%b7%d0%b0%d0%bd%d0%bd%d1%8b%d0%b5-%d1%81-%d0%b2%d1%80%d0%b5%d0%b4%d0%b8%d1%82%d0%b5%d0%bb%d1%8f%d0%bc%d0%b8\/%d1%81%d0%bb%d1%83%d0%b6%d0%b1%d0%b0-%d0%ba%d0%be%d0%bd%d1%82%d1%80%d0%be%d0%bb%d1%8f-%d0%ba%d1%80%d1%8b%d1%81\/","title":{"rendered":"\u0421\u043b\u0443\u0436\u0431\u0430 \u043a\u043e\u043d\u0442\u0440\u043e\u043b\u044f \u043a\u0440\u044b\u0441"},"content":{"rendered":"<h2>\u0412\u0430\u0440\u0438\u0430\u043d\u0442\u044b \u0431\u043e\u0440\u044c\u0431\u044b \u0441 \u043a\u0440\u044b\u0441\u0430\u043c\u0438 \u0438 \u043f\u043e\u043b\u0443\u0447\u0435\u043d\u0438\u0435 \u0443\u0441\u043b\u0443\u0433<\/h2>\n<p><strong>Dezinfa \u043f\u0440\u0435\u0434\u043b\u0430\u0433\u0430\u0435\u0442 \u043b\u0443\u0447\u0448\u0438\u0435 \u0440\u0435\u0448\u0435\u043d\u0438\u044f \u043a\u043e\u043d\u0442\u0440\u043e\u043b\u044f \u0433\u0440\u044b\u0437\u0443\u043d\u043e\u0432:<\/strong><\/p>\n<p>\u041a\u0430\u043a\u043e\u0439 \u0431\u044b \u043d\u0435 \u0431\u044b\u043b\u0430 \u043f\u0440\u043e\u0431\u043b\u0435\u043c\u0430, \u0441\u0432\u044f\u0437\u0430\u043d\u043d\u0430\u044f \u0441 \u0433\u0440\u044b\u0437\u0443\u043d\u0430\u043c\u0438, Dezinfa \u0432 \u043b\u044e\u0431\u043e\u043c \u0441\u043b\u0443\u0447\u0430\u0435 \u043f\u0440\u0435\u0434\u043e\u0441\u0442\u0430\u0432\u0438\u0442 \u043f\u0440\u043e\u0444\u0435\u0441\u0441\u0438\u043e\u043d\u0430\u043b\u044c\u043d\u044b\u0435 \u0438 \u044d\u0444\u0444\u0435\u043a\u0442\u0438\u0432\u043d\u044b\u0435 \u0440\u0435\u0448\u0435\u043d\u0438\u044f. \u041d\u0430\u0448\u0430 \u0444\u0438\u0440\u043c\u0430 \u043f\u043e\u043b\u0443\u0447\u0438\u043b\u0430 \u0441\u0442\u0430\u043d\u0434\u0430\u0440\u0442 \u0441\u0438\u0441\u0442\u0435\u043c\u044b \u0443\u043f\u0440\u0430\u0432\u043b\u0435\u043d\u0438\u044f \u043e\u043a\u0440\u0443\u0436\u0430\u044e\u0449\u0435\u0439 \u0441\u0440\u0435\u0434\u043e\u0439 ISO 14001. \u0414\u0430\u043d\u043d\u044b\u0439 \u0441\u0442\u0430\u043d\u0434\u0430\u0440\u0442 \u043f\u043e\u043c\u043e\u0433\u0430\u0435\u0442 \u043d\u0430\u0448\u0435\u043c\u0443 \u043f\u0440\u0435\u0434\u043f\u0440\u0438\u044f\u0442\u0438\u044e \u0432\u044b\u044f\u0432\u043b\u044f\u0442\u044c \u0440\u0438\u0441\u043a\u0438, \u0441\u0432\u044f\u0437\u0430\u043d\u043d\u044b\u0435 \u0441 \u0432\u043b\u0438\u044f\u043d\u0438\u0435\u043c \u043d\u0430 \u043e\u043a\u0440\u0443\u0436\u0430\u044e\u0449\u0443\u044e \u0441\u0440\u0435\u0434\u0443, \u0442.\u043e. \u043f\u043e\u043c\u043e\u0433\u0430\u0435\u0442 \u043e\u043f\u0440\u0435\u0434\u0435\u043b\u044f\u0442\u044c \u043d\u0430\u0438\u043b\u0443\u0447\u0448\u0438\u0435 \u0432\u0430\u0440\u0438\u0430\u043d\u0442\u044b \u043a\u0430\u043a \u0438\u0445 \u0441\u043d\u0438\u0437\u0438\u0442\u044c.<br \/>\n\u041e\u0441\u043d\u043e\u0432\u044b\u0432\u0430\u044f\u0441\u044c \u043d\u0430 ISO 9001:2008 \u0438 ISO 14001, \u0430 \u0442\u0430\u043a\u0436\u0435 \u0441\u043e\u0442\u0440\u0443\u0434\u043d\u0438\u0447\u0430\u044f \u0441 \u0432\u0435\u0434\u0443\u0449\u0438\u043c\u0438 \u043f\u0440\u043e\u0438\u0437\u0432\u043e\u0434\u0438\u0442\u0435\u043b\u044f\u043c\u0438 \u0432 \u0415\u0432\u0440\u043e\u043f\u0435 \u0438 \u0421\u0428\u0410, \u043c\u044b \u0433\u0430\u0440\u0430\u043d\u0442\u0438\u0440\u0443\u0435\u043c \u0431\u0435\u0437\u043e\u043f\u0430\u0441\u043d\u044b\u0439 \u0432\u0430\u0440\u0438\u0430\u043d\u0442 \u0440\u0435\u0448\u0435\u043d\u0438\u044f \u0432\u0430\u0448\u0438\u0445 \u043f\u0440\u043e\u0431\u043b\u0435\u043c.<\/p>\n<p>\u0412\u044b \u043d\u0435 \u043c\u043e\u0436\u0435\u0442\u0435 \u0442\u0435\u0440\u043f\u0435\u0442\u044c \u043a\u0440\u044b\u0441? \u041c\u044b \u0442\u043e\u0436\u0435.<\/p>\n<p><strong>Dezinfa \u043e\u0431\u0435\u0441\u043f\u0435\u0447\u0438\u0432\u0430\u0435\u0442 \u0438 \u043f\u0440\u0435\u0434\u043e\u0441\u0442\u0430\u0432\u043b\u044f\u0435\u0442:<\/strong><\/p>\n<ul>\n<li>\u2022 \u041d\u0435\u0437\u0430\u043c\u0435\u0434\u043b\u0438\u0442\u0435\u043b\u044c\u043d\u043e\u0435 \u043f\u0440\u0438\u0431\u044b\u0442\u0438\u0435 \u044d\u043a\u0441\u043f\u0435\u0440\u0442\u0430;<\/li>\n<li>\u2022 \u0418\u043d\u0432\u0435\u043d\u0442\u0430\u0440\u044c \u0434\u043b\u044f \u0431\u043e\u0440\u044c\u0431\u044b \u0441 \u0433\u0440\u044b\u0437\u0443\u043d\u0430\u043c\u0438;<\/li>\n<li>\u2022 \u041d\u043e\u0432\u0435\u0439\u0448\u0438\u0435 \u0442\u0435\u0445\u043d\u043e\u043b\u043e\u0433\u0438\u0438 \u043a\u043e\u043d\u0442\u0440\u043e\u043b\u044f \u0432\u0440\u0435\u0434\u0438\u0442\u0435\u043b\u0435\u0439;<\/li>\n<li>\u2022 \u0420\u0435\u0433\u0443\u043b\u044f\u0440\u043d\u044b\u0435 \u0432\u0438\u0437\u0438\u0442\u044b \u044d\u043a\u0441\u043f\u0435\u0440\u0442\u043e\u0432, \u0447\u0442\u043e\u0431\u044b \u043d\u0435 \u0434\u043e\u043f\u0443\u0441\u0442\u0438\u0442\u044c \u043f\u043e\u0432\u0442\u043e\u0440\u043d\u043e\u0433\u043e \u043f\u043e\u044f\u0432\u043b\u0435\u043d\u0438\u044f \u0433\u0440\u044b\u0437\u0443\u043d\u043e\u0432.<\/li>\n<\/ul>\n<p><strong>\u041d\u0435\u0433\u0430\u0442\u0438\u0432\u043d\u044b\u0435 \u043f\u043e\u0441\u043b\u0435\u0434\u0441\u0442\u0432\u0438\u044f \u0434\u043b\u044f \u0431\u0438\u0437\u043d\u0435\u0441\u0430:<\/strong><\/p>\n<ul>\n<li>\u2022 \u0423\u0449\u0435\u0440\u0431 &#8212; \u0442\u043e\u0432\u0430\u0440\u044b, \u043f\u0440\u043e\u0434\u0443\u043a\u0442\u044b \u043f\u0438\u0442\u0430\u043d\u0438\u044f, \u0432\u0430\u0448\u0435 \u0437\u0434\u043e\u0440\u043e\u0432\u044c\u0435 \u0438 \u0441\u0430\u043d\u0438\u0442\u0430\u0440\u043d\u0430\u044f \u0440\u0435\u043f\u0443\u0442\u0430\u0446\u0438\u044f;<\/li>\n<li>\u2022 \u0412\u043e\u043b\u043d\u0435\u043d\u0438\u044f \u2013 \u043d\u0435\u0437\u0430\u043c\u0435\u0434\u043b\u0438\u0442\u0435\u043b\u044c\u043d\u0430\u044f \u043f\u043e\u0442\u0435\u0440\u044f \u0434\u043e\u0432\u0435\u0440\u0438\u044f \u0441\u043e \u0441\u0442\u043e\u0440\u043e\u043d\u044b \u043a\u043b\u0438\u0435\u043d\u0442\u043e\u0432 \u0438 \u0440\u0430\u0431\u043e\u0442\u043d\u0438\u043a\u043e\u0432;<\/li>\n<li>\u2022 \u0420\u0430\u0441\u0445\u043e\u0434\u044b \u2013 \u043c\u043e\u0433\u0443\u0442 \u0431\u044b\u0442\u044c \u0437\u043d\u0430\u0447\u0438\u0442\u0435\u043b\u044c\u043d\u044b\u043c\u0438. \u0422\u043e\u043b\u044c\u043a\u043e \u043f\u0440\u0435\u0434\u0441\u0442\u0430\u0432\u044c\u0442\u0435 \u0441\u043a\u043e\u043b\u044c\u043a\u043e \u0431\u0443\u0434\u0435\u0442 \u0441\u0442\u043e\u0438\u0442\u044c \u043f\u0440\u043e\u0441\u0442\u043e\u0439 \u043f\u0440\u0435\u0434\u043f\u0440\u0438\u044f\u0442\u0438\u044f!<\/li>\n<li>\u2022 \u042e\u0440\u0438\u0434\u0438\u0447\u0435\u0441\u043a\u0438\u0435 \u043f\u043e\u0441\u043b\u0435\u0434\u0441\u0442\u0432\u0438\u044f \u2013 \u043d\u0435\u0432\u044b\u043f\u043e\u043b\u043d\u0435\u043d\u0438\u0435 \u0437\u0430\u043a\u043e\u043d\u043e\u0434\u0430\u0442\u0435\u043b\u044c\u0441\u0442\u0432\u0430.<\/li>\n<\/ul>\n<p><strong>\u041f\u0440\u0438\u0437\u043d\u0430\u043a\u0438, \u0441\u0432\u0438\u0434\u0435\u0442\u0435\u043b\u044c\u0441\u0442\u0432\u0443\u044e\u0449\u0438\u0435 \u043e \u043f\u0440\u0438\u0441\u0443\u0442\u0441\u0442\u0432\u0438\u0438 \u043a\u0440\u044b\u0441:<\/strong><\/p>\n<ul>\n<li>\u2022 \u041f\u043e\u043c\u0435\u0442;<\/li>\n<li>\u2022 \u041f\u043e\u0432\u0440\u0435\u0436\u0434\u0435\u043d\u043d\u044b\u0435 \u0437\u0430\u043f\u0430\u0441\u044b \u0438 \u0438\u0437\u043e\u043b\u044f\u0446\u0438\u043e\u043d\u043d\u044b\u0435 \u043c\u0430\u0442\u0435\u0440\u0438\u0430\u043b\u044b \u0432 \u043f\u043e\u043c\u0435\u0449\u0435\u043d\u0438\u044f\u0445;<\/li>\n<li>\u2022 \u041c\u0430\u0442\u0435\u0440\u0438\u0430\u043b \u0434\u043b\u044f \u0441\u043e\u0437\u0434\u0430\u043d\u0438\u044f \u0433\u043d\u0435\u0437\u0434 \u2013 \u0440\u0430\u0441\u043a\u0440\u043e\u0448\u0435\u043d\u043d\u044b\u0439 \u043a\u0430\u0440\u0442\u043e\u043d, \u0438\u0437\u043e\u043b\u044f\u0446\u0438\u043e\u043d\u043d\u044b\u0435 \u043c\u0430\u0442\u0435\u0440\u0438\u0430\u043b\u044b, \u043f\u043b\u0430\u0441\u0442\u043c\u0430\u0441\u0441\u0430 \u0438 \u0442.\u0434.<\/li>\n<\/ul>\n<p>Dezinfa \u043f\u0440\u0435\u0434\u043e\u0441\u0442\u0430\u0432\u0438\u0442 \u0432\u044b\u0441\u043e\u043a\u043e\u043a\u0432\u0430\u043b\u0438\u0444\u0438\u0446\u0438\u0440\u043e\u0432\u0430\u043d\u043d\u044b\u0445 \u0442\u0435\u0445\u043d\u0438\u043a\u043e\u0432 \u0438 \u044d\u043a\u0441\u043f\u0435\u0440\u0442\u043e\u0432,\u0430 \u0442\u0430\u043a\u0436\u0435 \u043e\u043a\u0430\u0436\u0435\u0442 \u0432\u044b\u0441\u043e\u043a\u043e\u043a\u043b\u0430\u0441\u0441\u043d\u044b\u0435 \u0443\u0441\u043b\u0443\u0433\u0438 \u043f\u043e \u0431\u043e\u0440\u044c\u0431\u0435 \u0441 \u0432\u0440\u0435\u0434\u0438\u0442\u0435\u043b\u044f\u043c\u0438. \u0417\u0432\u043e\u043d\u0438\u0442\u0435 \u0432 \u043d\u0430\u0448\u0443 \u0441\u043b\u0443\u0436\u0431\u0443 \u043a\u043e\u043d\u0442\u0440\u043e\u043b\u044f \u0432\u0440\u0435\u0434\u0438\u0442\u0435\u043b\u0435\u0439: +371-67705917<\/p>\n","protected":false},"excerpt":{"rendered":"<p>\u0412\u0430\u0440\u0438\u0430\u043d\u0442\u044b \u0431\u043e\u0440\u044c\u0431\u044b \u0441 \u043a\u0440\u044b\u0441\u0430\u043c\u0438 \u0438 \u043f\u043e\u043b\u0443\u0447\u0435\u043d\u0438\u0435 \u0443\u0441\u043b\u0443\u0433 Dezinfa \u043f\u0440\u0435\u0434\u043b\u0430\u0433\u0430\u0435\u0442 \u043b\u0443\u0447\u0448\u0438\u0435 \u0440\u0435\u0448\u0435\u043d\u0438\u044f \u043a\u043e\u043d\u0442\u0440\u043e\u043b\u044f \u0433\u0440\u044b\u0437\u0443\u043d\u043e\u0432: \u041a\u0430\u043a\u043e\u0439 \u0431\u044b \u043d\u0435 \u0431\u044b\u043b\u0430 \u043f\u0440\u043e\u0431\u043b\u0435\u043c\u0430, \u0441\u0432\u044f\u0437\u0430\u043d\u043d\u0430\u044f \u0441 \u0433\u0440\u044b\u0437\u0443\u043d\u0430\u043c\u0438, Dezinfa \u0432 \u043b\u044e\u0431\u043e\u043c \u0441\u043b\u0443\u0447\u0430\u0435 \u043f\u0440\u0435\u0434\u043e\u0441\u0442\u0430\u0432\u0438\u0442 \u043f\u0440\u043e\u0444\u0435\u0441\u0441\u0438\u043e\u043d\u0430\u043b\u044c\u043d\u044b\u0435 \u0438 \u044d\u0444\u0444\u0435\u043a\u0442\u0438\u0432\u043d\u044b\u0435 \u0440\u0435\u0448\u0435\u043d\u0438\u044f. \u041d\u0430\u0448\u0430 \u0444\u0438\u0440\u043c\u0430 \u043f\u043e\u043b\u0443\u0447\u0438\u043b\u0430 \u0441\u0442\u0430\u043d\u0434\u0430\u0440\u0442 \u0441\u0438\u0441\u0442\u0435\u043c\u044b \u0443\u043f\u0440\u0430\u0432\u043b\u0435\u043d\u0438\u044f \u043e\u043a\u0440\u0443\u0436\u0430\u044e\u0449\u0435\u0439 \u0441\u0440\u0435\u0434\u043e\u0439 ISO 14001. \u0414\u0430\u043d\u043d\u044b\u0439 \u0441\u0442\u0430\u043d\u0434\u0430\u0440\u0442 \u043f\u043e\u043c\u043e\u0433\u0430\u0435\u0442 \u043d\u0430\u0448\u0435\u043c\u0443 \u043f\u0440\u0435\u0434\u043f\u0440\u0438\u044f\u0442\u0438\u044e \u0432\u044b\u044f\u0432\u043b\u044f\u0442\u044c \u0440\u0438\u0441\u043a\u0438, \u0441\u0432\u044f\u0437\u0430\u043d\u043d\u044b\u0435 \u0441 \u0432\u043b\u0438\u044f\u043d\u0438\u0435\u043c \u043d\u0430 \u043e\u043a\u0440\u0443\u0436\u0430\u044e\u0449\u0443\u044e \u0441\u0440\u0435\u0434\u0443, \u0442.\u043e. \u043f\u043e\u043c\u043e\u0433\u0430\u0435\u0442 [&hellip;]<\/p>\n","protected":false},"author":5,"featured_media":1215,"parent":1540,"menu_order":0,"comment_status":"closed","ping_status":"closed","template":"template-business.php","meta":{"_acf_changed":false,"footnotes":""},"acf":[],"yoast_head":"<!-- This site is optimized with the Yoast SEO plugin v23.1 - https:\/\/yoast.com\/wordpress\/plugins\/seo\/ -->\n<title>\u0421\u043b\u0443\u0436\u0431\u0430 \u043a\u043e\u043d\u0442\u0440\u043e\u043b\u044f \u043a\u0440\u044b\u0441 &#8211; Dezinfa<\/title>\n<meta name=\"robots\" content=\"index, follow, max-snippet:-1, max-image-preview:large, max-video-preview:-1\" \/>\n<link rel=\"canonical\" href=\"https:\/\/dezinfa.lv\/ru\/biznesam\/kaiteklu-problemas\/zurku-kontroles-dienests\/\" \/>\n<meta property=\"og:locale\" content=\"ru_RU\" \/>\n<meta property=\"og:type\" content=\"article\" \/>\n<meta property=\"og:title\" content=\"\u0421\u043b\u0443\u0436\u0431\u0430 \u043a\u043e\u043d\u0442\u0440\u043e\u043b\u044f \u043a\u0440\u044b\u0441 &#8211; Dezinfa\" \/>\n<meta property=\"og:description\" content=\"\u0412\u0430\u0440\u0438\u0430\u043d\u0442\u044b \u0431\u043e\u0440\u044c\u0431\u044b \u0441 \u043a\u0440\u044b\u0441\u0430\u043c\u0438 \u0438 \u043f\u043e\u043b\u0443\u0447\u0435\u043d\u0438\u0435 \u0443\u0441\u043b\u0443\u0433 Dezinfa \u043f\u0440\u0435\u0434\u043b\u0430\u0433\u0430\u0435\u0442 \u043b\u0443\u0447\u0448\u0438\u0435 \u0440\u0435\u0448\u0435\u043d\u0438\u044f \u043a\u043e\u043d\u0442\u0440\u043e\u043b\u044f \u0433\u0440\u044b\u0437\u0443\u043d\u043e\u0432: \u041a\u0430\u043a\u043e\u0439 \u0431\u044b \u043d\u0435 \u0431\u044b\u043b\u0430 \u043f\u0440\u043e\u0431\u043b\u0435\u043c\u0430, \u0441\u0432\u044f\u0437\u0430\u043d\u043d\u0430\u044f \u0441 \u0433\u0440\u044b\u0437\u0443\u043d\u0430\u043c\u0438, Dezinfa \u0432 \u043b\u044e\u0431\u043e\u043c \u0441\u043b\u0443\u0447\u0430\u0435 \u043f\u0440\u0435\u0434\u043e\u0441\u0442\u0430\u0432\u0438\u0442 \u043f\u0440\u043e\u0444\u0435\u0441\u0441\u0438\u043e\u043d\u0430\u043b\u044c\u043d\u044b\u0435 \u0438 \u044d\u0444\u0444\u0435\u043a\u0442\u0438\u0432\u043d\u044b\u0435 \u0440\u0435\u0448\u0435\u043d\u0438\u044f. \u041d\u0430\u0448\u0430 \u0444\u0438\u0440\u043c\u0430 \u043f\u043e\u043b\u0443\u0447\u0438\u043b\u0430 \u0441\u0442\u0430\u043d\u0434\u0430\u0440\u0442 \u0441\u0438\u0441\u0442\u0435\u043c\u044b \u0443\u043f\u0440\u0430\u0432\u043b\u0435\u043d\u0438\u044f \u043e\u043a\u0440\u0443\u0436\u0430\u044e\u0449\u0435\u0439 \u0441\u0440\u0435\u0434\u043e\u0439 ISO 14001. \u0414\u0430\u043d\u043d\u044b\u0439 \u0441\u0442\u0430\u043d\u0434\u0430\u0440\u0442 \u043f\u043e\u043c\u043e\u0433\u0430\u0435\u0442 \u043d\u0430\u0448\u0435\u043c\u0443 \u043f\u0440\u0435\u0434\u043f\u0440\u0438\u044f\u0442\u0438\u044e \u0432\u044b\u044f\u0432\u043b\u044f\u0442\u044c \u0440\u0438\u0441\u043a\u0438, \u0441\u0432\u044f\u0437\u0430\u043d\u043d\u044b\u0435 \u0441 \u0432\u043b\u0438\u044f\u043d\u0438\u0435\u043c \u043d\u0430 \u043e\u043a\u0440\u0443\u0436\u0430\u044e\u0449\u0443\u044e \u0441\u0440\u0435\u0434\u0443, \u0442.\u043e. \u043f\u043e\u043c\u043e\u0433\u0430\u0435\u0442 [&hellip;]\" \/>\n<meta property=\"og:url\" content=\"https:\/\/dezinfa.lv\/biznesam\/kaiteklu-problemas\/zurku-kontroles-dienests\/\" \/>\n<meta property=\"og:site_name\" content=\"Dezinfa\" \/>\n<meta property=\"article:modified_time\" content=\"2021-01-06T10:01:24+00:00\" \/>\n<meta property=\"og:image\" content=\"https:\/\/dezinfa.lv\/wp-content\/uploads\/2020\/12\/AdobeStock_16746641dd.jpg\" \/>\n\t<meta property=\"og:image:width\" content=\"900\" \/>\n\t<meta property=\"og:image:height\" content=\"410\" \/>\n\t<meta property=\"og:image:type\" content=\"image\/jpeg\" \/>\n<meta name=\"twitter:card\" content=\"summary_large_image\" \/>\n<script type=\"application\/ld+json\" class=\"yoast-schema-graph\">{\"@context\":\"https:\/\/schema.org\",\"@graph\":[{\"@type\":\"WebPage\",\"@id\":\"https:\/\/dezinfa.lv\/biznesam\/kaiteklu-problemas\/zurku-kontroles-dienests\/\",\"url\":\"https:\/\/dezinfa.lv\/biznesam\/kaiteklu-problemas\/zurku-kontroles-dienests\/\",\"name\":\"\u0421\u043b\u0443\u0436\u0431\u0430 \u043a\u043e\u043d\u0442\u0440\u043e\u043b\u044f \u043a\u0440\u044b\u0441 &#8211; Dezinfa\",\"isPartOf\":{\"@id\":\"https:\/\/dezinfa.lv\/#website\"},\"primaryImageOfPage\":{\"@id\":\"https:\/\/dezinfa.lv\/biznesam\/kaiteklu-problemas\/zurku-kontroles-dienests\/#primaryimage\"},\"image\":{\"@id\":\"https:\/\/dezinfa.lv\/biznesam\/kaiteklu-problemas\/zurku-kontroles-dienests\/#primaryimage\"},\"thumbnailUrl\":\"https:\/\/dezinfa.lv\/wp-content\/uploads\/2020\/12\/AdobeStock_16746641dd.jpg\",\"datePublished\":\"2021-01-06T10:00:58+00:00\",\"dateModified\":\"2021-01-06T10:01:24+00:00\",\"breadcrumb\":{\"@id\":\"https:\/\/dezinfa.lv\/biznesam\/kaiteklu-problemas\/zurku-kontroles-dienests\/#breadcrumb\"},\"inLanguage\":\"ru-RU\",\"potentialAction\":[{\"@type\":\"ReadAction\",\"target\":[\"https:\/\/dezinfa.lv\/biznesam\/kaiteklu-problemas\/zurku-kontroles-dienests\/\"]}]},{\"@type\":\"ImageObject\",\"inLanguage\":\"ru-RU\",\"@id\":\"https:\/\/dezinfa.lv\/biznesam\/kaiteklu-problemas\/zurku-kontroles-dienests\/#primaryimage\",\"url\":\"https:\/\/dezinfa.lv\/wp-content\/uploads\/2020\/12\/AdobeStock_16746641dd.jpg\",\"contentUrl\":\"https:\/\/dezinfa.lv\/wp-content\/uploads\/2020\/12\/AdobeStock_16746641dd.jpg\",\"width\":900,\"height\":410},{\"@type\":\"BreadcrumbList\",\"@id\":\"https:\/\/dezinfa.lv\/biznesam\/kaiteklu-problemas\/zurku-kontroles-dienests\/#breadcrumb\",\"itemListElement\":[{\"@type\":\"ListItem\",\"position\":1,\"name\":\"\u0411\u0438\u0437\u043d\u0435\u0441\",\"item\":\"https:\/\/dezinfa.lv\/biznesam\/\"},{\"@type\":\"ListItem\",\"position\":2,\"name\":\"\u041f\u0440\u043e\u0431\u043b\u0435\u043c\u044b, \u0441\u0432\u044f\u0437\u0430\u043d\u043d\u044b\u0435 \u0441 \u0432\u0440\u0435\u0434\u0438\u0442\u0435\u043b\u044f\u043c\u0438\",\"item\":\"https:\/\/dezinfa.lv\/biznesam\/kaiteklu-problemas\/\"},{\"@type\":\"ListItem\",\"position\":3,\"name\":\"\u0421\u043b\u0443\u0436\u0431\u0430 \u043a\u043e\u043d\u0442\u0440\u043e\u043b\u044f \u043a\u0440\u044b\u0441\"}]},{\"@type\":\"WebSite\",\"@id\":\"https:\/\/dezinfa.lv\/#website\",\"url\":\"https:\/\/dezinfa.lv\/\",\"name\":\"Dezinfa\",\"description\":\"Kait\u0113k\u013cu kontrole s\u0101kas ar mums\",\"potentialAction\":[{\"@type\":\"SearchAction\",\"target\":{\"@type\":\"EntryPoint\",\"urlTemplate\":\"https:\/\/dezinfa.lv\/?s={search_term_string}\"},\"query-input\":\"required name=search_term_string\"}],\"inLanguage\":\"ru-RU\"}]}<\/script>\n<!-- \/ Yoast SEO plugin. -->","yoast_head_json":{"title":"\u0421\u043b\u0443\u0436\u0431\u0430 \u043a\u043e\u043d\u0442\u0440\u043e\u043b\u044f \u043a\u0440\u044b\u0441 &#8211; Dezinfa","robots":{"index":"index","follow":"follow","max-snippet":"max-snippet:-1","max-image-preview":"max-image-preview:large","max-video-preview":"max-video-preview:-1"},"canonical":"https:\/\/dezinfa.lv\/ru\/biznesam\/kaiteklu-problemas\/zurku-kontroles-dienests\/","og_locale":"ru_RU","og_type":"article","og_title":"\u0421\u043b\u0443\u0436\u0431\u0430 \u043a\u043e\u043d\u0442\u0440\u043e\u043b\u044f \u043a\u0440\u044b\u0441 &#8211; Dezinfa","og_description":"\u0412\u0430\u0440\u0438\u0430\u043d\u0442\u044b \u0431\u043e\u0440\u044c\u0431\u044b \u0441 \u043a\u0440\u044b\u0441\u0430\u043c\u0438 \u0438 \u043f\u043e\u043b\u0443\u0447\u0435\u043d\u0438\u0435 \u0443\u0441\u043b\u0443\u0433 Dezinfa \u043f\u0440\u0435\u0434\u043b\u0430\u0433\u0430\u0435\u0442 \u043b\u0443\u0447\u0448\u0438\u0435 \u0440\u0435\u0448\u0435\u043d\u0438\u044f \u043a\u043e\u043d\u0442\u0440\u043e\u043b\u044f \u0433\u0440\u044b\u0437\u0443\u043d\u043e\u0432: \u041a\u0430\u043a\u043e\u0439 \u0431\u044b \u043d\u0435 \u0431\u044b\u043b\u0430 \u043f\u0440\u043e\u0431\u043b\u0435\u043c\u0430, \u0441\u0432\u044f\u0437\u0430\u043d\u043d\u0430\u044f \u0441 \u0433\u0440\u044b\u0437\u0443\u043d\u0430\u043c\u0438, Dezinfa \u0432 \u043b\u044e\u0431\u043e\u043c \u0441\u043b\u0443\u0447\u0430\u0435 \u043f\u0440\u0435\u0434\u043e\u0441\u0442\u0430\u0432\u0438\u0442 \u043f\u0440\u043e\u0444\u0435\u0441\u0441\u0438\u043e\u043d\u0430\u043b\u044c\u043d\u044b\u0435 \u0438 \u044d\u0444\u0444\u0435\u043a\u0442\u0438\u0432\u043d\u044b\u0435 \u0440\u0435\u0448\u0435\u043d\u0438\u044f. \u041d\u0430\u0448\u0430 \u0444\u0438\u0440\u043c\u0430 \u043f\u043e\u043b\u0443\u0447\u0438\u043b\u0430 \u0441\u0442\u0430\u043d\u0434\u0430\u0440\u0442 \u0441\u0438\u0441\u0442\u0435\u043c\u044b \u0443\u043f\u0440\u0430\u0432\u043b\u0435\u043d\u0438\u044f \u043e\u043a\u0440\u0443\u0436\u0430\u044e\u0449\u0435\u0439 \u0441\u0440\u0435\u0434\u043e\u0439 ISO 14001. \u0414\u0430\u043d\u043d\u044b\u0439 \u0441\u0442\u0430\u043d\u0434\u0430\u0440\u0442 \u043f\u043e\u043c\u043e\u0433\u0430\u0435\u0442 \u043d\u0430\u0448\u0435\u043c\u0443 \u043f\u0440\u0435\u0434\u043f\u0440\u0438\u044f\u0442\u0438\u044e \u0432\u044b\u044f\u0432\u043b\u044f\u0442\u044c \u0440\u0438\u0441\u043a\u0438, \u0441\u0432\u044f\u0437\u0430\u043d\u043d\u044b\u0435 \u0441 \u0432\u043b\u0438\u044f\u043d\u0438\u0435\u043c \u043d\u0430 \u043e\u043a\u0440\u0443\u0436\u0430\u044e\u0449\u0443\u044e \u0441\u0440\u0435\u0434\u0443, \u0442.\u043e. \u043f\u043e\u043c\u043e\u0433\u0430\u0435\u0442 [&hellip;]","og_url":"https:\/\/dezinfa.lv\/biznesam\/kaiteklu-problemas\/zurku-kontroles-dienests\/","og_site_name":"Dezinfa","article_modified_time":"2021-01-06T10:01:24+00:00","og_image":[{"width":900,"height":410,"url":"https:\/\/dezinfa.lv\/wp-content\/uploads\/2020\/12\/AdobeStock_16746641dd.jpg","type":"image\/jpeg"}],"twitter_card":"summary_large_image","schema":{"@context":"https:\/\/schema.org","@graph":[{"@type":"WebPage","@id":"https:\/\/dezinfa.lv\/biznesam\/kaiteklu-problemas\/zurku-kontroles-dienests\/","url":"https:\/\/dezinfa.lv\/biznesam\/kaiteklu-problemas\/zurku-kontroles-dienests\/","name":"\u0421\u043b\u0443\u0436\u0431\u0430 \u043a\u043e\u043d\u0442\u0440\u043e\u043b\u044f \u043a\u0440\u044b\u0441 &#8211; Dezinfa","isPartOf":{"@id":"https:\/\/dezinfa.lv\/#website"},"primaryImageOfPage":{"@id":"https:\/\/dezinfa.lv\/biznesam\/kaiteklu-problemas\/zurku-kontroles-dienests\/#primaryimage"},"image":{"@id":"https:\/\/dezinfa.lv\/biznesam\/kaiteklu-problemas\/zurku-kontroles-dienests\/#primaryimage"},"thumbnailUrl":"https:\/\/dezinfa.lv\/wp-content\/uploads\/2020\/12\/AdobeStock_16746641dd.jpg","datePublished":"2021-01-06T10:00:58+00:00","dateModified":"2021-01-06T10:01:24+00:00","breadcrumb":{"@id":"https:\/\/dezinfa.lv\/biznesam\/kaiteklu-problemas\/zurku-kontroles-dienests\/#breadcrumb"},"inLanguage":"ru-RU","potentialAction":[{"@type":"ReadAction","target":["https:\/\/dezinfa.lv\/biznesam\/kaiteklu-problemas\/zurku-kontroles-dienests\/"]}]},{"@type":"ImageObject","inLanguage":"ru-RU","@id":"https:\/\/dezinfa.lv\/biznesam\/kaiteklu-problemas\/zurku-kontroles-dienests\/#primaryimage","url":"https:\/\/dezinfa.lv\/wp-content\/uploads\/2020\/12\/AdobeStock_16746641dd.jpg","contentUrl":"https:\/\/dezinfa.lv\/wp-content\/uploads\/2020\/12\/AdobeStock_16746641dd.jpg","width":900,"height":410},{"@type":"BreadcrumbList","@id":"https:\/\/dezinfa.lv\/biznesam\/kaiteklu-problemas\/zurku-kontroles-dienests\/#breadcrumb","itemListElement":[{"@type":"ListItem","position":1,"name":"\u0411\u0438\u0437\u043d\u0435\u0441","item":"https:\/\/dezinfa.lv\/biznesam\/"},{"@type":"ListItem","position":2,"name":"\u041f\u0440\u043e\u0431\u043b\u0435\u043c\u044b, \u0441\u0432\u044f\u0437\u0430\u043d\u043d\u044b\u0435 \u0441 \u0432\u0440\u0435\u0434\u0438\u0442\u0435\u043b\u044f\u043c\u0438","item":"https:\/\/dezinfa.lv\/biznesam\/kaiteklu-problemas\/"},{"@type":"ListItem","position":3,"name":"\u0421\u043b\u0443\u0436\u0431\u0430 \u043a\u043e\u043d\u0442\u0440\u043e\u043b\u044f \u043a\u0440\u044b\u0441"}]},{"@type":"WebSite","@id":"https:\/\/dezinfa.lv\/#website","url":"https:\/\/dezinfa.lv\/","name":"Dezinfa","description":"Kait\u0113k\u013cu kontrole s\u0101kas ar mums","potentialAction":[{"@type":"SearchAction","target":{"@type":"EntryPoint","urlTemplate":"https:\/\/dezinfa.lv\/?s={search_term_string}"},"query-input":"required name=search_term_string"}],"inLanguage":"ru-RU"}]}},"_links":{"self":[{"href":"https:\/\/dezinfa.lv\/ru\/wp-json\/wp\/v2\/pages\/1752"}],"collection":[{"href":"https:\/\/dezinfa.lv\/ru\/wp-json\/wp\/v2\/pages"}],"about":[{"href":"https:\/\/dezinfa.lv\/ru\/wp-json\/wp\/v2\/types\/page"}],"author":[{"embeddable":true,"href":"https:\/\/dezinfa.lv\/ru\/wp-json\/wp\/v2\/users\/5"}],"replies":[{"embeddable":true,"href":"https:\/\/dezinfa.lv\/ru\/wp-json\/wp\/v2\/comments?post=1752"}],"version-history":[{"count":2,"href":"https:\/\/dezinfa.lv\/ru\/wp-json\/wp\/v2\/pages\/1752\/revisions"}],"predecessor-version":[{"id":1754,"href":"https:\/\/dezinfa.lv\/ru\/wp-json\/wp\/v2\/pages\/1752\/revisions\/1754"}],"up":[{"embeddable":true,"href":"https:\/\/dezinfa.lv\/ru\/wp-json\/wp\/v2\/pages\/1540"}],"wp:featuredmedia":[{"embeddable":true,"href":"https:\/\/dezinfa.lv\/ru\/wp-json\/wp\/v2\/media\/1215"}],"wp:attachment":[{"href":"https:\/\/dezinfa.lv\/ru\/wp-json\/wp\/v2\/media?parent=1752"}],"curies":[{"name":"wp","href":"https:\/\/api.w.org\/{rel}","templated":true}]}}