{"id":1531,"date":"2020-12-29T14:04:21","date_gmt":"2020-12-29T12:04:21","guid":{"rendered":"https:\/\/dezinfa.lv\/?page_id=1531"},"modified":"2020-12-29T14:05:11","modified_gmt":"2020-12-29T12:05:11","slug":"%d0%b3%d0%be%d1%81%d1%82%d0%b8%d0%bd%d0%b8%d1%87%d0%bd%d0%b0%d1%8f-%d0%be%d1%82%d1%80%d0%b0%d1%81%d0%bb%d1%8c","status":"publish","type":"page","link":"https:\/\/dezinfa.lv\/ru\/%d0%b1%d0%b8%d0%b7%d0%bd%d0%b5%d1%81\/%d0%b3%d0%be%d1%81%d1%82%d0%b8%d0%bd%d0%b8%d1%87%d0%bd%d0%b0%d1%8f-%d0%be%d1%82%d1%80%d0%b0%d1%81%d0%bb%d1%8c\/","title":{"rendered":"\u0413\u043e\u0441\u0442\u0438\u043d\u0438\u0447\u043d\u0430\u044f \u043e\u0442\u0440\u0430\u0441\u043b\u044c"},"content":{"rendered":"<h3>\u0423\u0441\u043b\u0443\u0433\u0438 \u043a\u043e\u043d\u0442\u0440\u043e\u043b\u044f Dezinfa \u0432 \u0433\u043e\u0441\u0442\u0438\u043d\u0438\u0447\u043d\u043e\u0439 \u043e\u0442\u0440\u0430\u0441\u043b\u0438<\/h3>\n<h4><img loading=\"lazy\" decoding=\"async\" class=\"alignnone size-full wp-image-341\" src=\"http:\/\/dezinfa.lv\/wp-content\/uploads\/2020\/12\/10326.jpeg\" alt=\"\" width=\"320\" height=\"214\" srcset=\"https:\/\/dezinfa.lv\/wp-content\/uploads\/2020\/12\/10326.jpeg 320w, https:\/\/dezinfa.lv\/wp-content\/uploads\/2020\/12\/10326-300x201.jpeg 300w\" sizes=\"(max-width: 320px) 100vw, 320px\" \/><\/h4>\n<h4><strong>\u0421\u043f\u0435\u0446\u0438\u0444\u0438\u043a\u0430 \u0431\u0438\u0437\u043d\u0435\u0441\u0430 \u0432 \u0433\u043e\u0441\u0442\u0438\u043d\u0438\u0447\u043d\u043e\u043c \u0431\u0438\u0437\u043d\u0435\u0441\u0435<\/strong><\/h4>\n<ul>\n<li>\u0412 \u0433\u043e\u0441\u0442\u0438\u043d\u0438\u0446\u0430\u0445 \u0441\u0443\u0449\u0435\u0441\u0442\u0432\u0443\u0435\u0442 \u0431\u043e\u043b\u044c\u0448\u043e\u0439 \u0440\u0438\u0441\u043a \u0437\u0430\u0440\u0430\u0436\u0435\u043d\u0438\u044f \u0432\u0440\u0435\u0434\u0438\u0442\u0435\u043b\u044f\u043c\u0438. \u041d\u0430\u0438\u0431\u043e\u043b\u044c\u0448\u0438\u043c \u0444\u0430\u043a\u0442\u043e\u0440\u043e\u043c \u0440\u0438\u0441\u043a\u0430 \u044f\u0432\u043b\u044f\u044e\u0442\u0441\u044f \u0432\u0440\u0435\u0434\u0438\u0442\u0435\u043b\u0438, \u043f\u0435\u0440\u0435\u043d\u043e\u0441\u0438\u043c\u044b\u0435 \u043a\u043b\u0438\u0435\u043d\u0442\u0430\u043c\u0438;<\/li>\n<li>\u0414\u043b\u044f \u0431\u0438\u0437\u043d\u0435\u0441\u0430 \u043e\u0447\u0435\u043d\u044c \u0432\u0430\u0436\u043d\u043e \u0445\u043e\u0440\u043e\u0448\u0435\u0435 \u0438\u043c\u044f \u0438 \u0440\u0435\u043f\u0443\u0442\u0430\u0446\u0438\u044f;<\/li>\n<li>\u0427\u0438\u0441\u0442\u043e\u0435 \u043f\u043e\u0441\u0442\u0435\u043b\u044c\u043d\u043e\u0435 \u0431\u0435\u043b\u044c\u0435 \u0435\u0449\u0435 \u043e\u0434\u0438\u043d \u0438\u0437 \u0432\u0430\u0436\u043d\u0435\u0439\u0448\u0438\u0445 \u043f\u0440\u0438\u043e\u0440\u0438\u0442\u0435\u0442\u043e\u0432 \u0432 \u044d\u0442\u043e\u043c \u0431\u0438\u0437\u043d\u0435\u0441\u0435. \u041d\u0435\u0441\u043c\u043e\u0442\u0440\u044f \u043d\u0430 \u0447\u0438\u0441\u0442\u043e\u0442\u0443 \u0438 \u043f\u043e\u0440\u044f\u0434\u043e\u043a, \u0432 \u0433\u043e\u0441\u0442\u0438\u043d\u0438\u0446\u0430\u0445 \u043c\u043e\u0433\u0443\u0442 \u0437\u0430\u0432\u0435\u0441\u0442\u0438\u0441\u044c \u043a\u043b\u043e\u043f\u044b, \u043a\u043e\u0442\u043e\u0440\u044b\u0435 \u043f\u043e\u0448\u0430\u0442\u043d\u0443\u0442 \u0440\u0435\u043f\u0443\u0442\u0430\u0446\u0438\u044e \u0432\u0430\u0448\u0435\u0433\u043e \u0431\u0438\u0437\u043d\u0435\u0441\u0430;<\/li>\n<li>\u0424\u0430\u043a\u0442\u0438\u0447\u0435\u0441\u043a\u0438 \u0431\u043e\u0440\u044c\u0431\u0430 \u0441 \u0432\u0440\u0435\u0434\u0438\u0442\u0435\u043b\u044f\u043c\u0438 \u043f\u0440\u043e\u0438\u0441\u0445\u043e\u0434\u0438\u0442 \u0432\u043e \u0432\u0441\u0435\u0445 \u043f\u043e\u043c\u0435\u0449\u0435\u043d\u0438\u044f\u0445 \u0433\u043e\u0441\u0442\u0438\u043d\u0438\u0446\u044b \u2013 \u0440\u0435\u0441\u0442\u043e\u0440\u0430\u043d\u0430\u0445, \u0431\u0430\u0440\u0430\u0445, \u043f\u043e\u043c\u0435\u0449\u0435\u043d\u0438\u044f\u0445 \u0442\u0435\u0445\u043d\u0438\u0447\u0435\u0441\u043a\u043e\u0433\u043e \u043e\u0431\u0441\u043b\u0443\u0436\u0438\u0432\u0430\u043d\u0438\u044f \u0438 \u043f\u043e\u0434\u0441\u043e\u0431\u043d\u043e\u0433\u043e \u0445\u043e\u0437\u044f\u0439\u0441\u0442\u0432\u0430;<\/li>\n<li>\u041e\u0431\u044b\u0447\u043d\u043e \u043a\u043b\u0438\u0435\u043d\u0442\u044b \u0432 \u0433\u043e\u0441\u0442\u0438\u043d\u0438\u0446\u0435 \u043f\u0440\u043e\u0436\u0438\u0432\u0430\u044e\u0442 \u043e\u043f\u0440\u0435\u0434\u0435\u043b\u0435\u043d\u043d\u043e\u0435 \u0432\u0440\u0435\u043c\u044f, \u043f\u043e\u044d\u0442\u043e\u043c\u0443 \u043f\u0440\u043e\u0431\u043b\u0435\u043c\u044b \u0441 \u0432\u0440\u0435\u0434\u0438\u0442\u0435\u043b\u044f\u043c\u0438 \u0431\u044b\u0441\u0442\u0440\u043e \u0441\u0442\u0430\u043d\u043e\u0432\u044f\u0442\u0441\u044f \u043e\u0447\u0435\u0432\u0438\u0434\u043d\u044b\u043c\u0438;<\/li>\n<li>\u041f\u0440\u0438\u0441\u0443\u0442\u0441\u0442\u0432\u0438\u0435 \u0432\u0440\u0435\u0434\u0438\u0442\u0435\u043b\u0435\u0439 \u043c\u043e\u0436\u0435\u0442 \u0441\u0438\u043b\u044c\u043d\u043e \u043d\u0430\u0432\u0440\u0435\u0434\u0438\u0442\u044c \u0433\u043e\u0441\u0442\u0438\u043d\u0438\u0446\u0435, \u0442\u0435\u043c \u0441\u0430\u043c\u044b\u043c \u0441\u043d\u0438\u0437\u0438\u0442\u044c \u0435\u0451\u00a0\u0434\u043e\u0445\u043e\u0434\u044b \u0438 \u0441\u0438\u043b\u044c\u043d\u043e \u0438\u0441\u043f\u043e\u0440\u0442\u0438\u0442\u044c \u0440\u0435\u043f\u0443\u0442\u0430\u0446\u0438\u044e;<\/li>\n<li>\u0412\u043e\u043f\u0440\u043e\u0441 \u043f\u0440\u043e\u0444\u0438\u043b\u0430\u043a\u0442\u0438\u043a\u0438 \u044f\u0432\u043b\u044f\u0435\u0442\u0441\u044f \u0431\u043e\u043b\u0435\u0435 \u0432\u0430\u0436\u043d\u044b\u043c, \u043d\u0435\u0436\u0435\u043b\u0438 \u0432\u043e\u043f\u0440\u043e\u0441 \u0443\u043d\u0438\u0447\u0442\u043e\u0436\u0435\u043d\u0438\u044f \u0432\u0440\u0435\u0434\u0438\u0442\u0435\u043b\u0435\u0439.<\/li>\n<\/ul>\n<h4><strong>\u0427\u0435\u0433\u043e \u043e\u0436\u0438\u0434\u0430\u044e\u0442 \u043d\u0430\u0448\u0438 \u043a\u043b\u0438\u0435\u043d\u0442\u044b?<\/strong><\/h4>\n<ul>\n<li>\u0425\u043e\u0442\u044f\u0442 \u0431\u044b\u0442\u044c \u0443\u0432\u0435\u0440\u0435\u043d\u043d\u044b\u043c\u0438 \u0432 \u0442\u043e\u043c, \u0447\u0442\u043e \u0432\u0441\u0435 \u0433\u043e\u0441\u0442\u0438\u043d\u0438\u0447\u043d\u044b\u0435 \u043d\u043e\u043c\u0435\u0440\u0430 \u043e\u0431\u0435\u0441\u043f\u0435\u0447\u0430\u0442 \u043f\u0440\u0438\u044f\u0442\u043d\u044b\u0439 \u043e\u0442\u0434\u044b\u0445;<\/li>\n<li>\u041d\u0435 \u0436\u0435\u043b\u0430\u044e\u0442 \u0442\u0440\u0430\u0442\u0438\u0442\u044c \u0434\u043e\u043f\u043e\u043b\u043d\u0438\u0442\u0435\u043b\u044c\u043d\u044b\u0435 \u0441\u0440\u0435\u0434\u0441\u0442\u0432\u0430 \u043d\u0430 \u043a\u043e\u043d\u0442\u0440\u043e\u043b\u044c \u0432\u0440\u0435\u0434\u0438\u0442\u0435\u043b\u0435\u0439;<\/li>\n<li>\u0413\u043b\u0430\u0432\u043d\u044b\u043c \u043e\u0431\u0440\u0430\u0437\u043e\u043c \u0432\u043d\u0438\u043c\u0430\u043d\u0438\u0435 \u043d\u0430\u043f\u0440\u0430\u0432\u043b\u0435\u043d\u043e \u043d\u0430 \u043f\u043e\u043b\u043e\u0436\u0438\u0442\u0435\u043b\u044c\u043d\u044b\u0435 \u043e\u0442\u0437\u044b\u0432\u044b \u043a\u043b\u0438\u0435\u043d\u0442\u043e\u0432;<\/li>\n<li>\u0412 \u0434\u0430\u043d\u043d\u043e\u0439 \u043e\u0431\u043b\u0430\u0441\u0442\u0438 \u0434\u043b\u044f \u043d\u0430\u0448\u0438\u0445 \u043a\u043b\u0438\u0435\u043d\u0442\u043e\u0432 \u0441\u0430\u043c\u044b\u043c \u0433\u043b\u0430\u0432\u043d\u044b\u043c \u044f\u0432\u043b\u044f\u044e\u0442\u0441\u044f \u0433\u0430\u0440\u0430\u043d\u0442\u0438\u0438 \u0442\u043e\u0433\u043e, \u0447\u0442\u043e \u0432\u0440\u0435\u0434\u0438\u0442\u0435\u043b\u0438 \u043d\u0435 \u0431\u0443\u0434\u0443\u0442 \u043c\u0435\u0448\u0430\u0442\u044c \u0431\u0438\u0437\u043d\u0435\u0441\u0443.<\/li>\n<\/ul>\n<h4><strong>\u041a\u0430\u043a \u0434\u0435\u0439\u0441\u0442\u0432\u0443\u0435\u0442 \u0441\u0435\u0440\u0432\u0438\u0441 \u043a\u043e\u043d\u0442\u0440\u043e\u043b\u044f Dezinfa?<\/strong><\/h4>\n<p>\u041c\u044b \u0441\u043e\u0431\u043b\u044e\u0434\u0430\u0435\u043c \u043e\u0441\u043d\u043e\u0432\u043d\u043e\u0439 \u043f\u0440\u0438\u043d\u0446\u0438\u043f \u2013 \u043e\u0441\u0443\u0449\u0435\u0441\u0442\u0432\u043b\u044f\u0442\u044c \u043a\u043e\u043d\u0442\u0440\u043e\u043b\u044c \u0432\u0440\u0435\u0434\u0438\u0442\u0435\u043b\u0435\u0439 \u0442\u0430\u043a, \u0447\u0442\u043e\u0431\u044b \u043a\u043b\u0438\u0435\u043d\u0442\u044b \u0433\u043e\u0441\u0442\u0438\u043d\u0438\u0446 \u043c\u043e\u0433\u043b\u0438 \u043f\u043e\u043b\u044c\u0437\u043e\u0432\u0430\u0442\u044c\u0441\u044f \u043d\u043e\u043c\u0435\u0440\u0430\u043c\u0438 \u043f\u043e\u0441\u0442\u043e\u044f\u043d\u043d\u043e;<br \/>\nDezinfa \u043e\u0446\u0435\u043d\u0438\u0432\u0430\u0435\u0442: \u0441\u043e\u043e\u0442\u0432\u0435\u0442\u0441\u0442\u0432\u0443\u044e\u0442 \u043b\u0438 \u043f\u043e\u0436\u0435\u043b\u0430\u043d\u0438\u044f\u043c \u043a\u043b\u0438\u0435\u043d\u0442\u0430 \u0442\u0430\u043a\u0438\u0435 \u043c\u0435\u0441\u0442\u0430 \u043a\u0430\u043a \u0440\u0435\u0441\u0442\u043e\u0440\u0430\u043d\u044b, \u043a\u0443\u0445\u043d\u044f, \u043f\u0440\u0430\u0447\u0435\u0447\u043d\u0430\u044f;<br \/>\n\u041c\u044b \u0441\u043e\u0431\u043b\u044e\u0434\u0430\u0435\u043c \u043a\u043e\u043d\u0444\u0435\u0434\u0435\u043d\u0446\u0438\u0430\u043b\u044c\u043d\u043e\u0441\u0442\u044c \u043f\u0440\u0438 \u043e\u0441\u0443\u0449\u0435\u0441\u0442\u0432\u043b\u0435\u043d\u0438\u0438 \u043a\u043e\u043d\u0442\u0440\u043e\u043b\u044f;<br \/>\n\u041f\u0440\u043e\u0444\u0435\u0441\u0441\u0438\u043e\u043d\u0430\u043b\u044c\u043d\u043e \u043e\u0431\u0443\u0447\u0435\u043d\u043d\u044b\u0439 \u043f\u0435\u0440\u0441\u043e\u043d\u0430\u043b \u0438 \u043d\u0430\u0448 \u043c\u043d\u043e\u0433\u043e\u043b\u0435\u0442\u043d\u0438\u0439 \u043e\u043f\u044b\u0442 \u043a\u043e\u043d\u0442\u0440\u043e\u043b\u044f \u0432\u0440\u0435\u0434\u0438\u0442\u0435\u043b\u0435\u0439 \u0432 \u0433\u043e\u0441\u0442\u0438\u043d\u0438\u0447\u043d\u043e\u0439 \u043e\u0442\u0440\u0430\u0441\u043b\u0438 \u2013 \u044d\u0442\u043e \u0433\u043b\u0430\u0432\u043d\u043e\u0435 \u043f\u0440\u0435\u0438\u043c\u0443\u0449\u0435\u0441\u0442\u0432\u043e \u043d\u0430\u0448\u0435\u0433\u043e \u043f\u0440\u0435\u0434\u043f\u0440\u0438\u044f\u0442\u0438\u044f;<br \/>\n\u041e\u0441\u0443\u0449\u0435\u0441\u0442\u0432\u043b\u044f\u044f \u043d\u0430\u0448 \u043a\u043e\u043d\u0442\u0440\u043e\u043b\u044c, \u043c\u044b \u043e\u0431\u0435\u0441\u043f\u0435\u0447\u0438\u0432\u0430\u0435\u043c \u0447\u0443\u0432\u0441\u0442\u0432\u043e \u0431\u0435\u0437\u043e\u043f\u0430\u0441\u043d\u043e\u0441\u0442\u0438 \u043d\u0430\u0448\u0438\u043c \u043a\u043b\u0438\u0435\u043d\u0442\u0430\u043c.<\/p>\n","protected":false},"excerpt":{"rendered":"<p>\u0423\u0441\u043b\u0443\u0433\u0438 \u043a\u043e\u043d\u0442\u0440\u043e\u043b\u044f Dezinfa \u0432 \u0433\u043e\u0441\u0442\u0438\u043d\u0438\u0447\u043d\u043e\u0439 \u043e\u0442\u0440\u0430\u0441\u043b\u0438 \u0421\u043f\u0435\u0446\u0438\u0444\u0438\u043a\u0430 \u0431\u0438\u0437\u043d\u0435\u0441\u0430 \u0432 \u0433\u043e\u0441\u0442\u0438\u043d\u0438\u0447\u043d\u043e\u043c \u0431\u0438\u0437\u043d\u0435\u0441\u0435 \u0412 \u0433\u043e\u0441\u0442\u0438\u043d\u0438\u0446\u0430\u0445 \u0441\u0443\u0449\u0435\u0441\u0442\u0432\u0443\u0435\u0442 \u0431\u043e\u043b\u044c\u0448\u043e\u0439 \u0440\u0438\u0441\u043a \u0437\u0430\u0440\u0430\u0436\u0435\u043d\u0438\u044f \u0432\u0440\u0435\u0434\u0438\u0442\u0435\u043b\u044f\u043c\u0438. \u041d\u0430\u0438\u0431\u043e\u043b\u044c\u0448\u0438\u043c \u0444\u0430\u043a\u0442\u043e\u0440\u043e\u043c \u0440\u0438\u0441\u043a\u0430 \u044f\u0432\u043b\u044f\u044e\u0442\u0441\u044f \u0432\u0440\u0435\u0434\u0438\u0442\u0435\u043b\u0438, \u043f\u0435\u0440\u0435\u043d\u043e\u0441\u0438\u043c\u044b\u0435 \u043a\u043b\u0438\u0435\u043d\u0442\u0430\u043c\u0438; \u0414\u043b\u044f \u0431\u0438\u0437\u043d\u0435\u0441\u0430 \u043e\u0447\u0435\u043d\u044c \u0432\u0430\u0436\u043d\u043e \u0445\u043e\u0440\u043e\u0448\u0435\u0435 \u0438\u043c\u044f \u0438 \u0440\u0435\u043f\u0443\u0442\u0430\u0446\u0438\u044f; \u0427\u0438\u0441\u0442\u043e\u0435 \u043f\u043e\u0441\u0442\u0435\u043b\u044c\u043d\u043e\u0435 \u0431\u0435\u043b\u044c\u0435 \u0435\u0449\u0435 \u043e\u0434\u0438\u043d \u0438\u0437 \u0432\u0430\u0436\u043d\u0435\u0439\u0448\u0438\u0445 \u043f\u0440\u0438\u043e\u0440\u0438\u0442\u0435\u0442\u043e\u0432 \u0432 \u044d\u0442\u043e\u043c \u0431\u0438\u0437\u043d\u0435\u0441\u0435. \u041d\u0435\u0441\u043c\u043e\u0442\u0440\u044f \u043d\u0430 \u0447\u0438\u0441\u0442\u043e\u0442\u0443 \u0438 \u043f\u043e\u0440\u044f\u0434\u043e\u043a, \u0432 \u0433\u043e\u0441\u0442\u0438\u043d\u0438\u0446\u0430\u0445 \u043c\u043e\u0433\u0443\u0442 \u0437\u0430\u0432\u0435\u0441\u0442\u0438\u0441\u044c \u043a\u043b\u043e\u043f\u044b, \u043a\u043e\u0442\u043e\u0440\u044b\u0435 [&hellip;]<\/p>\n","protected":false},"author":5,"featured_media":1207,"parent":1331,"menu_order":0,"comment_status":"closed","ping_status":"closed","template":"template-business.php","meta":{"_acf_changed":false,"footnotes":""},"acf":[],"yoast_head":"<!-- This site is optimized with the Yoast SEO plugin v23.1 - https:\/\/yoast.com\/wordpress\/plugins\/seo\/ -->\n<title>\u0413\u043e\u0441\u0442\u0438\u043d\u0438\u0447\u043d\u0430\u044f \u043e\u0442\u0440\u0430\u0441\u043b\u044c &#8211; Dezinfa<\/title>\n<meta name=\"robots\" content=\"index, follow, max-snippet:-1, max-image-preview:large, max-video-preview:-1\" \/>\n<link rel=\"canonical\" href=\"https:\/\/dezinfa.lv\/ru\/biznesam\/viesnicu-segments\/\" \/>\n<meta property=\"og:locale\" content=\"ru_RU\" \/>\n<meta property=\"og:type\" content=\"article\" \/>\n<meta property=\"og:title\" content=\"\u0413\u043e\u0441\u0442\u0438\u043d\u0438\u0447\u043d\u0430\u044f \u043e\u0442\u0440\u0430\u0441\u043b\u044c &#8211; Dezinfa\" \/>\n<meta property=\"og:description\" content=\"\u0423\u0441\u043b\u0443\u0433\u0438 \u043a\u043e\u043d\u0442\u0440\u043e\u043b\u044f Dezinfa \u0432 \u0433\u043e\u0441\u0442\u0438\u043d\u0438\u0447\u043d\u043e\u0439 \u043e\u0442\u0440\u0430\u0441\u043b\u0438 \u0421\u043f\u0435\u0446\u0438\u0444\u0438\u043a\u0430 \u0431\u0438\u0437\u043d\u0435\u0441\u0430 \u0432 \u0433\u043e\u0441\u0442\u0438\u043d\u0438\u0447\u043d\u043e\u043c \u0431\u0438\u0437\u043d\u0435\u0441\u0435 \u0412 \u0433\u043e\u0441\u0442\u0438\u043d\u0438\u0446\u0430\u0445 \u0441\u0443\u0449\u0435\u0441\u0442\u0432\u0443\u0435\u0442 \u0431\u043e\u043b\u044c\u0448\u043e\u0439 \u0440\u0438\u0441\u043a \u0437\u0430\u0440\u0430\u0436\u0435\u043d\u0438\u044f \u0432\u0440\u0435\u0434\u0438\u0442\u0435\u043b\u044f\u043c\u0438. \u041d\u0430\u0438\u0431\u043e\u043b\u044c\u0448\u0438\u043c \u0444\u0430\u043a\u0442\u043e\u0440\u043e\u043c \u0440\u0438\u0441\u043a\u0430 \u044f\u0432\u043b\u044f\u044e\u0442\u0441\u044f \u0432\u0440\u0435\u0434\u0438\u0442\u0435\u043b\u0438, \u043f\u0435\u0440\u0435\u043d\u043e\u0441\u0438\u043c\u044b\u0435 \u043a\u043b\u0438\u0435\u043d\u0442\u0430\u043c\u0438; \u0414\u043b\u044f \u0431\u0438\u0437\u043d\u0435\u0441\u0430 \u043e\u0447\u0435\u043d\u044c \u0432\u0430\u0436\u043d\u043e \u0445\u043e\u0440\u043e\u0448\u0435\u0435 \u0438\u043c\u044f \u0438 \u0440\u0435\u043f\u0443\u0442\u0430\u0446\u0438\u044f; \u0427\u0438\u0441\u0442\u043e\u0435 \u043f\u043e\u0441\u0442\u0435\u043b\u044c\u043d\u043e\u0435 \u0431\u0435\u043b\u044c\u0435 \u0435\u0449\u0435 \u043e\u0434\u0438\u043d \u0438\u0437 \u0432\u0430\u0436\u043d\u0435\u0439\u0448\u0438\u0445 \u043f\u0440\u0438\u043e\u0440\u0438\u0442\u0435\u0442\u043e\u0432 \u0432 \u044d\u0442\u043e\u043c \u0431\u0438\u0437\u043d\u0435\u0441\u0435. \u041d\u0435\u0441\u043c\u043e\u0442\u0440\u044f \u043d\u0430 \u0447\u0438\u0441\u0442\u043e\u0442\u0443 \u0438 \u043f\u043e\u0440\u044f\u0434\u043e\u043a, \u0432 \u0433\u043e\u0441\u0442\u0438\u043d\u0438\u0446\u0430\u0445 \u043c\u043e\u0433\u0443\u0442 \u0437\u0430\u0432\u0435\u0441\u0442\u0438\u0441\u044c \u043a\u043b\u043e\u043f\u044b, \u043a\u043e\u0442\u043e\u0440\u044b\u0435 [&hellip;]\" \/>\n<meta property=\"og:url\" content=\"https:\/\/dezinfa.lv\/biznesam\/viesnicu-segments\/\" \/>\n<meta property=\"og:site_name\" content=\"Dezinfa\" \/>\n<meta property=\"article:modified_time\" content=\"2020-12-29T12:05:11+00:00\" \/>\n<meta property=\"og:image\" content=\"https:\/\/dezinfa.lv\/wp-content\/uploads\/2020\/12\/download-6-1.jpg\" \/>\n\t<meta property=\"og:image:width\" content=\"1220\" \/>\n\t<meta property=\"og:image:height\" content=\"365\" \/>\n\t<meta property=\"og:image:type\" content=\"image\/jpeg\" \/>\n<meta name=\"twitter:card\" content=\"summary_large_image\" \/>\n<script type=\"application\/ld+json\" class=\"yoast-schema-graph\">{\"@context\":\"https:\/\/schema.org\",\"@graph\":[{\"@type\":\"WebPage\",\"@id\":\"https:\/\/dezinfa.lv\/biznesam\/viesnicu-segments\/\",\"url\":\"https:\/\/dezinfa.lv\/biznesam\/viesnicu-segments\/\",\"name\":\"\u0413\u043e\u0441\u0442\u0438\u043d\u0438\u0447\u043d\u0430\u044f \u043e\u0442\u0440\u0430\u0441\u043b\u044c &#8211; Dezinfa\",\"isPartOf\":{\"@id\":\"https:\/\/dezinfa.lv\/#website\"},\"primaryImageOfPage\":{\"@id\":\"https:\/\/dezinfa.lv\/biznesam\/viesnicu-segments\/#primaryimage\"},\"image\":{\"@id\":\"https:\/\/dezinfa.lv\/biznesam\/viesnicu-segments\/#primaryimage\"},\"thumbnailUrl\":\"https:\/\/dezinfa.lv\/wp-content\/uploads\/2020\/12\/download-6-1.jpg\",\"datePublished\":\"2020-12-29T12:04:21+00:00\",\"dateModified\":\"2020-12-29T12:05:11+00:00\",\"breadcrumb\":{\"@id\":\"https:\/\/dezinfa.lv\/biznesam\/viesnicu-segments\/#breadcrumb\"},\"inLanguage\":\"ru-RU\",\"potentialAction\":[{\"@type\":\"ReadAction\",\"target\":[\"https:\/\/dezinfa.lv\/biznesam\/viesnicu-segments\/\"]}]},{\"@type\":\"ImageObject\",\"inLanguage\":\"ru-RU\",\"@id\":\"https:\/\/dezinfa.lv\/biznesam\/viesnicu-segments\/#primaryimage\",\"url\":\"https:\/\/dezinfa.lv\/wp-content\/uploads\/2020\/12\/download-6-1.jpg\",\"contentUrl\":\"https:\/\/dezinfa.lv\/wp-content\/uploads\/2020\/12\/download-6-1.jpg\",\"width\":1220,\"height\":365},{\"@type\":\"BreadcrumbList\",\"@id\":\"https:\/\/dezinfa.lv\/biznesam\/viesnicu-segments\/#breadcrumb\",\"itemListElement\":[{\"@type\":\"ListItem\",\"position\":1,\"name\":\"\u0411\u0438\u0437\u043d\u0435\u0441\",\"item\":\"https:\/\/dezinfa.lv\/biznesam\/\"},{\"@type\":\"ListItem\",\"position\":2,\"name\":\"\u0413\u043e\u0441\u0442\u0438\u043d\u0438\u0447\u043d\u0430\u044f \u043e\u0442\u0440\u0430\u0441\u043b\u044c\"}]},{\"@type\":\"WebSite\",\"@id\":\"https:\/\/dezinfa.lv\/#website\",\"url\":\"https:\/\/dezinfa.lv\/\",\"name\":\"Dezinfa\",\"description\":\"Kait\u0113k\u013cu kontrole s\u0101kas ar mums\",\"potentialAction\":[{\"@type\":\"SearchAction\",\"target\":{\"@type\":\"EntryPoint\",\"urlTemplate\":\"https:\/\/dezinfa.lv\/?s={search_term_string}\"},\"query-input\":\"required name=search_term_string\"}],\"inLanguage\":\"ru-RU\"}]}<\/script>\n<!-- \/ Yoast SEO plugin. -->","yoast_head_json":{"title":"\u0413\u043e\u0441\u0442\u0438\u043d\u0438\u0447\u043d\u0430\u044f \u043e\u0442\u0440\u0430\u0441\u043b\u044c &#8211; Dezinfa","robots":{"index":"index","follow":"follow","max-snippet":"max-snippet:-1","max-image-preview":"max-image-preview:large","max-video-preview":"max-video-preview:-1"},"canonical":"https:\/\/dezinfa.lv\/ru\/biznesam\/viesnicu-segments\/","og_locale":"ru_RU","og_type":"article","og_title":"\u0413\u043e\u0441\u0442\u0438\u043d\u0438\u0447\u043d\u0430\u044f \u043e\u0442\u0440\u0430\u0441\u043b\u044c &#8211; Dezinfa","og_description":"\u0423\u0441\u043b\u0443\u0433\u0438 \u043a\u043e\u043d\u0442\u0440\u043e\u043b\u044f Dezinfa \u0432 \u0433\u043e\u0441\u0442\u0438\u043d\u0438\u0447\u043d\u043e\u0439 \u043e\u0442\u0440\u0430\u0441\u043b\u0438 \u0421\u043f\u0435\u0446\u0438\u0444\u0438\u043a\u0430 \u0431\u0438\u0437\u043d\u0435\u0441\u0430 \u0432 \u0433\u043e\u0441\u0442\u0438\u043d\u0438\u0447\u043d\u043e\u043c \u0431\u0438\u0437\u043d\u0435\u0441\u0435 \u0412 \u0433\u043e\u0441\u0442\u0438\u043d\u0438\u0446\u0430\u0445 \u0441\u0443\u0449\u0435\u0441\u0442\u0432\u0443\u0435\u0442 \u0431\u043e\u043b\u044c\u0448\u043e\u0439 \u0440\u0438\u0441\u043a \u0437\u0430\u0440\u0430\u0436\u0435\u043d\u0438\u044f \u0432\u0440\u0435\u0434\u0438\u0442\u0435\u043b\u044f\u043c\u0438. \u041d\u0430\u0438\u0431\u043e\u043b\u044c\u0448\u0438\u043c \u0444\u0430\u043a\u0442\u043e\u0440\u043e\u043c \u0440\u0438\u0441\u043a\u0430 \u044f\u0432\u043b\u044f\u044e\u0442\u0441\u044f \u0432\u0440\u0435\u0434\u0438\u0442\u0435\u043b\u0438, \u043f\u0435\u0440\u0435\u043d\u043e\u0441\u0438\u043c\u044b\u0435 \u043a\u043b\u0438\u0435\u043d\u0442\u0430\u043c\u0438; \u0414\u043b\u044f \u0431\u0438\u0437\u043d\u0435\u0441\u0430 \u043e\u0447\u0435\u043d\u044c \u0432\u0430\u0436\u043d\u043e \u0445\u043e\u0440\u043e\u0448\u0435\u0435 \u0438\u043c\u044f \u0438 \u0440\u0435\u043f\u0443\u0442\u0430\u0446\u0438\u044f; \u0427\u0438\u0441\u0442\u043e\u0435 \u043f\u043e\u0441\u0442\u0435\u043b\u044c\u043d\u043e\u0435 \u0431\u0435\u043b\u044c\u0435 \u0435\u0449\u0435 \u043e\u0434\u0438\u043d \u0438\u0437 \u0432\u0430\u0436\u043d\u0435\u0439\u0448\u0438\u0445 \u043f\u0440\u0438\u043e\u0440\u0438\u0442\u0435\u0442\u043e\u0432 \u0432 \u044d\u0442\u043e\u043c \u0431\u0438\u0437\u043d\u0435\u0441\u0435. \u041d\u0435\u0441\u043c\u043e\u0442\u0440\u044f \u043d\u0430 \u0447\u0438\u0441\u0442\u043e\u0442\u0443 \u0438 \u043f\u043e\u0440\u044f\u0434\u043e\u043a, \u0432 \u0433\u043e\u0441\u0442\u0438\u043d\u0438\u0446\u0430\u0445 \u043c\u043e\u0433\u0443\u0442 \u0437\u0430\u0432\u0435\u0441\u0442\u0438\u0441\u044c \u043a\u043b\u043e\u043f\u044b, \u043a\u043e\u0442\u043e\u0440\u044b\u0435 [&hellip;]","og_url":"https:\/\/dezinfa.lv\/biznesam\/viesnicu-segments\/","og_site_name":"Dezinfa","article_modified_time":"2020-12-29T12:05:11+00:00","og_image":[{"width":1220,"height":365,"url":"https:\/\/dezinfa.lv\/wp-content\/uploads\/2020\/12\/download-6-1.jpg","type":"image\/jpeg"}],"twitter_card":"summary_large_image","schema":{"@context":"https:\/\/schema.org","@graph":[{"@type":"WebPage","@id":"https:\/\/dezinfa.lv\/biznesam\/viesnicu-segments\/","url":"https:\/\/dezinfa.lv\/biznesam\/viesnicu-segments\/","name":"\u0413\u043e\u0441\u0442\u0438\u043d\u0438\u0447\u043d\u0430\u044f \u043e\u0442\u0440\u0430\u0441\u043b\u044c &#8211; Dezinfa","isPartOf":{"@id":"https:\/\/dezinfa.lv\/#website"},"primaryImageOfPage":{"@id":"https:\/\/dezinfa.lv\/biznesam\/viesnicu-segments\/#primaryimage"},"image":{"@id":"https:\/\/dezinfa.lv\/biznesam\/viesnicu-segments\/#primaryimage"},"thumbnailUrl":"https:\/\/dezinfa.lv\/wp-content\/uploads\/2020\/12\/download-6-1.jpg","datePublished":"2020-12-29T12:04:21+00:00","dateModified":"2020-12-29T12:05:11+00:00","breadcrumb":{"@id":"https:\/\/dezinfa.lv\/biznesam\/viesnicu-segments\/#breadcrumb"},"inLanguage":"ru-RU","potentialAction":[{"@type":"ReadAction","target":["https:\/\/dezinfa.lv\/biznesam\/viesnicu-segments\/"]}]},{"@type":"ImageObject","inLanguage":"ru-RU","@id":"https:\/\/dezinfa.lv\/biznesam\/viesnicu-segments\/#primaryimage","url":"https:\/\/dezinfa.lv\/wp-content\/uploads\/2020\/12\/download-6-1.jpg","contentUrl":"https:\/\/dezinfa.lv\/wp-content\/uploads\/2020\/12\/download-6-1.jpg","width":1220,"height":365},{"@type":"BreadcrumbList","@id":"https:\/\/dezinfa.lv\/biznesam\/viesnicu-segments\/#breadcrumb","itemListElement":[{"@type":"ListItem","position":1,"name":"\u0411\u0438\u0437\u043d\u0435\u0441","item":"https:\/\/dezinfa.lv\/biznesam\/"},{"@type":"ListItem","position":2,"name":"\u0413\u043e\u0441\u0442\u0438\u043d\u0438\u0447\u043d\u0430\u044f \u043e\u0442\u0440\u0430\u0441\u043b\u044c"}]},{"@type":"WebSite","@id":"https:\/\/dezinfa.lv\/#website","url":"https:\/\/dezinfa.lv\/","name":"Dezinfa","description":"Kait\u0113k\u013cu kontrole s\u0101kas ar mums","potentialAction":[{"@type":"SearchAction","target":{"@type":"EntryPoint","urlTemplate":"https:\/\/dezinfa.lv\/?s={search_term_string}"},"query-input":"required name=search_term_string"}],"inLanguage":"ru-RU"}]}},"_links":{"self":[{"href":"https:\/\/dezinfa.lv\/ru\/wp-json\/wp\/v2\/pages\/1531"}],"collection":[{"href":"https:\/\/dezinfa.lv\/ru\/wp-json\/wp\/v2\/pages"}],"about":[{"href":"https:\/\/dezinfa.lv\/ru\/wp-json\/wp\/v2\/types\/page"}],"author":[{"embeddable":true,"href":"https:\/\/dezinfa.lv\/ru\/wp-json\/wp\/v2\/users\/5"}],"replies":[{"embeddable":true,"href":"https:\/\/dezinfa.lv\/ru\/wp-json\/wp\/v2\/comments?post=1531"}],"version-history":[{"count":2,"href":"https:\/\/dezinfa.lv\/ru\/wp-json\/wp\/v2\/pages\/1531\/revisions"}],"predecessor-version":[{"id":1534,"href":"https:\/\/dezinfa.lv\/ru\/wp-json\/wp\/v2\/pages\/1531\/revisions\/1534"}],"up":[{"embeddable":true,"href":"https:\/\/dezinfa.lv\/ru\/wp-json\/wp\/v2\/pages\/1331"}],"wp:featuredmedia":[{"embeddable":true,"href":"https:\/\/dezinfa.lv\/ru\/wp-json\/wp\/v2\/media\/1207"}],"wp:attachment":[{"href":"https:\/\/dezinfa.lv\/ru\/wp-json\/wp\/v2\/media?parent=1531"}],"curies":[{"name":"wp","href":"https:\/\/api.w.org\/{rel}","templated":true}]}}