{"id":1520,"date":"2020-12-29T13:57:29","date_gmt":"2020-12-29T11:57:29","guid":{"rendered":"https:\/\/dezinfa.lv\/?page_id=1520"},"modified":"2020-12-29T13:58:38","modified_gmt":"2020-12-29T11:58:38","slug":"%d1%81%d0%b5%d0%bb%d1%8c%d1%81%d0%ba%d0%be%d0%b5-%d0%bb%d0%b5%d1%81%d0%bd%d0%be%d0%b5-%d0%b8-%d0%be%d1%85%d0%be%d1%82%d0%bd%d0%b8%d1%87%d1%8c%d0%b5-%d1%85%d0%be%d0%b7%d1%8f%d0%b9%d1%81%d1%82%d0%b2","status":"publish","type":"page","link":"https:\/\/dezinfa.lv\/ru\/%d0%b1%d0%b8%d0%b7%d0%bd%d0%b5%d1%81\/%d1%81%d0%b5%d0%bb%d1%8c%d1%81%d0%ba%d0%be%d0%b5-%d0%bb%d0%b5%d1%81%d0%bd%d0%be%d0%b5-%d0%b8-%d0%be%d1%85%d0%be%d1%82%d0%bd%d0%b8%d1%87%d1%8c%d0%b5-%d1%85%d0%be%d0%b7%d1%8f%d0%b9%d1%81%d1%82%d0%b2\/","title":{"rendered":"\u0421\u0435\u043b\u044c\u0441\u043a\u043e\u0435, \u043b\u0435\u0441\u043d\u043e\u0435 \u0438 \u043e\u0445\u043e\u0442\u043d\u0438\u0447\u044c\u0435 \u0445\u043e\u0437\u044f\u0439\u0441\u0442\u0432\u043e"},"content":{"rendered":"<h3>\u0423\u043d\u0438\u0447\u0442\u043e\u0436\u0435\u043d\u0438\u0435 \u0432\u0440\u0435\u0434\u0438\u0442\u0435\u043b\u0435\u0439 \u0432 \u0441\u0435\u043b\u044c\u0441\u043a\u043e\u043c, \u043b\u0435\u0441\u043d\u043e\u043c \u0438 \u043e\u0445\u043e\u0442\u043d\u0438\u0447\u044c\u0435\u043c \u0445\u043e\u0437\u044f\u0439\u0441\u0442\u0432\u0435<\/h3>\n<p>\u0412 \u043b\u044e\u0431\u043e\u0439 \u043e\u0431\u043b\u0430\u0441\u0442\u0438 \u0441\u0435\u043b\u044c\u0441\u043a\u043e\u0433\u043e \u0445\u043e\u0437\u044f\u0439\u0441\u0442\u0432\u0430 \u043c\u043e\u0433\u0443\u0442 \u043f\u043e\u044f\u0432\u0438\u0442\u044c\u0441\u044f \u043f\u0440\u043e\u0431\u043b\u0435\u043c\u044b \u0441 \u0432\u0440\u0435\u0434\u0438\u0442\u0435\u043b\u044f\u043c\u0438. \u0418\u0437-\u0437\u0430 \u043d\u0438\u0445 \u043c\u043e\u0436\u0435\u0442 \u043d\u0435 \u0442\u043e\u043b\u044c\u043a\u043e \u0441\u043d\u0438\u0437\u0438\u0442\u044c\u0441\u044f \u043f\u0440\u0438\u0431\u044b\u043b\u044c, \u0437\u0430\u0440\u0430\u0437\u0438\u0442\u044c\u0441\u044f \u0438 \u0438\u0441\u043f\u043e\u0440\u0442\u0438\u0442\u044c\u0441\u044f \u0443\u0440\u043e\u0436\u0430\u0439, \u043d\u043e \u043e\u043d\u0438 \u0442\u0430\u043a\u0436\u0435 \u043c\u043e\u0433\u0443\u0442 \u043d\u0430\u0432\u0440\u0435\u0434\u0438\u0442\u044c \u0432\u0430\u0448\u0435\u043c\u0443 \u0438\u043c\u0443\u0449\u0435\u0441\u0442\u0432\u0443. \u0413\u0440\u044b\u0437\u0443\u043d\u044b \u2013 \u0432\u043e\u0442 \u0433\u043b\u0430\u0432\u043d\u0430\u044f \u043f\u0440\u043e\u0431\u043b\u0435\u043c\u0430 \u0440\u0430\u0431\u043e\u0442\u043d\u0438\u043a\u043e\u0432 \u0441\u0435\u043b\u044c\u0441\u043a\u043e\u0433\u043e \u0445\u043e\u0437\u044f\u0439\u0441\u0442\u0432\u0430, \u0442.\u043a. \u0438\u0437-\u0437\u0430 \u043d\u0438\u0445 \u043b\u044e\u0434\u0438 \u043d\u0435\u0441\u0443\u0442 \u043e\u0447\u0435\u0432\u0438\u0434\u043d\u044b\u0435 \u043f\u043e\u0442\u0435\u0440\u0438. \u0418\u0445 \u0440\u0430\u0437\u0440\u0443\u0448\u0438\u0442\u0435\u043b\u044c\u043d\u044b\u0435 \u0434\u0435\u0439\u0441\u0442\u0432\u0438\u044f \u043d\u0430\u043d\u043e\u0441\u044f\u0442 \u0431\u043e\u043b\u044c\u0448\u043e\u0439 \u0443\u0449\u0435\u0440\u0431: \u043e\u043d\u0438 \u043f\u043e\u0440\u0442\u044f\u0442 \u0436\u0438\u043b\u044b\u0435 \u0434\u043e\u043c\u0430 \u0438 \u0441\u043a\u043b\u0430\u0434\u0441\u043a\u0438\u0435 \u043f\u043e\u0441\u0442\u0440\u043e\u0439\u043a\u0438, \u043e\u0431\u0440\u0430\u0437\u0443\u044f \u0434\u044b\u0440\u044b \u0432 \u0441\u0442\u0435\u043d\u0430\u0445, \u043f\u0435\u0440\u0435\u0433\u0440\u044b\u0437\u0430\u044e\u0442 \u043f\u0440\u043e\u0432\u043e\u0434\u0430, \u0447\u0442\u043e \u043c\u043e\u0436\u0435\u0442 \u043f\u0440\u0438\u0432\u0435\u0441\u0442\u0438 \u043a \u0437\u0430\u043c\u044b\u043a\u0430\u043d\u0438\u044e \u0438\u043b\u0438 \u043f\u043e\u0436\u0430\u0440\u0443, \u0430 \u0438\u0437-\u0437\u0430 \u0438\u0441\u043f\u043e\u0440\u0447\u0435\u043d\u043d\u044b\u0445 \u0438\u043c\u0438 \u0442\u0440\u0443\u0431, \u0437\u0430\u0442\u0430\u043f\u043b\u0438\u0432\u0430\u044e\u0442\u0441\u044f \u043f\u043e\u043c\u0435\u0449\u0435\u043d\u0438\u044f.<\/p>\n<p><img loading=\"lazy\" decoding=\"async\" class=\"alignnone size-full wp-image-221\" src=\"http:\/\/dezinfa.lv\/wp-content\/uploads\/2020\/12\/14024.jpeg\" alt=\"\" width=\"278\" height=\"197\" \/><\/p>\n<p>\u041e\u043f\u0430\u0441\u043d\u043e\u0441\u0442\u044c \u043f\u0440\u0435\u0434\u0441\u0442\u0430\u0432\u043b\u044f\u044e\u0442 \u0438 \u0441\u0435\u0437\u043e\u043d\u043d\u044b\u0435 \u0432\u0440\u0435\u0434\u0438\u0442\u0435\u043b\u0438 \u2013 \u0433\u043b\u0430\u0432\u043d\u044b\u043c \u043e\u0431\u0440\u0430\u0437\u043e\u043c \u043b\u0435\u0442\u0430\u044e\u0449\u0438\u0435 \u043d\u0430\u0441\u0435\u043a\u043e\u043c\u044b\u0435, \u0440\u0430\u0437\u043d\u043e\u0441\u0447\u0438\u043a\u0438 \u043e\u043f\u0430\u0441\u043d\u044b\u0445 \u0437\u0430\u0431\u043e\u043b\u0435\u0432\u0430\u043d\u0438\u0439, \u0438\u0437-\u0437\u0430 \u043a\u043e\u0442\u043e\u0440\u044b\u0445 \u0441\u0442\u0440\u0430\u0434\u0430\u044e\u0442 \u043d\u0435 \u0442\u043e\u043b\u044c\u043a\u043e \u043b\u044e\u0434\u0438, \u043d\u043e \u0438 \u0434\u043e\u043c\u0430\u0448\u043d\u0438\u0435 \u0436\u0438\u0432\u043e\u0442\u043d\u044b\u0435.<\/p>\n<p><strong>Dezinfa \u0438\u043c\u0435\u0435\u0442 \u0431\u043e\u043b\u044c\u0448\u043e\u0439 \u043e\u043f\u044b\u0442 \u0432 \u043e\u0431\u043b\u0430\u0441\u0442\u0438 \u043a\u043e\u043d\u0442\u0440\u043e\u043b\u044f \u0438 \u0431\u043e\u0440\u044c\u0431\u044b \u0441 \u0432\u0440\u0435\u0434\u0438\u0442\u0435\u043b\u044f\u043c\u0438 \u0432 \u0441\u0435\u043b\u044c\u0441\u043a\u043e\u043c \u0445\u043e\u0437\u044f\u0439\u0441\u0442\u0432\u0435. \u041c\u044b \u043a\u043e\u043d\u0441\u0443\u043b\u044c\u0442\u0438\u0440\u0443\u0435\u043c \u0444\u0435\u0440\u043c\u0435\u0440\u043e\u0432 \u043f\u043e \u0432\u043e\u043f\u0440\u043e\u0441\u0430\u043c \u0443\u043d\u0438\u0447\u0442\u043e\u0436\u0435\u043d\u0438\u044f \u0432\u0440\u0435\u0434\u0438\u0442\u0435\u043b\u0435\u0439, \u0447\u0442\u043e\u0431\u044b \u0441\u043d\u0438\u0437\u0438\u0442\u044c \u0440\u0438\u0441\u043a \u0432\u0442\u043e\u0440\u0436\u0435\u043d\u0438\u044f, \u0430 \u0442\u0430\u043a \u0436\u0435 \u043f\u0440\u0435\u0434\u043b\u0430\u0433\u0430\u0435\u043c \u0440\u0430\u0437\u043b\u0438\u0447\u043d\u044b\u0435 \u0432\u0430\u0440\u0438\u0430\u043d\u0442\u044b \u0440\u0435\u0448\u0435\u043d\u0438\u044f \u043f\u0440\u043e\u0431\u043b\u0435\u043c, \u0441\u0432\u044f\u0437\u0430\u043d\u043d\u044b\u0445 \u0441 \u043a\u043e\u043d\u0442\u0440\u043e\u043b\u0435\u043c \u0433\u0440\u044b\u0437\u0443\u043d\u043e\u0432, \u043d\u0430\u0441\u0435\u043a\u043e\u043c\u044b\u0445 \u0438 \u043f\u0442\u0438\u0446, \u043d\u0430\u043d\u043e\u0441\u044f\u0449\u0438\u0445 \u0443\u0449\u0435\u0440\u0431 \u0441\u0435\u043b\u044c\u0441\u043a\u043e\u043c\u0443 \u0445\u043e\u0437\u044f\u0439\u0441\u0442\u0432\u0443.<\/strong><\/p>\n<p>\u041c\u043d\u043e\u0433\u0438\u0435 \u0444\u0435\u0440\u043c\u0435\u0440\u044b \u0437\u0430\u043a\u043b\u044e\u0447\u0430\u044e\u0442 \u0434\u043e\u0433\u043e\u0432\u043e\u0440 \u0441 \u043d\u0430\u0448\u0435\u0439 \u0441\u043b\u0443\u0436\u0431\u043e\u0439 \u043f\u043e \u0431\u043e\u0440\u044c\u0431\u0435 \u0441 \u0432\u0440\u0435\u0434\u0438\u0442\u0435\u043b\u044f\u043c\u0438 \u0443\u0440\u043e\u0436\u0430\u044f, \u0447\u0442\u043e \u043e\u0431\u0435\u0441\u043f\u0435\u0447\u0438\u0432\u0430\u0435\u0442 \u043f\u0440\u043e\u0444\u0435\u0441\u0441\u0438\u043e\u043d\u0430\u043b\u044c\u043d\u044b\u0439 \u043a\u043e\u043d\u0442\u0440\u043e\u043b\u044c \u0438\u043c\u0435\u043d\u043d\u043e \u0432 \u0434\u0430\u043d\u043d\u043e\u0439 \u0441\u0444\u0435\u0440\u0435. \u041d\u0430\u0448\u0430 \u043e\u0440\u0433\u0430\u043d\u0438\u0437\u0430\u0446\u0438\u044f \u0442\u0430\u043a\u0436\u0435 \u043f\u0440\u0435\u0434\u043e\u0441\u0442\u0430\u0432\u043b\u044f\u0435\u0442 \u0443\u0441\u043b\u0443\u0433\u0438 \u0445\u0440\u0430\u043d\u0438\u043b\u0438\u0449 \u0434\u043b\u044f \u0443\u0440\u043e\u0436\u0430\u044f \u0438 \u0437\u0435\u0440\u043d\u043e\u0432\u044b\u0445, \u0441\u0432\u043e\u0431\u043e\u0434\u043d\u044b\u0445 \u0438 \u0437\u0430\u0449\u0438\u0449\u0435\u043d\u043d\u044b\u0445 \u043e\u0442 \u0432\u0440\u0435\u0434\u0438\u0442\u0435\u043b\u0435\u0439 \u0438 \u043e\u0442\u0432\u0435\u0447\u0430\u044e\u0449\u0438\u0445 \u0432\u0441\u0435\u043c \u0442\u0440\u0435\u0431\u043e\u0432\u0430\u043d\u0438\u044f\u043c \u0441\u0430\u043d\u0438\u0442\u0430\u0440\u043d\u044b\u0445 \u043d\u043e\u0440\u043c.<\/p>\n","protected":false},"excerpt":{"rendered":"<p>\u0423\u043d\u0438\u0447\u0442\u043e\u0436\u0435\u043d\u0438\u0435 \u0432\u0440\u0435\u0434\u0438\u0442\u0435\u043b\u0435\u0439 \u0432 \u0441\u0435\u043b\u044c\u0441\u043a\u043e\u043c, \u043b\u0435\u0441\u043d\u043e\u043c \u0438 \u043e\u0445\u043e\u0442\u043d\u0438\u0447\u044c\u0435\u043c \u0445\u043e\u0437\u044f\u0439\u0441\u0442\u0432\u0435 \u0412 \u043b\u044e\u0431\u043e\u0439 \u043e\u0431\u043b\u0430\u0441\u0442\u0438 \u0441\u0435\u043b\u044c\u0441\u043a\u043e\u0433\u043e \u0445\u043e\u0437\u044f\u0439\u0441\u0442\u0432\u0430 \u043c\u043e\u0433\u0443\u0442 \u043f\u043e\u044f\u0432\u0438\u0442\u044c\u0441\u044f \u043f\u0440\u043e\u0431\u043b\u0435\u043c\u044b \u0441 \u0432\u0440\u0435\u0434\u0438\u0442\u0435\u043b\u044f\u043c\u0438. \u0418\u0437-\u0437\u0430 \u043d\u0438\u0445 \u043c\u043e\u0436\u0435\u0442 \u043d\u0435 \u0442\u043e\u043b\u044c\u043a\u043e \u0441\u043d\u0438\u0437\u0438\u0442\u044c\u0441\u044f \u043f\u0440\u0438\u0431\u044b\u043b\u044c, \u0437\u0430\u0440\u0430\u0437\u0438\u0442\u044c\u0441\u044f \u0438 \u0438\u0441\u043f\u043e\u0440\u0442\u0438\u0442\u044c\u0441\u044f \u0443\u0440\u043e\u0436\u0430\u0439, \u043d\u043e \u043e\u043d\u0438 \u0442\u0430\u043a\u0436\u0435 \u043c\u043e\u0433\u0443\u0442 \u043d\u0430\u0432\u0440\u0435\u0434\u0438\u0442\u044c \u0432\u0430\u0448\u0435\u043c\u0443 \u0438\u043c\u0443\u0449\u0435\u0441\u0442\u0432\u0443. \u0413\u0440\u044b\u0437\u0443\u043d\u044b \u2013 \u0432\u043e\u0442 \u0433\u043b\u0430\u0432\u043d\u0430\u044f \u043f\u0440\u043e\u0431\u043b\u0435\u043c\u0430 \u0440\u0430\u0431\u043e\u0442\u043d\u0438\u043a\u043e\u0432 \u0441\u0435\u043b\u044c\u0441\u043a\u043e\u0433\u043e \u0445\u043e\u0437\u044f\u0439\u0441\u0442\u0432\u0430, \u0442.\u043a. \u0438\u0437-\u0437\u0430 \u043d\u0438\u0445 \u043b\u044e\u0434\u0438 \u043d\u0435\u0441\u0443\u0442 \u043e\u0447\u0435\u0432\u0438\u0434\u043d\u044b\u0435 \u043f\u043e\u0442\u0435\u0440\u0438. \u0418\u0445 \u0440\u0430\u0437\u0440\u0443\u0448\u0438\u0442\u0435\u043b\u044c\u043d\u044b\u0435 \u0434\u0435\u0439\u0441\u0442\u0432\u0438\u044f \u043d\u0430\u043d\u043e\u0441\u044f\u0442 [&hellip;]<\/p>\n","protected":false},"author":5,"featured_media":0,"parent":1331,"menu_order":0,"comment_status":"closed","ping_status":"closed","template":"template-business.php","meta":{"_acf_changed":false,"footnotes":""},"acf":[],"yoast_head":"<!-- This site is optimized with the Yoast SEO plugin v23.1 - https:\/\/yoast.com\/wordpress\/plugins\/seo\/ -->\n<title>\u0421\u0435\u043b\u044c\u0441\u043a\u043e\u0435, \u043b\u0435\u0441\u043d\u043e\u0435 \u0438 \u043e\u0445\u043e\u0442\u043d\u0438\u0447\u044c\u0435 \u0445\u043e\u0437\u044f\u0439\u0441\u0442\u0432\u043e &#8211; Dezinfa<\/title>\n<meta name=\"robots\" content=\"index, follow, max-snippet:-1, max-image-preview:large, max-video-preview:-1\" \/>\n<link rel=\"canonical\" href=\"https:\/\/dezinfa.lv\/ru\/biznesam\/lauksaimniecibas-medniecibas-un-mezsaimniecibas-segments\/\" \/>\n<meta property=\"og:locale\" content=\"ru_RU\" \/>\n<meta property=\"og:type\" content=\"article\" \/>\n<meta property=\"og:title\" content=\"\u0421\u0435\u043b\u044c\u0441\u043a\u043e\u0435, \u043b\u0435\u0441\u043d\u043e\u0435 \u0438 \u043e\u0445\u043e\u0442\u043d\u0438\u0447\u044c\u0435 \u0445\u043e\u0437\u044f\u0439\u0441\u0442\u0432\u043e &#8211; Dezinfa\" \/>\n<meta property=\"og:description\" content=\"\u0423\u043d\u0438\u0447\u0442\u043e\u0436\u0435\u043d\u0438\u0435 \u0432\u0440\u0435\u0434\u0438\u0442\u0435\u043b\u0435\u0439 \u0432 \u0441\u0435\u043b\u044c\u0441\u043a\u043e\u043c, \u043b\u0435\u0441\u043d\u043e\u043c \u0438 \u043e\u0445\u043e\u0442\u043d\u0438\u0447\u044c\u0435\u043c \u0445\u043e\u0437\u044f\u0439\u0441\u0442\u0432\u0435 \u0412 \u043b\u044e\u0431\u043e\u0439 \u043e\u0431\u043b\u0430\u0441\u0442\u0438 \u0441\u0435\u043b\u044c\u0441\u043a\u043e\u0433\u043e \u0445\u043e\u0437\u044f\u0439\u0441\u0442\u0432\u0430 \u043c\u043e\u0433\u0443\u0442 \u043f\u043e\u044f\u0432\u0438\u0442\u044c\u0441\u044f \u043f\u0440\u043e\u0431\u043b\u0435\u043c\u044b \u0441 \u0432\u0440\u0435\u0434\u0438\u0442\u0435\u043b\u044f\u043c\u0438. \u0418\u0437-\u0437\u0430 \u043d\u0438\u0445 \u043c\u043e\u0436\u0435\u0442 \u043d\u0435 \u0442\u043e\u043b\u044c\u043a\u043e \u0441\u043d\u0438\u0437\u0438\u0442\u044c\u0441\u044f \u043f\u0440\u0438\u0431\u044b\u043b\u044c, \u0437\u0430\u0440\u0430\u0437\u0438\u0442\u044c\u0441\u044f \u0438 \u0438\u0441\u043f\u043e\u0440\u0442\u0438\u0442\u044c\u0441\u044f \u0443\u0440\u043e\u0436\u0430\u0439, \u043d\u043e \u043e\u043d\u0438 \u0442\u0430\u043a\u0436\u0435 \u043c\u043e\u0433\u0443\u0442 \u043d\u0430\u0432\u0440\u0435\u0434\u0438\u0442\u044c \u0432\u0430\u0448\u0435\u043c\u0443 \u0438\u043c\u0443\u0449\u0435\u0441\u0442\u0432\u0443. \u0413\u0440\u044b\u0437\u0443\u043d\u044b \u2013 \u0432\u043e\u0442 \u0433\u043b\u0430\u0432\u043d\u0430\u044f \u043f\u0440\u043e\u0431\u043b\u0435\u043c\u0430 \u0440\u0430\u0431\u043e\u0442\u043d\u0438\u043a\u043e\u0432 \u0441\u0435\u043b\u044c\u0441\u043a\u043e\u0433\u043e \u0445\u043e\u0437\u044f\u0439\u0441\u0442\u0432\u0430, \u0442.\u043a. \u0438\u0437-\u0437\u0430 \u043d\u0438\u0445 \u043b\u044e\u0434\u0438 \u043d\u0435\u0441\u0443\u0442 \u043e\u0447\u0435\u0432\u0438\u0434\u043d\u044b\u0435 \u043f\u043e\u0442\u0435\u0440\u0438. \u0418\u0445 \u0440\u0430\u0437\u0440\u0443\u0448\u0438\u0442\u0435\u043b\u044c\u043d\u044b\u0435 \u0434\u0435\u0439\u0441\u0442\u0432\u0438\u044f \u043d\u0430\u043d\u043e\u0441\u044f\u0442 [&hellip;]\" \/>\n<meta property=\"og:url\" content=\"https:\/\/dezinfa.lv\/biznesam\/lauksaimniecibas-medniecibas-un-mezsaimniecibas-segments\/\" \/>\n<meta property=\"og:site_name\" content=\"Dezinfa\" \/>\n<meta property=\"article:modified_time\" content=\"2020-12-29T11:58:38+00:00\" \/>\n<meta property=\"og:image\" content=\"http:\/\/dezinfa.lv\/wp-content\/uploads\/2020\/12\/14024.jpeg\" \/>\n<meta name=\"twitter:card\" content=\"summary_large_image\" \/>\n<script type=\"application\/ld+json\" class=\"yoast-schema-graph\">{\"@context\":\"https:\/\/schema.org\",\"@graph\":[{\"@type\":\"WebPage\",\"@id\":\"https:\/\/dezinfa.lv\/biznesam\/lauksaimniecibas-medniecibas-un-mezsaimniecibas-segments\/\",\"url\":\"https:\/\/dezinfa.lv\/biznesam\/lauksaimniecibas-medniecibas-un-mezsaimniecibas-segments\/\",\"name\":\"\u0421\u0435\u043b\u044c\u0441\u043a\u043e\u0435, \u043b\u0435\u0441\u043d\u043e\u0435 \u0438 \u043e\u0445\u043e\u0442\u043d\u0438\u0447\u044c\u0435 \u0445\u043e\u0437\u044f\u0439\u0441\u0442\u0432\u043e &#8211; Dezinfa\",\"isPartOf\":{\"@id\":\"https:\/\/dezinfa.lv\/#website\"},\"primaryImageOfPage\":{\"@id\":\"https:\/\/dezinfa.lv\/biznesam\/lauksaimniecibas-medniecibas-un-mezsaimniecibas-segments\/#primaryimage\"},\"image\":{\"@id\":\"https:\/\/dezinfa.lv\/biznesam\/lauksaimniecibas-medniecibas-un-mezsaimniecibas-segments\/#primaryimage\"},\"thumbnailUrl\":\"http:\/\/dezinfa.lv\/wp-content\/uploads\/2020\/12\/14024.jpeg\",\"datePublished\":\"2020-12-29T11:57:29+00:00\",\"dateModified\":\"2020-12-29T11:58:38+00:00\",\"breadcrumb\":{\"@id\":\"https:\/\/dezinfa.lv\/biznesam\/lauksaimniecibas-medniecibas-un-mezsaimniecibas-segments\/#breadcrumb\"},\"inLanguage\":\"ru-RU\",\"potentialAction\":[{\"@type\":\"ReadAction\",\"target\":[\"https:\/\/dezinfa.lv\/biznesam\/lauksaimniecibas-medniecibas-un-mezsaimniecibas-segments\/\"]}]},{\"@type\":\"ImageObject\",\"inLanguage\":\"ru-RU\",\"@id\":\"https:\/\/dezinfa.lv\/biznesam\/lauksaimniecibas-medniecibas-un-mezsaimniecibas-segments\/#primaryimage\",\"url\":\"http:\/\/dezinfa.lv\/wp-content\/uploads\/2020\/12\/14024.jpeg\",\"contentUrl\":\"http:\/\/dezinfa.lv\/wp-content\/uploads\/2020\/12\/14024.jpeg\"},{\"@type\":\"BreadcrumbList\",\"@id\":\"https:\/\/dezinfa.lv\/biznesam\/lauksaimniecibas-medniecibas-un-mezsaimniecibas-segments\/#breadcrumb\",\"itemListElement\":[{\"@type\":\"ListItem\",\"position\":1,\"name\":\"\u0411\u0438\u0437\u043d\u0435\u0441\",\"item\":\"https:\/\/dezinfa.lv\/biznesam\/\"},{\"@type\":\"ListItem\",\"position\":2,\"name\":\"\u0421\u0435\u043b\u044c\u0441\u043a\u043e\u0435, \u043b\u0435\u0441\u043d\u043e\u0435 \u0438 \u043e\u0445\u043e\u0442\u043d\u0438\u0447\u044c\u0435 \u0445\u043e\u0437\u044f\u0439\u0441\u0442\u0432\u043e\"}]},{\"@type\":\"WebSite\",\"@id\":\"https:\/\/dezinfa.lv\/#website\",\"url\":\"https:\/\/dezinfa.lv\/\",\"name\":\"Dezinfa\",\"description\":\"Kait\u0113k\u013cu kontrole s\u0101kas ar mums\",\"potentialAction\":[{\"@type\":\"SearchAction\",\"target\":{\"@type\":\"EntryPoint\",\"urlTemplate\":\"https:\/\/dezinfa.lv\/?s={search_term_string}\"},\"query-input\":\"required name=search_term_string\"}],\"inLanguage\":\"ru-RU\"}]}<\/script>\n<!-- \/ Yoast SEO plugin. -->","yoast_head_json":{"title":"\u0421\u0435\u043b\u044c\u0441\u043a\u043e\u0435, \u043b\u0435\u0441\u043d\u043e\u0435 \u0438 \u043e\u0445\u043e\u0442\u043d\u0438\u0447\u044c\u0435 \u0445\u043e\u0437\u044f\u0439\u0441\u0442\u0432\u043e &#8211; Dezinfa","robots":{"index":"index","follow":"follow","max-snippet":"max-snippet:-1","max-image-preview":"max-image-preview:large","max-video-preview":"max-video-preview:-1"},"canonical":"https:\/\/dezinfa.lv\/ru\/biznesam\/lauksaimniecibas-medniecibas-un-mezsaimniecibas-segments\/","og_locale":"ru_RU","og_type":"article","og_title":"\u0421\u0435\u043b\u044c\u0441\u043a\u043e\u0435, \u043b\u0435\u0441\u043d\u043e\u0435 \u0438 \u043e\u0445\u043e\u0442\u043d\u0438\u0447\u044c\u0435 \u0445\u043e\u0437\u044f\u0439\u0441\u0442\u0432\u043e &#8211; Dezinfa","og_description":"\u0423\u043d\u0438\u0447\u0442\u043e\u0436\u0435\u043d\u0438\u0435 \u0432\u0440\u0435\u0434\u0438\u0442\u0435\u043b\u0435\u0439 \u0432 \u0441\u0435\u043b\u044c\u0441\u043a\u043e\u043c, \u043b\u0435\u0441\u043d\u043e\u043c \u0438 \u043e\u0445\u043e\u0442\u043d\u0438\u0447\u044c\u0435\u043c \u0445\u043e\u0437\u044f\u0439\u0441\u0442\u0432\u0435 \u0412 \u043b\u044e\u0431\u043e\u0439 \u043e\u0431\u043b\u0430\u0441\u0442\u0438 \u0441\u0435\u043b\u044c\u0441\u043a\u043e\u0433\u043e \u0445\u043e\u0437\u044f\u0439\u0441\u0442\u0432\u0430 \u043c\u043e\u0433\u0443\u0442 \u043f\u043e\u044f\u0432\u0438\u0442\u044c\u0441\u044f \u043f\u0440\u043e\u0431\u043b\u0435\u043c\u044b \u0441 \u0432\u0440\u0435\u0434\u0438\u0442\u0435\u043b\u044f\u043c\u0438. \u0418\u0437-\u0437\u0430 \u043d\u0438\u0445 \u043c\u043e\u0436\u0435\u0442 \u043d\u0435 \u0442\u043e\u043b\u044c\u043a\u043e \u0441\u043d\u0438\u0437\u0438\u0442\u044c\u0441\u044f \u043f\u0440\u0438\u0431\u044b\u043b\u044c, \u0437\u0430\u0440\u0430\u0437\u0438\u0442\u044c\u0441\u044f \u0438 \u0438\u0441\u043f\u043e\u0440\u0442\u0438\u0442\u044c\u0441\u044f \u0443\u0440\u043e\u0436\u0430\u0439, \u043d\u043e \u043e\u043d\u0438 \u0442\u0430\u043a\u0436\u0435 \u043c\u043e\u0433\u0443\u0442 \u043d\u0430\u0432\u0440\u0435\u0434\u0438\u0442\u044c \u0432\u0430\u0448\u0435\u043c\u0443 \u0438\u043c\u0443\u0449\u0435\u0441\u0442\u0432\u0443. \u0413\u0440\u044b\u0437\u0443\u043d\u044b \u2013 \u0432\u043e\u0442 \u0433\u043b\u0430\u0432\u043d\u0430\u044f \u043f\u0440\u043e\u0431\u043b\u0435\u043c\u0430 \u0440\u0430\u0431\u043e\u0442\u043d\u0438\u043a\u043e\u0432 \u0441\u0435\u043b\u044c\u0441\u043a\u043e\u0433\u043e \u0445\u043e\u0437\u044f\u0439\u0441\u0442\u0432\u0430, \u0442.\u043a. \u0438\u0437-\u0437\u0430 \u043d\u0438\u0445 \u043b\u044e\u0434\u0438 \u043d\u0435\u0441\u0443\u0442 \u043e\u0447\u0435\u0432\u0438\u0434\u043d\u044b\u0435 \u043f\u043e\u0442\u0435\u0440\u0438. \u0418\u0445 \u0440\u0430\u0437\u0440\u0443\u0448\u0438\u0442\u0435\u043b\u044c\u043d\u044b\u0435 \u0434\u0435\u0439\u0441\u0442\u0432\u0438\u044f \u043d\u0430\u043d\u043e\u0441\u044f\u0442 [&hellip;]","og_url":"https:\/\/dezinfa.lv\/biznesam\/lauksaimniecibas-medniecibas-un-mezsaimniecibas-segments\/","og_site_name":"Dezinfa","article_modified_time":"2020-12-29T11:58:38+00:00","og_image":[{"url":"http:\/\/dezinfa.lv\/wp-content\/uploads\/2020\/12\/14024.jpeg"}],"twitter_card":"summary_large_image","schema":{"@context":"https:\/\/schema.org","@graph":[{"@type":"WebPage","@id":"https:\/\/dezinfa.lv\/biznesam\/lauksaimniecibas-medniecibas-un-mezsaimniecibas-segments\/","url":"https:\/\/dezinfa.lv\/biznesam\/lauksaimniecibas-medniecibas-un-mezsaimniecibas-segments\/","name":"\u0421\u0435\u043b\u044c\u0441\u043a\u043e\u0435, \u043b\u0435\u0441\u043d\u043e\u0435 \u0438 \u043e\u0445\u043e\u0442\u043d\u0438\u0447\u044c\u0435 \u0445\u043e\u0437\u044f\u0439\u0441\u0442\u0432\u043e &#8211; Dezinfa","isPartOf":{"@id":"https:\/\/dezinfa.lv\/#website"},"primaryImageOfPage":{"@id":"https:\/\/dezinfa.lv\/biznesam\/lauksaimniecibas-medniecibas-un-mezsaimniecibas-segments\/#primaryimage"},"image":{"@id":"https:\/\/dezinfa.lv\/biznesam\/lauksaimniecibas-medniecibas-un-mezsaimniecibas-segments\/#primaryimage"},"thumbnailUrl":"http:\/\/dezinfa.lv\/wp-content\/uploads\/2020\/12\/14024.jpeg","datePublished":"2020-12-29T11:57:29+00:00","dateModified":"2020-12-29T11:58:38+00:00","breadcrumb":{"@id":"https:\/\/dezinfa.lv\/biznesam\/lauksaimniecibas-medniecibas-un-mezsaimniecibas-segments\/#breadcrumb"},"inLanguage":"ru-RU","potentialAction":[{"@type":"ReadAction","target":["https:\/\/dezinfa.lv\/biznesam\/lauksaimniecibas-medniecibas-un-mezsaimniecibas-segments\/"]}]},{"@type":"ImageObject","inLanguage":"ru-RU","@id":"https:\/\/dezinfa.lv\/biznesam\/lauksaimniecibas-medniecibas-un-mezsaimniecibas-segments\/#primaryimage","url":"http:\/\/dezinfa.lv\/wp-content\/uploads\/2020\/12\/14024.jpeg","contentUrl":"http:\/\/dezinfa.lv\/wp-content\/uploads\/2020\/12\/14024.jpeg"},{"@type":"BreadcrumbList","@id":"https:\/\/dezinfa.lv\/biznesam\/lauksaimniecibas-medniecibas-un-mezsaimniecibas-segments\/#breadcrumb","itemListElement":[{"@type":"ListItem","position":1,"name":"\u0411\u0438\u0437\u043d\u0435\u0441","item":"https:\/\/dezinfa.lv\/biznesam\/"},{"@type":"ListItem","position":2,"name":"\u0421\u0435\u043b\u044c\u0441\u043a\u043e\u0435, \u043b\u0435\u0441\u043d\u043e\u0435 \u0438 \u043e\u0445\u043e\u0442\u043d\u0438\u0447\u044c\u0435 \u0445\u043e\u0437\u044f\u0439\u0441\u0442\u0432\u043e"}]},{"@type":"WebSite","@id":"https:\/\/dezinfa.lv\/#website","url":"https:\/\/dezinfa.lv\/","name":"Dezinfa","description":"Kait\u0113k\u013cu kontrole s\u0101kas ar mums","potentialAction":[{"@type":"SearchAction","target":{"@type":"EntryPoint","urlTemplate":"https:\/\/dezinfa.lv\/?s={search_term_string}"},"query-input":"required name=search_term_string"}],"inLanguage":"ru-RU"}]}},"_links":{"self":[{"href":"https:\/\/dezinfa.lv\/ru\/wp-json\/wp\/v2\/pages\/1520"}],"collection":[{"href":"https:\/\/dezinfa.lv\/ru\/wp-json\/wp\/v2\/pages"}],"about":[{"href":"https:\/\/dezinfa.lv\/ru\/wp-json\/wp\/v2\/types\/page"}],"author":[{"embeddable":true,"href":"https:\/\/dezinfa.lv\/ru\/wp-json\/wp\/v2\/users\/5"}],"replies":[{"embeddable":true,"href":"https:\/\/dezinfa.lv\/ru\/wp-json\/wp\/v2\/comments?post=1520"}],"version-history":[{"count":3,"href":"https:\/\/dezinfa.lv\/ru\/wp-json\/wp\/v2\/pages\/1520\/revisions"}],"predecessor-version":[{"id":1523,"href":"https:\/\/dezinfa.lv\/ru\/wp-json\/wp\/v2\/pages\/1520\/revisions\/1523"}],"up":[{"embeddable":true,"href":"https:\/\/dezinfa.lv\/ru\/wp-json\/wp\/v2\/pages\/1331"}],"wp:attachment":[{"href":"https:\/\/dezinfa.lv\/ru\/wp-json\/wp\/v2\/media?parent=1520"}],"curies":[{"name":"wp","href":"https:\/\/api.w.org\/{rel}","templated":true}]}}