{"id":1461,"date":"2020-12-23T12:37:07","date_gmt":"2020-12-23T10:37:07","guid":{"rendered":"http:\/\/dezinfa.lv\/?page_id=1461"},"modified":"2021-01-12T11:36:47","modified_gmt":"2021-01-12T09:36:47","slug":"%d1%83%d1%85%d0%be%d0%b2%d0%b5%d1%80%d1%82%d0%ba%d0%b0","status":"publish","type":"page","link":"https:\/\/dezinfa.lv\/ru\/%d0%b1%d0%b8%d0%b1%d0%bb%d0%b8%d0%be%d1%82%d0%b5%d0%ba%d0%b0\/%d1%81%d0%bf%d1%80%d0%b0%d0%b2%d0%be%d1%87%d0%bd%d0%b8%d0%ba-%d0%b2%d1%80%d0%b5%d0%b4%d0%b8%d1%82%d0%b5%d0%bb%d0%b5%d0%b9\/%d0%bd%d0%b0%d1%81%d0%b5%d0%ba%d0%be%d0%bc%d1%8b%d0%b5\/%d0%bd%d0%b0%d1%81%d0%b5%d0%ba%d0%be%d0%bc%d1%8b%d0%b5-%d0%b6%d0%b8%d0%b2%d1%83%d1%89%d0%b8%d0%b5-%d0%b2-%d1%82%d1%80%d0%b5%d1%89%d0%b8%d0%bd%d0%b0%d1%85-%d0%b8-%d1%89%d0%b5%d0%bb%d1%8f%d1%85\/%d1%83%d1%85%d0%be%d0%b2%d0%b5%d1%80%d1%82%d0%ba%d0%b0\/","title":{"rendered":"\u0423\u0445\u043e\u0432\u0435\u0440\u0442\u043a\u0430"},"content":{"rendered":"","protected":false},"excerpt":{"rendered":"","protected":false},"author":5,"featured_media":1170,"parent":1687,"menu_order":0,"comment_status":"closed","ping_status":"closed","template":"template-library-1.php","meta":{"_acf_changed":false,"footnotes":""},"acf":[],"yoast_head":"<!-- This site is optimized with the Yoast SEO plugin v23.1 - https:\/\/yoast.com\/wordpress\/plugins\/seo\/ -->\n<title>\u0423\u0445\u043e\u0432\u0435\u0440\u0442\u043a\u0430 &#8211; Dezinfa<\/title>\n<meta name=\"robots\" content=\"index, follow, max-snippet:-1, max-image-preview:large, max-video-preview:-1\" \/>\n<link rel=\"canonical\" href=\"https:\/\/dezinfa.lv\/ru\/biblioteka\/kaiteklu-rokasgramata\/kukaini\/spraugas-un-plaisas\/spilaste-0\/\" \/>\n<meta property=\"og:locale\" content=\"ru_RU\" \/>\n<meta property=\"og:type\" content=\"article\" \/>\n<meta property=\"og:title\" content=\"\u0423\u0445\u043e\u0432\u0435\u0440\u0442\u043a\u0430 &#8211; Dezinfa\" \/>\n<meta property=\"og:url\" content=\"https:\/\/dezinfa.lv\/biblioteka\/kaiteklu-rokasgramata\/kukaini\/spraugas-un-plaisas\/spilaste-0\/\" \/>\n<meta property=\"og:site_name\" content=\"Dezinfa\" \/>\n<meta property=\"article:modified_time\" content=\"2021-01-12T09:36:47+00:00\" \/>\n<meta property=\"og:image\" content=\"https:\/\/dezinfa.lv\/wp-content\/uploads\/2020\/12\/download-8.jpg\" \/>\n\t<meta property=\"og:image:width\" content=\"1219\" \/>\n\t<meta property=\"og:image:height\" content=\"365\" \/>\n\t<meta property=\"og:image:type\" content=\"image\/jpeg\" \/>\n<meta name=\"twitter:card\" content=\"summary_large_image\" \/>\n<script type=\"application\/ld+json\" class=\"yoast-schema-graph\">{\"@context\":\"https:\/\/schema.org\",\"@graph\":[{\"@type\":\"WebPage\",\"@id\":\"https:\/\/dezinfa.lv\/biblioteka\/kaiteklu-rokasgramata\/kukaini\/spraugas-un-plaisas\/spilaste-0\/\",\"url\":\"https:\/\/dezinfa.lv\/biblioteka\/kaiteklu-rokasgramata\/kukaini\/spraugas-un-plaisas\/spilaste-0\/\",\"name\":\"\u0423\u0445\u043e\u0432\u0435\u0440\u0442\u043a\u0430 &#8211; Dezinfa\",\"isPartOf\":{\"@id\":\"https:\/\/dezinfa.lv\/#website\"},\"primaryImageOfPage\":{\"@id\":\"https:\/\/dezinfa.lv\/biblioteka\/kaiteklu-rokasgramata\/kukaini\/spraugas-un-plaisas\/spilaste-0\/#primaryimage\"},\"image\":{\"@id\":\"https:\/\/dezinfa.lv\/biblioteka\/kaiteklu-rokasgramata\/kukaini\/spraugas-un-plaisas\/spilaste-0\/#primaryimage\"},\"thumbnailUrl\":\"https:\/\/dezinfa.lv\/wp-content\/uploads\/2020\/12\/download-8.jpg\",\"datePublished\":\"2020-12-23T10:37:07+00:00\",\"dateModified\":\"2021-01-12T09:36:47+00:00\",\"breadcrumb\":{\"@id\":\"https:\/\/dezinfa.lv\/biblioteka\/kaiteklu-rokasgramata\/kukaini\/spraugas-un-plaisas\/spilaste-0\/#breadcrumb\"},\"inLanguage\":\"ru-RU\",\"potentialAction\":[{\"@type\":\"ReadAction\",\"target\":[\"https:\/\/dezinfa.lv\/biblioteka\/kaiteklu-rokasgramata\/kukaini\/spraugas-un-plaisas\/spilaste-0\/\"]}]},{\"@type\":\"ImageObject\",\"inLanguage\":\"ru-RU\",\"@id\":\"https:\/\/dezinfa.lv\/biblioteka\/kaiteklu-rokasgramata\/kukaini\/spraugas-un-plaisas\/spilaste-0\/#primaryimage\",\"url\":\"https:\/\/dezinfa.lv\/wp-content\/uploads\/2020\/12\/download-8.jpg\",\"contentUrl\":\"https:\/\/dezinfa.lv\/wp-content\/uploads\/2020\/12\/download-8.jpg\",\"width\":1219,\"height\":365},{\"@type\":\"BreadcrumbList\",\"@id\":\"https:\/\/dezinfa.lv\/biblioteka\/kaiteklu-rokasgramata\/kukaini\/spraugas-un-plaisas\/spilaste-0\/#breadcrumb\",\"itemListElement\":[{\"@type\":\"ListItem\",\"position\":1,\"name\":\"\u0411\u0438\u0431\u043b\u0438\u043e\u0442\u0435\u043a\u0430\",\"item\":\"https:\/\/dezinfa.lv\/ru\/%d0%b1%d0%b8%d0%b1%d0%bb%d0%b8%d0%be%d1%82%d0%b5%d0%ba%d0%b0\/\"},{\"@type\":\"ListItem\",\"position\":2,\"name\":\"\u0421\u043f\u0440\u0430\u0432\u043e\u0447\u043d\u0438\u043a \u0432\u0440\u0435\u0434\u0438\u0442\u0435\u043b\u0435\u0439\",\"item\":\"https:\/\/dezinfa.lv\/ru\/%d0%b1%d0%b8%d0%b1%d0%bb%d0%b8%d0%be%d1%82%d0%b5%d0%ba%d0%b0\/%d1%81%d0%bf%d1%80%d0%b0%d0%b2%d0%be%d1%87%d0%bd%d0%b8%d0%ba-%d0%b2%d1%80%d0%b5%d0%b4%d0%b8%d1%82%d0%b5%d0%bb%d0%b5%d0%b9\/\"},{\"@type\":\"ListItem\",\"position\":3,\"name\":\"\u041d\u0430\u0441\u0435\u043a\u043e\u043c\u044b\u0435\",\"item\":\"https:\/\/dezinfa.lv\/ru\/%d0%b1%d0%b8%d0%b1%d0%bb%d0%b8%d0%be%d1%82%d0%b5%d0%ba%d0%b0\/%d1%81%d0%bf%d1%80%d0%b0%d0%b2%d0%be%d1%87%d0%bd%d0%b8%d0%ba-%d0%b2%d1%80%d0%b5%d0%b4%d0%b8%d1%82%d0%b5%d0%bb%d0%b5%d0%b9\/%d0%bd%d0%b0%d1%81%d0%b5%d0%ba%d0%be%d0%bc%d1%8b%d0%b5\/\"},{\"@type\":\"ListItem\",\"position\":4,\"name\":\"\u041d\u0430\u0441\u0435\u043a\u043e\u043c\u044b\u0435, \u0436\u0438\u0432\u0443\u0449\u0438\u0435 \u0432 \u0442\u0440\u0435\u0449\u0438\u043d\u0430\u0445 \u0438 \u0449\u0435\u043b\u044f\u0445\",\"item\":\"https:\/\/dezinfa.lv\/biblioteka\/kaiteklu-rokasgramata\/kukaini\/spraugas-un-plaisas\/\"},{\"@type\":\"ListItem\",\"position\":5,\"name\":\"\u0423\u0445\u043e\u0432\u0435\u0440\u0442\u043a\u0430\"}]},{\"@type\":\"WebSite\",\"@id\":\"https:\/\/dezinfa.lv\/#website\",\"url\":\"https:\/\/dezinfa.lv\/\",\"name\":\"Dezinfa\",\"description\":\"Kait\u0113k\u013cu kontrole s\u0101kas ar mums\",\"potentialAction\":[{\"@type\":\"SearchAction\",\"target\":{\"@type\":\"EntryPoint\",\"urlTemplate\":\"https:\/\/dezinfa.lv\/?s={search_term_string}\"},\"query-input\":\"required name=search_term_string\"}],\"inLanguage\":\"ru-RU\"}]}<\/script>\n<!-- \/ Yoast SEO plugin. -->","yoast_head_json":{"title":"\u0423\u0445\u043e\u0432\u0435\u0440\u0442\u043a\u0430 &#8211; Dezinfa","robots":{"index":"index","follow":"follow","max-snippet":"max-snippet:-1","max-image-preview":"max-image-preview:large","max-video-preview":"max-video-preview:-1"},"canonical":"https:\/\/dezinfa.lv\/ru\/biblioteka\/kaiteklu-rokasgramata\/kukaini\/spraugas-un-plaisas\/spilaste-0\/","og_locale":"ru_RU","og_type":"article","og_title":"\u0423\u0445\u043e\u0432\u0435\u0440\u0442\u043a\u0430 &#8211; Dezinfa","og_url":"https:\/\/dezinfa.lv\/biblioteka\/kaiteklu-rokasgramata\/kukaini\/spraugas-un-plaisas\/spilaste-0\/","og_site_name":"Dezinfa","article_modified_time":"2021-01-12T09:36:47+00:00","og_image":[{"width":1219,"height":365,"url":"https:\/\/dezinfa.lv\/wp-content\/uploads\/2020\/12\/download-8.jpg","type":"image\/jpeg"}],"twitter_card":"summary_large_image","schema":{"@context":"https:\/\/schema.org","@graph":[{"@type":"WebPage","@id":"https:\/\/dezinfa.lv\/biblioteka\/kaiteklu-rokasgramata\/kukaini\/spraugas-un-plaisas\/spilaste-0\/","url":"https:\/\/dezinfa.lv\/biblioteka\/kaiteklu-rokasgramata\/kukaini\/spraugas-un-plaisas\/spilaste-0\/","name":"\u0423\u0445\u043e\u0432\u0435\u0440\u0442\u043a\u0430 &#8211; Dezinfa","isPartOf":{"@id":"https:\/\/dezinfa.lv\/#website"},"primaryImageOfPage":{"@id":"https:\/\/dezinfa.lv\/biblioteka\/kaiteklu-rokasgramata\/kukaini\/spraugas-un-plaisas\/spilaste-0\/#primaryimage"},"image":{"@id":"https:\/\/dezinfa.lv\/biblioteka\/kaiteklu-rokasgramata\/kukaini\/spraugas-un-plaisas\/spilaste-0\/#primaryimage"},"thumbnailUrl":"https:\/\/dezinfa.lv\/wp-content\/uploads\/2020\/12\/download-8.jpg","datePublished":"2020-12-23T10:37:07+00:00","dateModified":"2021-01-12T09:36:47+00:00","breadcrumb":{"@id":"https:\/\/dezinfa.lv\/biblioteka\/kaiteklu-rokasgramata\/kukaini\/spraugas-un-plaisas\/spilaste-0\/#breadcrumb"},"inLanguage":"ru-RU","potentialAction":[{"@type":"ReadAction","target":["https:\/\/dezinfa.lv\/biblioteka\/kaiteklu-rokasgramata\/kukaini\/spraugas-un-plaisas\/spilaste-0\/"]}]},{"@type":"ImageObject","inLanguage":"ru-RU","@id":"https:\/\/dezinfa.lv\/biblioteka\/kaiteklu-rokasgramata\/kukaini\/spraugas-un-plaisas\/spilaste-0\/#primaryimage","url":"https:\/\/dezinfa.lv\/wp-content\/uploads\/2020\/12\/download-8.jpg","contentUrl":"https:\/\/dezinfa.lv\/wp-content\/uploads\/2020\/12\/download-8.jpg","width":1219,"height":365},{"@type":"BreadcrumbList","@id":"https:\/\/dezinfa.lv\/biblioteka\/kaiteklu-rokasgramata\/kukaini\/spraugas-un-plaisas\/spilaste-0\/#breadcrumb","itemListElement":[{"@type":"ListItem","position":1,"name":"\u0411\u0438\u0431\u043b\u0438\u043e\u0442\u0435\u043a\u0430","item":"https:\/\/dezinfa.lv\/ru\/%d0%b1%d0%b8%d0%b1%d0%bb%d0%b8%d0%be%d1%82%d0%b5%d0%ba%d0%b0\/"},{"@type":"ListItem","position":2,"name":"\u0421\u043f\u0440\u0430\u0432\u043e\u0447\u043d\u0438\u043a \u0432\u0440\u0435\u0434\u0438\u0442\u0435\u043b\u0435\u0439","item":"https:\/\/dezinfa.lv\/ru\/%d0%b1%d0%b8%d0%b1%d0%bb%d0%b8%d0%be%d1%82%d0%b5%d0%ba%d0%b0\/%d1%81%d0%bf%d1%80%d0%b0%d0%b2%d0%be%d1%87%d0%bd%d0%b8%d0%ba-%d0%b2%d1%80%d0%b5%d0%b4%d0%b8%d1%82%d0%b5%d0%bb%d0%b5%d0%b9\/"},{"@type":"ListItem","position":3,"name":"\u041d\u0430\u0441\u0435\u043a\u043e\u043c\u044b\u0435","item":"https:\/\/dezinfa.lv\/ru\/%d0%b1%d0%b8%d0%b1%d0%bb%d0%b8%d0%be%d1%82%d0%b5%d0%ba%d0%b0\/%d1%81%d0%bf%d1%80%d0%b0%d0%b2%d0%be%d1%87%d0%bd%d0%b8%d0%ba-%d0%b2%d1%80%d0%b5%d0%b4%d0%b8%d1%82%d0%b5%d0%bb%d0%b5%d0%b9\/%d0%bd%d0%b0%d1%81%d0%b5%d0%ba%d0%be%d0%bc%d1%8b%d0%b5\/"},{"@type":"ListItem","position":4,"name":"\u041d\u0430\u0441\u0435\u043a\u043e\u043c\u044b\u0435, \u0436\u0438\u0432\u0443\u0449\u0438\u0435 \u0432 \u0442\u0440\u0435\u0449\u0438\u043d\u0430\u0445 \u0438 \u0449\u0435\u043b\u044f\u0445","item":"https:\/\/dezinfa.lv\/biblioteka\/kaiteklu-rokasgramata\/kukaini\/spraugas-un-plaisas\/"},{"@type":"ListItem","position":5,"name":"\u0423\u0445\u043e\u0432\u0435\u0440\u0442\u043a\u0430"}]},{"@type":"WebSite","@id":"https:\/\/dezinfa.lv\/#website","url":"https:\/\/dezinfa.lv\/","name":"Dezinfa","description":"Kait\u0113k\u013cu kontrole s\u0101kas ar mums","potentialAction":[{"@type":"SearchAction","target":{"@type":"EntryPoint","urlTemplate":"https:\/\/dezinfa.lv\/?s={search_term_string}"},"query-input":"required name=search_term_string"}],"inLanguage":"ru-RU"}]}},"_links":{"self":[{"href":"https:\/\/dezinfa.lv\/ru\/wp-json\/wp\/v2\/pages\/1461"}],"collection":[{"href":"https:\/\/dezinfa.lv\/ru\/wp-json\/wp\/v2\/pages"}],"about":[{"href":"https:\/\/dezinfa.lv\/ru\/wp-json\/wp\/v2\/types\/page"}],"author":[{"embeddable":true,"href":"https:\/\/dezinfa.lv\/ru\/wp-json\/wp\/v2\/users\/5"}],"replies":[{"embeddable":true,"href":"https:\/\/dezinfa.lv\/ru\/wp-json\/wp\/v2\/comments?post=1461"}],"version-history":[{"count":4,"href":"https:\/\/dezinfa.lv\/ru\/wp-json\/wp\/v2\/pages\/1461\/revisions"}],"predecessor-version":[{"id":2045,"href":"https:\/\/dezinfa.lv\/ru\/wp-json\/wp\/v2\/pages\/1461\/revisions\/2045"}],"up":[{"embeddable":true,"href":"https:\/\/dezinfa.lv\/ru\/wp-json\/wp\/v2\/pages\/1687"}],"wp:featuredmedia":[{"embeddable":true,"href":"https:\/\/dezinfa.lv\/ru\/wp-json\/wp\/v2\/media\/1170"}],"wp:attachment":[{"href":"https:\/\/dezinfa.lv\/ru\/wp-json\/wp\/v2\/media?parent=1461"}],"curies":[{"name":"wp","href":"https:\/\/api.w.org\/{rel}","templated":true}]}}