{"id":1417,"date":"2020-12-23T10:05:40","date_gmt":"2020-12-23T08:05:40","guid":{"rendered":"http:\/\/dezinfa.lv\/?page_id=1417"},"modified":"2025-10-29T14:31:57","modified_gmt":"2025-10-29T12:31:57","slug":"client-login-old","status":"publish","type":"page","link":"https:\/\/dezinfa.lv\/ru\/client-login-old\/","title":{"rendered":"\u041a\u043b\u0438\u0435\u043d\u0442\u0430\u043c"},"content":{"rendered":"<h2 class=\"o-typography__headline1 u-text-transform-none u-mb-20 u-text-fluid\">\u0412\u043e\u0439\u0442\u0438<\/h2>\n<p>\u0414\u043e\u0431\u0440\u043e \u043f\u043e\u0436\u0430\u043b\u043e\u0432\u0430\u0442\u044c \u0432 \u0441\u043e\u0437\u0434\u0430\u043d\u043d\u0443\u044e SIA Dezinfa \u043e\u043d\u043b\u0430\u0439\u043d-\u0441\u0438\u0441\u0442\u0435\u043c\u0443 \u043a\u043e\u043d\u0442\u0440\u043e\u043b\u044f \u0438 \u043c\u043e\u043d\u0438\u0442\u043e\u0440\u0438\u043d\u0433\u0430 \u0432\u0440\u0435\u0434\u0438\u0442\u0435\u043b\u0435\u0439. \u0412\u044b \u0434\u043e\u043b\u0436\u043d\u044b \u0432\u043e\u0439\u0442\u0438 \u0432 \u0441\u0438\u0441\u0442\u0435\u043c\u0443, \u0447\u0442\u043e\u0431\u044b \u043f\u0440\u043e\u0434\u043e\u043b\u0436\u0438\u0442\u044c.<\/p>\n<p>\u041f\u043e\u0436\u0430\u043b\u0443\u0439\u0441\u0442\u0430, \u0437\u0430\u043f\u043e\u043b\u043d\u0438\u0442\u0435 \u043f\u043e\u043b\u044f \u0434\u043b\u044f \u0438\u043c\u0435\u043d\u0438 \u043f\u043e\u043b\u044c\u0437\u043e\u0432\u0430\u0442\u0435\u043b\u044f \u0438 \u043f\u0430\u0440\u043e\u043b\u044f.<\/p>\n<p>\u0415\u0441\u043b\u0438 \u0432\u044b \u0437\u0430\u0431\u044b\u043b\u0438 \u0434\u0430\u043d\u043d\u044b\u0435 \u0434\u043b\u044f \u0432\u0445\u043e\u0434\u0430 \u0438\u043b\u0438 \u0447\u0442\u043e-\u0442\u043e \u043d\u0435 \u0440\u0430\u0431\u043e\u0442\u0430\u0435\u0442, \u0441\u0432\u044f\u0436\u0438\u0442\u0435\u0441\u044c \u0441 \u043d\u0430\u043c\u0438.<\/p>\n<p>\u041d\u0430\u0448\u0438 \u043a\u043e\u043d\u0442\u0430\u043a\u0442\u043d\u044b\u0435 \u0434\u0430\u043d\u043d\u044b\u0435 \u043c\u043e\u0436\u043d\u043e \u043d\u0430\u0439\u0442\u0438 <a href=\"http:\/\/dezinfa.lv\/kontakti\/\">\u043d\u0430 \u043d\u0430\u0448\u0435\u043c \u0432\u0435\u0431-\u0441\u0430\u0439\u0442\u0435.<\/a><\/p>\n","protected":false},"excerpt":{"rendered":"<p>\u0412\u043e\u0439\u0442\u0438 \u0414\u043e\u0431\u0440\u043e \u043f\u043e\u0436\u0430\u043b\u043e\u0432\u0430\u0442\u044c \u0432 \u0441\u043e\u0437\u0434\u0430\u043d\u043d\u0443\u044e SIA Dezinfa \u043e\u043d\u043b\u0430\u0439\u043d-\u0441\u0438\u0441\u0442\u0435\u043c\u0443 \u043a\u043e\u043d\u0442\u0440\u043e\u043b\u044f \u0438 \u043c\u043e\u043d\u0438\u0442\u043e\u0440\u0438\u043d\u0433\u0430 \u0432\u0440\u0435\u0434\u0438\u0442\u0435\u043b\u0435\u0439. \u0412\u044b \u0434\u043e\u043b\u0436\u043d\u044b \u0432\u043e\u0439\u0442\u0438 \u0432 \u0441\u0438\u0441\u0442\u0435\u043c\u0443, \u0447\u0442\u043e\u0431\u044b \u043f\u0440\u043e\u0434\u043e\u043b\u0436\u0438\u0442\u044c. \u041f\u043e\u0436\u0430\u043b\u0443\u0439\u0441\u0442\u0430, \u0437\u0430\u043f\u043e\u043b\u043d\u0438\u0442\u0435 \u043f\u043e\u043b\u044f \u0434\u043b\u044f \u0438\u043c\u0435\u043d\u0438 \u043f\u043e\u043b\u044c\u0437\u043e\u0432\u0430\u0442\u0435\u043b\u044f \u0438 \u043f\u0430\u0440\u043e\u043b\u044f. \u0415\u0441\u043b\u0438 \u0432\u044b \u0437\u0430\u0431\u044b\u043b\u0438 \u0434\u0430\u043d\u043d\u044b\u0435 \u0434\u043b\u044f \u0432\u0445\u043e\u0434\u0430 \u0438\u043b\u0438 \u0447\u0442\u043e-\u0442\u043e \u043d\u0435 \u0440\u0430\u0431\u043e\u0442\u0430\u0435\u0442, \u0441\u0432\u044f\u0436\u0438\u0442\u0435\u0441\u044c \u0441 \u043d\u0430\u043c\u0438. \u041d\u0430\u0448\u0438 \u043a\u043e\u043d\u0442\u0430\u043a\u0442\u043d\u044b\u0435 \u0434\u0430\u043d\u043d\u044b\u0435 \u043c\u043e\u0436\u043d\u043e \u043d\u0430\u0439\u0442\u0438 \u043d\u0430 \u043d\u0430\u0448\u0435\u043c \u0432\u0435\u0431-\u0441\u0430\u0439\u0442\u0435.<\/p>\n","protected":false},"author":5,"featured_media":0,"parent":0,"menu_order":0,"comment_status":"closed","ping_status":"closed","template":"template-client.php","meta":{"_acf_changed":false,"footnotes":""},"acf":[],"yoast_head":"<!-- This site is optimized with the Yoast SEO plugin v23.1 - https:\/\/yoast.com\/wordpress\/plugins\/seo\/ -->\n<title>\u041a\u043b\u0438\u0435\u043d\u0442\u0430\u043c &#8211; Dezinfa<\/title>\n<meta name=\"robots\" content=\"index, follow, max-snippet:-1, max-image-preview:large, max-video-preview:-1\" \/>\n<link rel=\"canonical\" href=\"https:\/\/dezinfa.lv\/ru\/client-login-old\/\" \/>\n<meta property=\"og:locale\" content=\"ru_RU\" \/>\n<meta property=\"og:type\" content=\"article\" \/>\n<meta property=\"og:title\" content=\"\u041a\u043b\u0438\u0435\u043d\u0442\u0430\u043c &#8211; Dezinfa\" \/>\n<meta property=\"og:description\" content=\"\u0412\u043e\u0439\u0442\u0438 \u0414\u043e\u0431\u0440\u043e \u043f\u043e\u0436\u0430\u043b\u043e\u0432\u0430\u0442\u044c \u0432 \u0441\u043e\u0437\u0434\u0430\u043d\u043d\u0443\u044e SIA Dezinfa \u043e\u043d\u043b\u0430\u0439\u043d-\u0441\u0438\u0441\u0442\u0435\u043c\u0443 \u043a\u043e\u043d\u0442\u0440\u043e\u043b\u044f \u0438 \u043c\u043e\u043d\u0438\u0442\u043e\u0440\u0438\u043d\u0433\u0430 \u0432\u0440\u0435\u0434\u0438\u0442\u0435\u043b\u0435\u0439. \u0412\u044b \u0434\u043e\u043b\u0436\u043d\u044b \u0432\u043e\u0439\u0442\u0438 \u0432 \u0441\u0438\u0441\u0442\u0435\u043c\u0443, \u0447\u0442\u043e\u0431\u044b \u043f\u0440\u043e\u0434\u043e\u043b\u0436\u0438\u0442\u044c. \u041f\u043e\u0436\u0430\u043b\u0443\u0439\u0441\u0442\u0430, \u0437\u0430\u043f\u043e\u043b\u043d\u0438\u0442\u0435 \u043f\u043e\u043b\u044f \u0434\u043b\u044f \u0438\u043c\u0435\u043d\u0438 \u043f\u043e\u043b\u044c\u0437\u043e\u0432\u0430\u0442\u0435\u043b\u044f \u0438 \u043f\u0430\u0440\u043e\u043b\u044f. \u0415\u0441\u043b\u0438 \u0432\u044b \u0437\u0430\u0431\u044b\u043b\u0438 \u0434\u0430\u043d\u043d\u044b\u0435 \u0434\u043b\u044f \u0432\u0445\u043e\u0434\u0430 \u0438\u043b\u0438 \u0447\u0442\u043e-\u0442\u043e \u043d\u0435 \u0440\u0430\u0431\u043e\u0442\u0430\u0435\u0442, \u0441\u0432\u044f\u0436\u0438\u0442\u0435\u0441\u044c \u0441 \u043d\u0430\u043c\u0438. \u041d\u0430\u0448\u0438 \u043a\u043e\u043d\u0442\u0430\u043a\u0442\u043d\u044b\u0435 \u0434\u0430\u043d\u043d\u044b\u0435 \u043c\u043e\u0436\u043d\u043e \u043d\u0430\u0439\u0442\u0438 \u043d\u0430 \u043d\u0430\u0448\u0435\u043c \u0432\u0435\u0431-\u0441\u0430\u0439\u0442\u0435.\" \/>\n<meta property=\"og:url\" content=\"https:\/\/dezinfa.lv\/ru\/client-login-old\/\" \/>\n<meta property=\"og:site_name\" content=\"Dezinfa\" \/>\n<meta property=\"article:modified_time\" content=\"2025-10-29T12:31:57+00:00\" \/>\n<meta name=\"twitter:card\" content=\"summary_large_image\" \/>\n<meta name=\"twitter:label1\" content=\"\u041f\u0440\u0438\u043c\u0435\u0440\u043d\u043e\u0435 \u0432\u0440\u0435\u043c\u044f \u0434\u043b\u044f \u0447\u0442\u0435\u043d\u0438\u044f\" \/>\n\t<meta name=\"twitter:data1\" content=\"1 \u043c\u0438\u043d\u0443\u0442\u0430\" \/>\n<script type=\"application\/ld+json\" class=\"yoast-schema-graph\">{\"@context\":\"https:\/\/schema.org\",\"@graph\":[{\"@type\":\"WebPage\",\"@id\":\"https:\/\/dezinfa.lv\/ru\/client-login-old\/\",\"url\":\"https:\/\/dezinfa.lv\/ru\/client-login-old\/\",\"name\":\"\u041a\u043b\u0438\u0435\u043d\u0442\u0430\u043c &#8211; Dezinfa\",\"isPartOf\":{\"@id\":\"https:\/\/dezinfa.lv\/#website\"},\"datePublished\":\"2020-12-23T08:05:40+00:00\",\"dateModified\":\"2025-10-29T12:31:57+00:00\",\"inLanguage\":\"ru-RU\",\"potentialAction\":[{\"@type\":\"ReadAction\",\"target\":[\"https:\/\/dezinfa.lv\/ru\/client-login-old\/\"]}]},{\"@type\":\"WebSite\",\"@id\":\"https:\/\/dezinfa.lv\/#website\",\"url\":\"https:\/\/dezinfa.lv\/\",\"name\":\"Dezinfa\",\"description\":\"Kait\u0113k\u013cu kontrole s\u0101kas ar mums\",\"potentialAction\":[{\"@type\":\"SearchAction\",\"target\":{\"@type\":\"EntryPoint\",\"urlTemplate\":\"https:\/\/dezinfa.lv\/?s={search_term_string}\"},\"query-input\":\"required name=search_term_string\"}],\"inLanguage\":\"ru-RU\"}]}<\/script>\n<!-- \/ Yoast SEO plugin. -->","yoast_head_json":{"title":"\u041a\u043b\u0438\u0435\u043d\u0442\u0430\u043c &#8211; Dezinfa","robots":{"index":"index","follow":"follow","max-snippet":"max-snippet:-1","max-image-preview":"max-image-preview:large","max-video-preview":"max-video-preview:-1"},"canonical":"https:\/\/dezinfa.lv\/ru\/client-login-old\/","og_locale":"ru_RU","og_type":"article","og_title":"\u041a\u043b\u0438\u0435\u043d\u0442\u0430\u043c &#8211; Dezinfa","og_description":"\u0412\u043e\u0439\u0442\u0438 \u0414\u043e\u0431\u0440\u043e \u043f\u043e\u0436\u0430\u043b\u043e\u0432\u0430\u0442\u044c \u0432 \u0441\u043e\u0437\u0434\u0430\u043d\u043d\u0443\u044e SIA Dezinfa \u043e\u043d\u043b\u0430\u0439\u043d-\u0441\u0438\u0441\u0442\u0435\u043c\u0443 \u043a\u043e\u043d\u0442\u0440\u043e\u043b\u044f \u0438 \u043c\u043e\u043d\u0438\u0442\u043e\u0440\u0438\u043d\u0433\u0430 \u0432\u0440\u0435\u0434\u0438\u0442\u0435\u043b\u0435\u0439. \u0412\u044b \u0434\u043e\u043b\u0436\u043d\u044b \u0432\u043e\u0439\u0442\u0438 \u0432 \u0441\u0438\u0441\u0442\u0435\u043c\u0443, \u0447\u0442\u043e\u0431\u044b \u043f\u0440\u043e\u0434\u043e\u043b\u0436\u0438\u0442\u044c. \u041f\u043e\u0436\u0430\u043b\u0443\u0439\u0441\u0442\u0430, \u0437\u0430\u043f\u043e\u043b\u043d\u0438\u0442\u0435 \u043f\u043e\u043b\u044f \u0434\u043b\u044f \u0438\u043c\u0435\u043d\u0438 \u043f\u043e\u043b\u044c\u0437\u043e\u0432\u0430\u0442\u0435\u043b\u044f \u0438 \u043f\u0430\u0440\u043e\u043b\u044f. \u0415\u0441\u043b\u0438 \u0432\u044b \u0437\u0430\u0431\u044b\u043b\u0438 \u0434\u0430\u043d\u043d\u044b\u0435 \u0434\u043b\u044f \u0432\u0445\u043e\u0434\u0430 \u0438\u043b\u0438 \u0447\u0442\u043e-\u0442\u043e \u043d\u0435 \u0440\u0430\u0431\u043e\u0442\u0430\u0435\u0442, \u0441\u0432\u044f\u0436\u0438\u0442\u0435\u0441\u044c \u0441 \u043d\u0430\u043c\u0438. \u041d\u0430\u0448\u0438 \u043a\u043e\u043d\u0442\u0430\u043a\u0442\u043d\u044b\u0435 \u0434\u0430\u043d\u043d\u044b\u0435 \u043c\u043e\u0436\u043d\u043e \u043d\u0430\u0439\u0442\u0438 \u043d\u0430 \u043d\u0430\u0448\u0435\u043c \u0432\u0435\u0431-\u0441\u0430\u0439\u0442\u0435.","og_url":"https:\/\/dezinfa.lv\/ru\/client-login-old\/","og_site_name":"Dezinfa","article_modified_time":"2025-10-29T12:31:57+00:00","twitter_card":"summary_large_image","twitter_misc":{"\u041f\u0440\u0438\u043c\u0435\u0440\u043d\u043e\u0435 \u0432\u0440\u0435\u043c\u044f \u0434\u043b\u044f \u0447\u0442\u0435\u043d\u0438\u044f":"1 \u043c\u0438\u043d\u0443\u0442\u0430"},"schema":{"@context":"https:\/\/schema.org","@graph":[{"@type":"WebPage","@id":"https:\/\/dezinfa.lv\/ru\/client-login-old\/","url":"https:\/\/dezinfa.lv\/ru\/client-login-old\/","name":"\u041a\u043b\u0438\u0435\u043d\u0442\u0430\u043c &#8211; Dezinfa","isPartOf":{"@id":"https:\/\/dezinfa.lv\/#website"},"datePublished":"2020-12-23T08:05:40+00:00","dateModified":"2025-10-29T12:31:57+00:00","inLanguage":"ru-RU","potentialAction":[{"@type":"ReadAction","target":["https:\/\/dezinfa.lv\/ru\/client-login-old\/"]}]},{"@type":"WebSite","@id":"https:\/\/dezinfa.lv\/#website","url":"https:\/\/dezinfa.lv\/","name":"Dezinfa","description":"Kait\u0113k\u013cu kontrole s\u0101kas ar mums","potentialAction":[{"@type":"SearchAction","target":{"@type":"EntryPoint","urlTemplate":"https:\/\/dezinfa.lv\/?s={search_term_string}"},"query-input":"required name=search_term_string"}],"inLanguage":"ru-RU"}]}},"_links":{"self":[{"href":"https:\/\/dezinfa.lv\/ru\/wp-json\/wp\/v2\/pages\/1417"}],"collection":[{"href":"https:\/\/dezinfa.lv\/ru\/wp-json\/wp\/v2\/pages"}],"about":[{"href":"https:\/\/dezinfa.lv\/ru\/wp-json\/wp\/v2\/types\/page"}],"author":[{"embeddable":true,"href":"https:\/\/dezinfa.lv\/ru\/wp-json\/wp\/v2\/users\/5"}],"replies":[{"embeddable":true,"href":"https:\/\/dezinfa.lv\/ru\/wp-json\/wp\/v2\/comments?post=1417"}],"version-history":[{"count":5,"href":"https:\/\/dezinfa.lv\/ru\/wp-json\/wp\/v2\/pages\/1417\/revisions"}],"predecessor-version":[{"id":1423,"href":"https:\/\/dezinfa.lv\/ru\/wp-json\/wp\/v2\/pages\/1417\/revisions\/1423"}],"wp:attachment":[{"href":"https:\/\/dezinfa.lv\/ru\/wp-json\/wp\/v2\/media?parent=1417"}],"curies":[{"name":"wp","href":"https:\/\/api.w.org\/{rel}","templated":true}]}}