{"id":1386,"date":"2020-12-22T12:04:58","date_gmt":"2020-12-22T10:04:58","guid":{"rendered":"http:\/\/dezinfa.lv\/?page_id=1386"},"modified":"2025-10-10T15:45:42","modified_gmt":"2025-10-10T13:45:42","slug":"1386-2","status":"publish","type":"page","link":"https:\/\/dezinfa.lv\/ru\/","title":{"rendered":"Front page"},"content":{"rendered":"<p style=\"text-align: right;\">\u041c\u044b \u043e\u0441\u0443\u0449\u0435\u0441\u0442\u0432\u043b\u044f\u0435\u043c \u043a\u043e\u043d\u0442\u0440\u043e\u043b\u044c \u043e\u0431\u044a\u0435\u043a\u0442\u043e\u0432, \u043f\u0440\u043e\u0442\u0438\u0432 \u043d\u0430\u0441\u0435\u043a\u043e\u043c\u044b\u0445, \u0433\u0440\u044b\u0437\u0443\u043d\u043e\u0432 \u043f\u0442\u0438\u0446 \u0438 \u0434\u0440\u0443\u0433\u0438\u0445 \u0432\u0440\u0435\u0434\u0438\u0442\u0435\u043b\u0435\u0439.<br \/>\n\u0421\u0432\u044f\u0436\u0438\u0442\u0435\u0441\u044c \u0441 \u043d\u0430\u043c\u0438, \u0447\u0442\u043e\u0431\u044b \u0443\u0437\u043d\u0430\u0442\u044c \u043d\u0430\u0438\u0431\u043e\u043b\u0435\u0435 \u043f\u043e\u0434\u0445\u043e\u0434\u044f\u0449\u0438\u0439 \u0441\u0435\u0440\u0432\u0438\u0441 \u0434\u043b\u044f \u0412\u0430\u0441.<\/p>\n","protected":false},"excerpt":{"rendered":"<p>\u041c\u044b \u043e\u0441\u0443\u0449\u0435\u0441\u0442\u0432\u043b\u044f\u0435\u043c \u043a\u043e\u043d\u0442\u0440\u043e\u043b\u044c \u043e\u0431\u044a\u0435\u043a\u0442\u043e\u0432, \u043f\u0440\u043e\u0442\u0438\u0432 \u043d\u0430\u0441\u0435\u043a\u043e\u043c\u044b\u0445, \u0433\u0440\u044b\u0437\u0443\u043d\u043e\u0432 \u043f\u0442\u0438\u0446 \u0438 \u0434\u0440\u0443\u0433\u0438\u0445 \u0432\u0440\u0435\u0434\u0438\u0442\u0435\u043b\u0435\u0439. \u0421\u0432\u044f\u0436\u0438\u0442\u0435\u0441\u044c \u0441 \u043d\u0430\u043c\u0438, \u0447\u0442\u043e\u0431\u044b \u0443\u0437\u043d\u0430\u0442\u044c \u043d\u0430\u0438\u0431\u043e\u043b\u0435\u0435 \u043f\u043e\u0434\u0445\u043e\u0434\u044f\u0449\u0438\u0439 \u0441\u0435\u0440\u0432\u0438\u0441 \u0434\u043b\u044f \u0412\u0430\u0441.<\/p>\n","protected":false},"author":5,"featured_media":0,"parent":0,"menu_order":0,"comment_status":"closed","ping_status":"closed","template":"front-page.php","meta":{"_acf_changed":false,"footnotes":""},"acf":[],"yoast_head":"<!-- This site is optimized with the Yoast SEO plugin v23.1 - https:\/\/yoast.com\/wordpress\/plugins\/seo\/ -->\n<title>Front page &#8211; Dezinfa<\/title>\n<meta name=\"robots\" content=\"index, follow, max-snippet:-1, max-image-preview:large, max-video-preview:-1\" \/>\n<link rel=\"canonical\" href=\"https:\/\/dezinfa.lv\/ru\/\" \/>\n<meta property=\"og:locale\" content=\"ru_RU\" \/>\n<meta property=\"og:type\" content=\"article\" \/>\n<meta property=\"og:title\" content=\"Front page &#8211; Dezinfa\" \/>\n<meta property=\"og:description\" content=\"\u041c\u044b \u043e\u0441\u0443\u0449\u0435\u0441\u0442\u0432\u043b\u044f\u0435\u043c \u043a\u043e\u043d\u0442\u0440\u043e\u043b\u044c \u043e\u0431\u044a\u0435\u043a\u0442\u043e\u0432, \u043f\u0440\u043e\u0442\u0438\u0432 \u043d\u0430\u0441\u0435\u043a\u043e\u043c\u044b\u0445, \u0433\u0440\u044b\u0437\u0443\u043d\u043e\u0432 \u043f\u0442\u0438\u0446 \u0438 \u0434\u0440\u0443\u0433\u0438\u0445 \u0432\u0440\u0435\u0434\u0438\u0442\u0435\u043b\u0435\u0439. \u0421\u0432\u044f\u0436\u0438\u0442\u0435\u0441\u044c \u0441 \u043d\u0430\u043c\u0438, \u0447\u0442\u043e\u0431\u044b \u0443\u0437\u043d\u0430\u0442\u044c \u043d\u0430\u0438\u0431\u043e\u043b\u0435\u0435 \u043f\u043e\u0434\u0445\u043e\u0434\u044f\u0449\u0438\u0439 \u0441\u0435\u0440\u0432\u0438\u0441 \u0434\u043b\u044f \u0412\u0430\u0441.\" \/>\n<meta property=\"og:url\" content=\"https:\/\/dezinfa.lv\/ru\/\" \/>\n<meta property=\"og:site_name\" content=\"Dezinfa\" \/>\n<meta property=\"article:modified_time\" content=\"2025-10-10T13:45:42+00:00\" \/>\n<meta name=\"twitter:card\" content=\"summary_large_image\" \/>\n<meta name=\"twitter:label1\" content=\"\u041f\u0440\u0438\u043c\u0435\u0440\u043d\u043e\u0435 \u0432\u0440\u0435\u043c\u044f \u0434\u043b\u044f \u0447\u0442\u0435\u043d\u0438\u044f\" \/>\n\t<meta name=\"twitter:data1\" content=\"1 \u043c\u0438\u043d\u0443\u0442\u0430\" \/>\n<script type=\"application\/ld+json\" class=\"yoast-schema-graph\">{\"@context\":\"https:\/\/schema.org\",\"@graph\":[{\"@type\":\"WebPage\",\"@id\":\"https:\/\/dezinfa.lv\/ru\/\",\"url\":\"https:\/\/dezinfa.lv\/ru\/\",\"name\":\"Front page &#8211; Dezinfa\",\"isPartOf\":{\"@id\":\"https:\/\/dezinfa.lv\/#website\"},\"datePublished\":\"2020-12-22T10:04:58+00:00\",\"dateModified\":\"2025-10-10T13:45:42+00:00\",\"inLanguage\":\"ru-RU\",\"potentialAction\":[{\"@type\":\"ReadAction\",\"target\":[\"https:\/\/dezinfa.lv\/ru\/\"]}]},{\"@type\":\"WebSite\",\"@id\":\"https:\/\/dezinfa.lv\/#website\",\"url\":\"https:\/\/dezinfa.lv\/\",\"name\":\"Dezinfa\",\"description\":\"Kait\u0113k\u013cu kontrole s\u0101kas ar mums\",\"potentialAction\":[{\"@type\":\"SearchAction\",\"target\":{\"@type\":\"EntryPoint\",\"urlTemplate\":\"https:\/\/dezinfa.lv\/?s={search_term_string}\"},\"query-input\":\"required name=search_term_string\"}],\"inLanguage\":\"ru-RU\"}]}<\/script>\n<!-- \/ Yoast SEO plugin. -->","yoast_head_json":{"title":"Front page &#8211; Dezinfa","robots":{"index":"index","follow":"follow","max-snippet":"max-snippet:-1","max-image-preview":"max-image-preview:large","max-video-preview":"max-video-preview:-1"},"canonical":"https:\/\/dezinfa.lv\/ru\/","og_locale":"ru_RU","og_type":"article","og_title":"Front page &#8211; Dezinfa","og_description":"\u041c\u044b \u043e\u0441\u0443\u0449\u0435\u0441\u0442\u0432\u043b\u044f\u0435\u043c \u043a\u043e\u043d\u0442\u0440\u043e\u043b\u044c \u043e\u0431\u044a\u0435\u043a\u0442\u043e\u0432, \u043f\u0440\u043e\u0442\u0438\u0432 \u043d\u0430\u0441\u0435\u043a\u043e\u043c\u044b\u0445, \u0433\u0440\u044b\u0437\u0443\u043d\u043e\u0432 \u043f\u0442\u0438\u0446 \u0438 \u0434\u0440\u0443\u0433\u0438\u0445 \u0432\u0440\u0435\u0434\u0438\u0442\u0435\u043b\u0435\u0439. \u0421\u0432\u044f\u0436\u0438\u0442\u0435\u0441\u044c \u0441 \u043d\u0430\u043c\u0438, \u0447\u0442\u043e\u0431\u044b \u0443\u0437\u043d\u0430\u0442\u044c \u043d\u0430\u0438\u0431\u043e\u043b\u0435\u0435 \u043f\u043e\u0434\u0445\u043e\u0434\u044f\u0449\u0438\u0439 \u0441\u0435\u0440\u0432\u0438\u0441 \u0434\u043b\u044f \u0412\u0430\u0441.","og_url":"https:\/\/dezinfa.lv\/ru\/","og_site_name":"Dezinfa","article_modified_time":"2025-10-10T13:45:42+00:00","twitter_card":"summary_large_image","twitter_misc":{"\u041f\u0440\u0438\u043c\u0435\u0440\u043d\u043e\u0435 \u0432\u0440\u0435\u043c\u044f \u0434\u043b\u044f \u0447\u0442\u0435\u043d\u0438\u044f":"1 \u043c\u0438\u043d\u0443\u0442\u0430"},"schema":{"@context":"https:\/\/schema.org","@graph":[{"@type":"WebPage","@id":"https:\/\/dezinfa.lv\/ru\/","url":"https:\/\/dezinfa.lv\/ru\/","name":"Front page &#8211; Dezinfa","isPartOf":{"@id":"https:\/\/dezinfa.lv\/#website"},"datePublished":"2020-12-22T10:04:58+00:00","dateModified":"2025-10-10T13:45:42+00:00","inLanguage":"ru-RU","potentialAction":[{"@type":"ReadAction","target":["https:\/\/dezinfa.lv\/ru\/"]}]},{"@type":"WebSite","@id":"https:\/\/dezinfa.lv\/#website","url":"https:\/\/dezinfa.lv\/","name":"Dezinfa","description":"Kait\u0113k\u013cu kontrole s\u0101kas ar mums","potentialAction":[{"@type":"SearchAction","target":{"@type":"EntryPoint","urlTemplate":"https:\/\/dezinfa.lv\/?s={search_term_string}"},"query-input":"required name=search_term_string"}],"inLanguage":"ru-RU"}]}},"_links":{"self":[{"href":"https:\/\/dezinfa.lv\/ru\/wp-json\/wp\/v2\/pages\/1386"}],"collection":[{"href":"https:\/\/dezinfa.lv\/ru\/wp-json\/wp\/v2\/pages"}],"about":[{"href":"https:\/\/dezinfa.lv\/ru\/wp-json\/wp\/v2\/types\/page"}],"author":[{"embeddable":true,"href":"https:\/\/dezinfa.lv\/ru\/wp-json\/wp\/v2\/users\/5"}],"replies":[{"embeddable":true,"href":"https:\/\/dezinfa.lv\/ru\/wp-json\/wp\/v2\/comments?post=1386"}],"version-history":[{"count":20,"href":"https:\/\/dezinfa.lv\/ru\/wp-json\/wp\/v2\/pages\/1386\/revisions"}],"predecessor-version":[{"id":6210,"href":"https:\/\/dezinfa.lv\/ru\/wp-json\/wp\/v2\/pages\/1386\/revisions\/6210"}],"wp:attachment":[{"href":"https:\/\/dezinfa.lv\/ru\/wp-json\/wp\/v2\/media?parent=1386"}],"curies":[{"name":"wp","href":"https:\/\/api.w.org\/{rel}","templated":true}]}}