{"id":1328,"date":"2020-12-21T10:39:24","date_gmt":"2020-12-21T08:39:24","guid":{"rendered":"http:\/\/dezinfa.lv\/?page_id=1328"},"modified":"2020-12-29T15:53:13","modified_gmt":"2020-12-29T13:53:13","slug":"%d0%b1%d0%b8%d0%b1%d0%bb%d0%b8%d0%be%d1%82%d0%b5%d0%ba%d0%b0","status":"publish","type":"page","link":"https:\/\/dezinfa.lv\/ru\/%d0%b1%d0%b8%d0%b1%d0%bb%d0%b8%d0%be%d1%82%d0%b5%d0%ba%d0%b0\/","title":{"rendered":"\u0411\u0438\u0431\u043b\u0438\u043e\u0442\u0435\u043a\u0430"},"content":{"rendered":"<p>Dezinfa &#8212; \u044d\u0442\u043e \u0444\u0438\u0440\u043c\u0430, \u043a\u043e\u0442\u043e\u0440\u043e\u0439 \u043c\u043e\u0436\u043d\u043e \u0434\u043e\u0432\u0435\u0440\u0438\u0442\u044c \u043f\u0440\u043e\u0431\u043b\u0435\u043c\u044b, \u0441\u0432\u044f\u0437\u0430\u043d\u043d\u044b\u0435 \u0441 \u0432\u0440\u0435\u0434\u0438\u0442\u0435\u043b\u044f\u043c\u0438 \u043d\u0430 \u0442\u0435\u0440\u0440\u0438\u0442\u043e\u0440\u0438\u0438 \u0432\u0430\u0448\u0435\u0433\u043e \u0434\u043e\u043c\u0430.<br \/>\n\u0421 \u043f\u043e\u043c\u043e\u0449\u044c\u044e \u043f\u0440\u043e\u0433\u0440\u0430\u043c\u043c\u044b \u0438\u043d\u0442\u0435\u0433\u0440\u0438\u0440\u043e\u0432\u0430\u043d\u043d\u043e\u0433\u043e \u043a\u043e\u043d\u0442\u0440\u043e\u043b\u044f \u0432\u0440\u0435\u0434\u0438\u0442\u0435\u043b\u0435\u0439 IKKVP, \u043c\u044b \u043f\u0440\u0435\u0434\u043b\u0430\u0433\u0430\u0435\u043c \u0432\u044b\u0441\u043e\u043a\u0443\u044e \u0441\u0442\u0435\u043f\u0435\u043d\u044c \u0437\u0430\u0449\u0438\u0442\u044b \u0434\u043b\u044f \u0432\u0430\u0448\u0435\u0439 \u0441\u0435\u043c\u044c\u0438 \u0438 \u0434\u043e\u043c\u0430\u0448\u043d\u0438\u0445 \u0436\u0438\u0432\u043e\u0442\u043d\u044b\u0445, \u0438\u0441\u043f\u043e\u043b\u044c\u0437\u0443\u044f \u043a\u0430\u0447\u0435\u0441\u0442\u0432\u0435\u043d\u043d\u044b\u0435 \u0441\u0440\u0435\u0434\u0441\u0442\u0432\u0430 \u0438 \u043e\u0441\u0443\u0449\u0435\u0441\u0442\u0432\u043b\u044f\u044f \u043d\u0430\u0434\u0437\u043e\u0440 \u0437\u0430 \u043d\u0430\u0441\u0435\u043a\u043e\u043c\u044b\u043c\u0438, \u0433\u0440\u044b\u0437\u0443\u043d\u0430\u043c\u0438, \u043f\u0442\u0438\u0446\u0430\u043c\u0438 \u0438 \u0434\u0440\u0443\u0433\u0438\u043c\u0438 \u0432\u0440\u0435\u0434\u0438\u0442\u0435\u043b\u044f\u043c\u0438. \u042d\u0442\u043e \u043f\u043e\u043d\u044f\u0442\u0438\u0435 \u0432\u043a\u043b\u044e\u0447\u0430\u0435\u0442 \u0432 \u0441\u0435\u0431\u044f \u043a\u043e\u043d\u0442\u0440\u043e\u043b\u044c \u0432\u0440\u0435\u0434\u0438\u0442\u0435\u043b\u0435\u0439, \u043a\u043e\u0442\u043e\u0440\u044b\u0439 \u0443\u0434\u0430\u0447\u043d\u043e \u043e\u0431\u044a\u0435\u0434\u0438\u043d\u044f\u0435\u0442 \u0440\u0430\u0437\u043b\u0438\u0447\u043d\u044b\u0435 \u043c\u0435\u0442\u043e\u0434\u044b, \u0441\u0440\u0435\u0434\u0441\u0442\u0432\u0430, \u043e\u043f\u044b\u0442, \u0443\u0441\u043b\u0443\u0433\u0438 \u043f\u0440\u043e\u0444\u0435\u0441\u0441\u0438\u043e\u043d\u0430\u043b\u044c\u043d\u044b\u0445 \u044d\u043a\u0441\u043f\u0435\u0440\u0442\u043e\u0432 \u043f\u043e \u0431\u043e\u0440\u044c\u0431\u0435 \u0441 \u0432\u0440\u0435\u0434\u0438\u0442\u0435\u043b\u044f\u043c\u0438. \u0423\u043f\u0440\u0430\u0432\u043b\u0435\u043d\u0438\u0435 \u044d\u0442\u043e\u0439 \u0441\u0438\u0441\u0442\u0435\u043c\u043e\u0439 \u0432\u043a\u043b\u044e\u0447\u0430\u0435\u0442 \u0432 \u0441\u0435\u0431\u044f \u043f\u0440\u043e\u0446\u0435\u0441\u0441 \u043f\u0440\u0438\u043d\u044f\u0442\u0438\u044f \u043d\u0435\u043e\u0431\u0445\u043e\u0434\u0438\u043c\u044b\u0445 \u0440\u0435\u0448\u0435\u043d\u0438\u0439 \u0434\u043b\u044f \u0431\u043e\u0440\u044c\u0431\u044b \u0438 \u043a\u043e\u043d\u0442\u0440\u043e\u043b\u044f. \u0412 \u0441\u0432\u043e\u044e \u043e\u0447\u0435\u0440\u0435\u0434\u044c \u043f\u0440\u043e\u0446\u0435\u0441\u0441 \u0431\u043e\u0440\u044c\u0431\u044b \u043d\u0430\u043f\u0440\u0430\u0432\u043b\u0435\u043d \u043d\u0430 \u043f\u0440\u0435\u0434\u043e\u0442\u0432\u0440\u0430\u0449\u0435\u043d\u0438\u0435 \u0432\u0441\u0435\u0432\u043e\u0437\u043c\u043e\u0436\u043d\u044b\u0445 \u0434\u0435\u0439\u0441\u0442\u0432\u0438\u0439 \u0432\u0440\u0435\u0434\u0438\u0442\u0435\u043b\u0435\u0439, \u043a\u043e\u0442\u043e\u0440\u044b\u0435 \u0432\u043b\u0438\u044f\u044e\u0442 \u043d\u0430 \u043e\u043a\u0440\u0443\u0436\u0430\u044e\u0449\u0443\u044e \u0447\u0435\u043b\u043e\u0432\u0435\u043a\u0430 \u0441\u0440\u0435\u0434\u0443, \u0440\u0430\u0441\u043f\u0440\u043e\u0441\u0442\u0440\u0430\u043d\u044f\u044e\u0442 \u0438\u043d\u0444\u0435\u043a\u0446\u0438\u043e\u043d\u043d\u044b\u0435 \u0431\u043e\u043b\u0435\u0437\u043d\u0438, \u0441\u043e\u0437\u0434\u0430\u044e\u0442 \u043c\u0430\u0441\u0441\u0443 \u0434\u0440\u0443\u0433\u0438\u0445 \u043f\u0440\u043e\u0431\u043b\u0435\u043c, \u043a\u043e\u0442\u043e\u0440\u044b\u0435 \u043c\u043e\u0433\u0443\u0442 \u0443\u0433\u0440\u043e\u0436\u0430\u0442\u044c \u0432\u0430\u0448\u0435\u0439 \u0441\u0435\u043c\u044c\u0435 \u0438 \u0434\u043e\u043c\u0443.<\/p>\n","protected":false},"excerpt":{"rendered":"<p>Dezinfa &#8212; \u044d\u0442\u043e \u0444\u0438\u0440\u043c\u0430, \u043a\u043e\u0442\u043e\u0440\u043e\u0439 \u043c\u043e\u0436\u043d\u043e \u0434\u043e\u0432\u0435\u0440\u0438\u0442\u044c \u043f\u0440\u043e\u0431\u043b\u0435\u043c\u044b, \u0441\u0432\u044f\u0437\u0430\u043d\u043d\u044b\u0435 \u0441 \u0432\u0440\u0435\u0434\u0438\u0442\u0435\u043b\u044f\u043c\u0438 \u043d\u0430 \u0442\u0435\u0440\u0440\u0438\u0442\u043e\u0440\u0438\u0438 \u0432\u0430\u0448\u0435\u0433\u043e \u0434\u043e\u043c\u0430. \u0421 \u043f\u043e\u043c\u043e\u0449\u044c\u044e \u043f\u0440\u043e\u0433\u0440\u0430\u043c\u043c\u044b \u0438\u043d\u0442\u0435\u0433\u0440\u0438\u0440\u043e\u0432\u0430\u043d\u043d\u043e\u0433\u043e \u043a\u043e\u043d\u0442\u0440\u043e\u043b\u044f \u0432\u0440\u0435\u0434\u0438\u0442\u0435\u043b\u0435\u0439 IKKVP, \u043c\u044b \u043f\u0440\u0435\u0434\u043b\u0430\u0433\u0430\u0435\u043c \u0432\u044b\u0441\u043e\u043a\u0443\u044e \u0441\u0442\u0435\u043f\u0435\u043d\u044c \u0437\u0430\u0449\u0438\u0442\u044b \u0434\u043b\u044f \u0432\u0430\u0448\u0435\u0439 \u0441\u0435\u043c\u044c\u0438 \u0438 \u0434\u043e\u043c\u0430\u0448\u043d\u0438\u0445 \u0436\u0438\u0432\u043e\u0442\u043d\u044b\u0445, \u0438\u0441\u043f\u043e\u043b\u044c\u0437\u0443\u044f \u043a\u0430\u0447\u0435\u0441\u0442\u0432\u0435\u043d\u043d\u044b\u0435 \u0441\u0440\u0435\u0434\u0441\u0442\u0432\u0430 \u0438 \u043e\u0441\u0443\u0449\u0435\u0441\u0442\u0432\u043b\u044f\u044f \u043d\u0430\u0434\u0437\u043e\u0440 \u0437\u0430 \u043d\u0430\u0441\u0435\u043a\u043e\u043c\u044b\u043c\u0438, \u0433\u0440\u044b\u0437\u0443\u043d\u0430\u043c\u0438, \u043f\u0442\u0438\u0446\u0430\u043c\u0438 \u0438 \u0434\u0440\u0443\u0433\u0438\u043c\u0438 \u0432\u0440\u0435\u0434\u0438\u0442\u0435\u043b\u044f\u043c\u0438. \u042d\u0442\u043e \u043f\u043e\u043d\u044f\u0442\u0438\u0435 \u0432\u043a\u043b\u044e\u0447\u0430\u0435\u0442 \u0432 \u0441\u0435\u0431\u044f \u043a\u043e\u043d\u0442\u0440\u043e\u043b\u044c \u0432\u0440\u0435\u0434\u0438\u0442\u0435\u043b\u0435\u0439, \u043a\u043e\u0442\u043e\u0440\u044b\u0439 \u0443\u0434\u0430\u0447\u043d\u043e [&hellip;]<\/p>\n","protected":false},"author":3,"featured_media":700,"parent":0,"menu_order":0,"comment_status":"closed","ping_status":"closed","template":"template-library.php","meta":{"_acf_changed":false,"footnotes":""},"acf":[],"yoast_head":"<!-- This site is optimized with the Yoast SEO plugin v23.1 - https:\/\/yoast.com\/wordpress\/plugins\/seo\/ -->\n<title>\u0411\u0438\u0431\u043b\u0438\u043e\u0442\u0435\u043a\u0430 &#8211; Dezinfa<\/title>\n<meta name=\"robots\" content=\"index, follow, max-snippet:-1, max-image-preview:large, max-video-preview:-1\" \/>\n<link rel=\"canonical\" href=\"https:\/\/dezinfa.lv\/ru\/\u0431\u0438\u0431\u043b\u0438\u043e\u0442\u0435\u043a\u0430\/\" \/>\n<meta property=\"og:locale\" content=\"ru_RU\" \/>\n<meta property=\"og:type\" content=\"article\" \/>\n<meta property=\"og:title\" content=\"\u0411\u0438\u0431\u043b\u0438\u043e\u0442\u0435\u043a\u0430 &#8211; Dezinfa\" \/>\n<meta property=\"og:description\" content=\"Dezinfa &#8212; \u044d\u0442\u043e \u0444\u0438\u0440\u043c\u0430, \u043a\u043e\u0442\u043e\u0440\u043e\u0439 \u043c\u043e\u0436\u043d\u043e \u0434\u043e\u0432\u0435\u0440\u0438\u0442\u044c \u043f\u0440\u043e\u0431\u043b\u0435\u043c\u044b, \u0441\u0432\u044f\u0437\u0430\u043d\u043d\u044b\u0435 \u0441 \u0432\u0440\u0435\u0434\u0438\u0442\u0435\u043b\u044f\u043c\u0438 \u043d\u0430 \u0442\u0435\u0440\u0440\u0438\u0442\u043e\u0440\u0438\u0438 \u0432\u0430\u0448\u0435\u0433\u043e \u0434\u043e\u043c\u0430. \u0421 \u043f\u043e\u043c\u043e\u0449\u044c\u044e \u043f\u0440\u043e\u0433\u0440\u0430\u043c\u043c\u044b \u0438\u043d\u0442\u0435\u0433\u0440\u0438\u0440\u043e\u0432\u0430\u043d\u043d\u043e\u0433\u043e \u043a\u043e\u043d\u0442\u0440\u043e\u043b\u044f \u0432\u0440\u0435\u0434\u0438\u0442\u0435\u043b\u0435\u0439 IKKVP, \u043c\u044b \u043f\u0440\u0435\u0434\u043b\u0430\u0433\u0430\u0435\u043c \u0432\u044b\u0441\u043e\u043a\u0443\u044e \u0441\u0442\u0435\u043f\u0435\u043d\u044c \u0437\u0430\u0449\u0438\u0442\u044b \u0434\u043b\u044f \u0432\u0430\u0448\u0435\u0439 \u0441\u0435\u043c\u044c\u0438 \u0438 \u0434\u043e\u043c\u0430\u0448\u043d\u0438\u0445 \u0436\u0438\u0432\u043e\u0442\u043d\u044b\u0445, \u0438\u0441\u043f\u043e\u043b\u044c\u0437\u0443\u044f \u043a\u0430\u0447\u0435\u0441\u0442\u0432\u0435\u043d\u043d\u044b\u0435 \u0441\u0440\u0435\u0434\u0441\u0442\u0432\u0430 \u0438 \u043e\u0441\u0443\u0449\u0435\u0441\u0442\u0432\u043b\u044f\u044f \u043d\u0430\u0434\u0437\u043e\u0440 \u0437\u0430 \u043d\u0430\u0441\u0435\u043a\u043e\u043c\u044b\u043c\u0438, \u0433\u0440\u044b\u0437\u0443\u043d\u0430\u043c\u0438, \u043f\u0442\u0438\u0446\u0430\u043c\u0438 \u0438 \u0434\u0440\u0443\u0433\u0438\u043c\u0438 \u0432\u0440\u0435\u0434\u0438\u0442\u0435\u043b\u044f\u043c\u0438. \u042d\u0442\u043e \u043f\u043e\u043d\u044f\u0442\u0438\u0435 \u0432\u043a\u043b\u044e\u0447\u0430\u0435\u0442 \u0432 \u0441\u0435\u0431\u044f \u043a\u043e\u043d\u0442\u0440\u043e\u043b\u044c \u0432\u0440\u0435\u0434\u0438\u0442\u0435\u043b\u0435\u0439, \u043a\u043e\u0442\u043e\u0440\u044b\u0439 \u0443\u0434\u0430\u0447\u043d\u043e [&hellip;]\" \/>\n<meta property=\"og:url\" content=\"https:\/\/dezinfa.lv\/ru\/\u0431\u0438\u0431\u043b\u0438\u043e\u0442\u0435\u043a\u0430\/\" \/>\n<meta property=\"og:site_name\" content=\"Dezinfa\" \/>\n<meta property=\"article:modified_time\" content=\"2020-12-29T13:53:13+00:00\" \/>\n<meta property=\"og:image\" content=\"https:\/\/dezinfa.lv\/wp-content\/uploads\/2020\/12\/MG_9731-1-scaled.jpg\" \/>\n\t<meta property=\"og:image:width\" content=\"2560\" \/>\n\t<meta property=\"og:image:height\" content=\"1707\" \/>\n\t<meta property=\"og:image:type\" content=\"image\/jpeg\" \/>\n<meta name=\"twitter:card\" content=\"summary_large_image\" \/>\n<script type=\"application\/ld+json\" class=\"yoast-schema-graph\">{\"@context\":\"https:\/\/schema.org\",\"@graph\":[{\"@type\":\"WebPage\",\"@id\":\"https:\/\/dezinfa.lv\/ru\/%d0%b1%d0%b8%d0%b1%d0%bb%d0%b8%d0%be%d1%82%d0%b5%d0%ba%d0%b0\/\",\"url\":\"https:\/\/dezinfa.lv\/ru\/%d0%b1%d0%b8%d0%b1%d0%bb%d0%b8%d0%be%d1%82%d0%b5%d0%ba%d0%b0\/\",\"name\":\"\u0411\u0438\u0431\u043b\u0438\u043e\u0442\u0435\u043a\u0430 &#8211; Dezinfa\",\"isPartOf\":{\"@id\":\"https:\/\/dezinfa.lv\/#website\"},\"primaryImageOfPage\":{\"@id\":\"https:\/\/dezinfa.lv\/ru\/%d0%b1%d0%b8%d0%b1%d0%bb%d0%b8%d0%be%d1%82%d0%b5%d0%ba%d0%b0\/#primaryimage\"},\"image\":{\"@id\":\"https:\/\/dezinfa.lv\/ru\/%d0%b1%d0%b8%d0%b1%d0%bb%d0%b8%d0%be%d1%82%d0%b5%d0%ba%d0%b0\/#primaryimage\"},\"thumbnailUrl\":\"https:\/\/dezinfa.lv\/wp-content\/uploads\/2020\/12\/MG_9731-1-scaled.jpg\",\"datePublished\":\"2020-12-21T08:39:24+00:00\",\"dateModified\":\"2020-12-29T13:53:13+00:00\",\"inLanguage\":\"ru-RU\",\"potentialAction\":[{\"@type\":\"ReadAction\",\"target\":[\"https:\/\/dezinfa.lv\/ru\/%d0%b1%d0%b8%d0%b1%d0%bb%d0%b8%d0%be%d1%82%d0%b5%d0%ba%d0%b0\/\"]}]},{\"@type\":\"ImageObject\",\"inLanguage\":\"ru-RU\",\"@id\":\"https:\/\/dezinfa.lv\/ru\/%d0%b1%d0%b8%d0%b1%d0%bb%d0%b8%d0%be%d1%82%d0%b5%d0%ba%d0%b0\/#primaryimage\",\"url\":\"https:\/\/dezinfa.lv\/wp-content\/uploads\/2020\/12\/MG_9731-1-scaled.jpg\",\"contentUrl\":\"https:\/\/dezinfa.lv\/wp-content\/uploads\/2020\/12\/MG_9731-1-scaled.jpg\",\"width\":2560,\"height\":1707},{\"@type\":\"WebSite\",\"@id\":\"https:\/\/dezinfa.lv\/#website\",\"url\":\"https:\/\/dezinfa.lv\/\",\"name\":\"Dezinfa\",\"description\":\"Kait\u0113k\u013cu kontrole s\u0101kas ar mums\",\"potentialAction\":[{\"@type\":\"SearchAction\",\"target\":{\"@type\":\"EntryPoint\",\"urlTemplate\":\"https:\/\/dezinfa.lv\/?s={search_term_string}\"},\"query-input\":\"required name=search_term_string\"}],\"inLanguage\":\"ru-RU\"}]}<\/script>\n<!-- \/ Yoast SEO plugin. -->","yoast_head_json":{"title":"\u0411\u0438\u0431\u043b\u0438\u043e\u0442\u0435\u043a\u0430 &#8211; Dezinfa","robots":{"index":"index","follow":"follow","max-snippet":"max-snippet:-1","max-image-preview":"max-image-preview:large","max-video-preview":"max-video-preview:-1"},"canonical":"https:\/\/dezinfa.lv\/ru\/\u0431\u0438\u0431\u043b\u0438\u043e\u0442\u0435\u043a\u0430\/","og_locale":"ru_RU","og_type":"article","og_title":"\u0411\u0438\u0431\u043b\u0438\u043e\u0442\u0435\u043a\u0430 &#8211; Dezinfa","og_description":"Dezinfa &#8212; \u044d\u0442\u043e \u0444\u0438\u0440\u043c\u0430, \u043a\u043e\u0442\u043e\u0440\u043e\u0439 \u043c\u043e\u0436\u043d\u043e \u0434\u043e\u0432\u0435\u0440\u0438\u0442\u044c \u043f\u0440\u043e\u0431\u043b\u0435\u043c\u044b, \u0441\u0432\u044f\u0437\u0430\u043d\u043d\u044b\u0435 \u0441 \u0432\u0440\u0435\u0434\u0438\u0442\u0435\u043b\u044f\u043c\u0438 \u043d\u0430 \u0442\u0435\u0440\u0440\u0438\u0442\u043e\u0440\u0438\u0438 \u0432\u0430\u0448\u0435\u0433\u043e \u0434\u043e\u043c\u0430. \u0421 \u043f\u043e\u043c\u043e\u0449\u044c\u044e \u043f\u0440\u043e\u0433\u0440\u0430\u043c\u043c\u044b \u0438\u043d\u0442\u0435\u0433\u0440\u0438\u0440\u043e\u0432\u0430\u043d\u043d\u043e\u0433\u043e \u043a\u043e\u043d\u0442\u0440\u043e\u043b\u044f \u0432\u0440\u0435\u0434\u0438\u0442\u0435\u043b\u0435\u0439 IKKVP, \u043c\u044b \u043f\u0440\u0435\u0434\u043b\u0430\u0433\u0430\u0435\u043c \u0432\u044b\u0441\u043e\u043a\u0443\u044e \u0441\u0442\u0435\u043f\u0435\u043d\u044c \u0437\u0430\u0449\u0438\u0442\u044b \u0434\u043b\u044f \u0432\u0430\u0448\u0435\u0439 \u0441\u0435\u043c\u044c\u0438 \u0438 \u0434\u043e\u043c\u0430\u0448\u043d\u0438\u0445 \u0436\u0438\u0432\u043e\u0442\u043d\u044b\u0445, \u0438\u0441\u043f\u043e\u043b\u044c\u0437\u0443\u044f \u043a\u0430\u0447\u0435\u0441\u0442\u0432\u0435\u043d\u043d\u044b\u0435 \u0441\u0440\u0435\u0434\u0441\u0442\u0432\u0430 \u0438 \u043e\u0441\u0443\u0449\u0435\u0441\u0442\u0432\u043b\u044f\u044f \u043d\u0430\u0434\u0437\u043e\u0440 \u0437\u0430 \u043d\u0430\u0441\u0435\u043a\u043e\u043c\u044b\u043c\u0438, \u0433\u0440\u044b\u0437\u0443\u043d\u0430\u043c\u0438, \u043f\u0442\u0438\u0446\u0430\u043c\u0438 \u0438 \u0434\u0440\u0443\u0433\u0438\u043c\u0438 \u0432\u0440\u0435\u0434\u0438\u0442\u0435\u043b\u044f\u043c\u0438. \u042d\u0442\u043e \u043f\u043e\u043d\u044f\u0442\u0438\u0435 \u0432\u043a\u043b\u044e\u0447\u0430\u0435\u0442 \u0432 \u0441\u0435\u0431\u044f \u043a\u043e\u043d\u0442\u0440\u043e\u043b\u044c \u0432\u0440\u0435\u0434\u0438\u0442\u0435\u043b\u0435\u0439, \u043a\u043e\u0442\u043e\u0440\u044b\u0439 \u0443\u0434\u0430\u0447\u043d\u043e [&hellip;]","og_url":"https:\/\/dezinfa.lv\/ru\/\u0431\u0438\u0431\u043b\u0438\u043e\u0442\u0435\u043a\u0430\/","og_site_name":"Dezinfa","article_modified_time":"2020-12-29T13:53:13+00:00","og_image":[{"width":2560,"height":1707,"url":"https:\/\/dezinfa.lv\/wp-content\/uploads\/2020\/12\/MG_9731-1-scaled.jpg","type":"image\/jpeg"}],"twitter_card":"summary_large_image","schema":{"@context":"https:\/\/schema.org","@graph":[{"@type":"WebPage","@id":"https:\/\/dezinfa.lv\/ru\/%d0%b1%d0%b8%d0%b1%d0%bb%d0%b8%d0%be%d1%82%d0%b5%d0%ba%d0%b0\/","url":"https:\/\/dezinfa.lv\/ru\/%d0%b1%d0%b8%d0%b1%d0%bb%d0%b8%d0%be%d1%82%d0%b5%d0%ba%d0%b0\/","name":"\u0411\u0438\u0431\u043b\u0438\u043e\u0442\u0435\u043a\u0430 &#8211; Dezinfa","isPartOf":{"@id":"https:\/\/dezinfa.lv\/#website"},"primaryImageOfPage":{"@id":"https:\/\/dezinfa.lv\/ru\/%d0%b1%d0%b8%d0%b1%d0%bb%d0%b8%d0%be%d1%82%d0%b5%d0%ba%d0%b0\/#primaryimage"},"image":{"@id":"https:\/\/dezinfa.lv\/ru\/%d0%b1%d0%b8%d0%b1%d0%bb%d0%b8%d0%be%d1%82%d0%b5%d0%ba%d0%b0\/#primaryimage"},"thumbnailUrl":"https:\/\/dezinfa.lv\/wp-content\/uploads\/2020\/12\/MG_9731-1-scaled.jpg","datePublished":"2020-12-21T08:39:24+00:00","dateModified":"2020-12-29T13:53:13+00:00","inLanguage":"ru-RU","potentialAction":[{"@type":"ReadAction","target":["https:\/\/dezinfa.lv\/ru\/%d0%b1%d0%b8%d0%b1%d0%bb%d0%b8%d0%be%d1%82%d0%b5%d0%ba%d0%b0\/"]}]},{"@type":"ImageObject","inLanguage":"ru-RU","@id":"https:\/\/dezinfa.lv\/ru\/%d0%b1%d0%b8%d0%b1%d0%bb%d0%b8%d0%be%d1%82%d0%b5%d0%ba%d0%b0\/#primaryimage","url":"https:\/\/dezinfa.lv\/wp-content\/uploads\/2020\/12\/MG_9731-1-scaled.jpg","contentUrl":"https:\/\/dezinfa.lv\/wp-content\/uploads\/2020\/12\/MG_9731-1-scaled.jpg","width":2560,"height":1707},{"@type":"WebSite","@id":"https:\/\/dezinfa.lv\/#website","url":"https:\/\/dezinfa.lv\/","name":"Dezinfa","description":"Kait\u0113k\u013cu kontrole s\u0101kas ar mums","potentialAction":[{"@type":"SearchAction","target":{"@type":"EntryPoint","urlTemplate":"https:\/\/dezinfa.lv\/?s={search_term_string}"},"query-input":"required name=search_term_string"}],"inLanguage":"ru-RU"}]}},"_links":{"self":[{"href":"https:\/\/dezinfa.lv\/ru\/wp-json\/wp\/v2\/pages\/1328"}],"collection":[{"href":"https:\/\/dezinfa.lv\/ru\/wp-json\/wp\/v2\/pages"}],"about":[{"href":"https:\/\/dezinfa.lv\/ru\/wp-json\/wp\/v2\/types\/page"}],"author":[{"embeddable":true,"href":"https:\/\/dezinfa.lv\/ru\/wp-json\/wp\/v2\/users\/3"}],"replies":[{"embeddable":true,"href":"https:\/\/dezinfa.lv\/ru\/wp-json\/wp\/v2\/comments?post=1328"}],"version-history":[{"count":2,"href":"https:\/\/dezinfa.lv\/ru\/wp-json\/wp\/v2\/pages\/1328\/revisions"}],"predecessor-version":[{"id":1330,"href":"https:\/\/dezinfa.lv\/ru\/wp-json\/wp\/v2\/pages\/1328\/revisions\/1330"}],"wp:featuredmedia":[{"embeddable":true,"href":"https:\/\/dezinfa.lv\/ru\/wp-json\/wp\/v2\/media\/700"}],"wp:attachment":[{"href":"https:\/\/dezinfa.lv\/ru\/wp-json\/wp\/v2\/media?parent=1328"}],"curies":[{"name":"wp","href":"https:\/\/api.w.org\/{rel}","templated":true}]}}